{"id":1253,"date":"2022-08-14T21:04:18","date_gmt":"2022-08-14T19:04:18","guid":{"rendered":"https:\/\/gyogylezer.hu\/dentlaser-training-courses\/"},"modified":"2025-02-25T16:38:41","modified_gmt":"2025-02-25T15:38:41","slug":"dentlaser-training-courses","status":"publish","type":"page","link":"https:\/\/gyogylezer.hu\/en\/dentlaser-training-courses\/","title":{"rendered":"DENTLASER training courses"},"content":{"rendered":"\t\t<div data-elementor-type=\"wp-page\" data-elementor-id=\"1253\" class=\"elementor elementor-1253 elementor-478\" data-elementor-post-type=\"page\">\n\t\t\t\t\t\t<section class=\" elementor-section elementor-top-section elementor-element elementor-element-5af636d elementor-section-boxed elementor-section-height-default elementor-section-height-default\" data-id=\"5af636d\" data-element_type=\"section\" data-e-type=\"section\" data-settings=\"{&quot;background_background&quot;:&quot;classic&quot;}\">\r\n\t\t\t\t\t\t\t<div class=\"elementor-background-overlay\"><\/div>\r\n\t\t\t\t\t\t\t\t\t<div class=\"elementor-container elementor-column-gap-default\">\r\n\t\t\t\t\r\n\t\t\t\t\t\t\t\t<div class=\" elementor-column elementor-col-100 elementor-top-column elementor-element elementor-element-ede6554 \" data-id=\"ede6554\" data-element_type=\"column\" data-e-type=\"column\">\r\n\r\n\t\t\t\t\r\n\t\t\t\t<div class=\"elementor-widget-wrap elementor-element-populated\">\r\n\t\t\t\t\t\t\t\t\t\t\r\n\t\t\t\t\t\t<div class=\"elementor-element elementor-element-ca107af elementor-widget elementor-widget-heading\" data-id=\"ca107af\" data-element_type=\"widget\" data-e-type=\"widget\" data-widget_type=\"heading.default\">\n\t\t\t\t<div class=\"elementor-widget-container\">\n\t\t\t\t\t<h1 class=\"elementor-heading-title elementor-size-default\">DENTLASER training courses<\/h1>\t\t\t\t<\/div>\n\t\t\t\t<\/div>\n\t\t\t\t\t\t<\/div>\r\n\t\t\t\t<\/div>\r\n\t\t\t\t\t\t\t\t<\/div>\r\n\t\t\t<\/section>\r\n\t\t\t\t\t<section class=\" elementor-section elementor-top-section elementor-element elementor-element-afae6db elementor-section-boxed elementor-section-height-default elementor-section-height-default\" data-id=\"afae6db\" data-element_type=\"section\" data-e-type=\"section\">\r\n\t\t\t\t\t\t\t\t<div class=\"elementor-container elementor-column-gap-default\">\r\n\t\t\t\t\r\n\t\t\t\t\t\t\t\t<div class=\" elementor-column elementor-col-100 elementor-top-column elementor-element elementor-element-42355c1 \" data-id=\"42355c1\" data-element_type=\"column\" data-e-type=\"column\">\r\n\r\n\t\t\t\t\r\n\t\t\t\t<div class=\"elementor-widget-wrap elementor-element-populated\">\r\n\t\t\t\t\t\t\t\t\t\t\r\n\t\t\t\t\t\t<div class=\"elementor-element elementor-element-2062ab9 elementor-widget elementor-widget-heading\" data-id=\"2062ab9\" data-element_type=\"widget\" data-e-type=\"widget\" data-widget_type=\"heading.default\">\n\t\t\t\t<div class=\"elementor-widget-container\">\n\t\t\t\t\t<h3 class=\"elementor-heading-title elementor-size-default\">DENTLASER - Soft laser in dentistry<\/h3>\t\t\t\t<\/div>\n\t\t\t\t<\/div>\n\t\t\t\t<div class=\"elementor-element elementor-element-038416c elementor-widget elementor-widget-text-editor\" data-id=\"038416c\" data-element_type=\"widget\" data-e-type=\"widget\" data-widget_type=\"text-editor.default\">\n\t\t\t\t<div class=\"elementor-widget-container\">\n\t\t\t\t\t\t\t\t\t<p>Soft laser therapy can be used with excellent results for problems and diseases in dentistry (oral surgery, caries, periodontology, oral diseases, diseases of the masticatory joint, etc.).<\/p>\n<p>Very rapid and spectacular results can be obtained with this short treatment, especially in the field of pain and inflammation reduction and wound healing.<\/p>\n\t\t\t\t\t\t\t\t<\/div>\n\t\t\t\t<\/div>\n\t\t\t\t\t\t<\/div>\r\n\t\t\t\t<\/div>\r\n\t\t\t\t\t\t\t\t<\/div>\r\n\t\t\t<\/section>\r\n\t\t\t\t\t<section class=\" elementor-section elementor-top-section elementor-element elementor-element-a668770 elementor-section-boxed elementor-section-height-default elementor-section-height-default\" data-id=\"a668770\" data-element_type=\"section\" data-e-type=\"section\">\r\n\t\t\t\t\t\t\t\t<div class=\"elementor-container elementor-column-gap-default\">\r\n\t\t\t\t\r\n\t\t\t\t\t\t\t\t<div class=\" elementor-column elementor-col-100 elementor-top-column elementor-element elementor-element-affd7a5 \" data-id=\"affd7a5\" data-element_type=\"column\" data-e-type=\"column\">\r\n\r\n\t\t\t\t\r\n\t\t\t\t<div class=\"elementor-widget-wrap elementor-element-populated\">\r\n\t\t\t\t\t\t\t\t\t\t\r\n\t\t\t\t\t\t<div class=\"elementor-element elementor-element-61d8b6d elementor-widget elementor-widget-heading\" data-id=\"61d8b6d\" data-element_type=\"widget\" data-e-type=\"widget\" data-widget_type=\"heading.default\">\n\t\t\t\t<div class=\"elementor-widget-container\">\n\t\t\t\t\t<h3 class=\"elementor-heading-title elementor-size-default\">ACCREDITED TRAINING COURSES<\/h3>\t\t\t\t<\/div>\n\t\t\t\t<\/div>\n\t\t\t\t<section class=\" elementor-section elementor-inner-section elementor-element elementor-element-d032d63 elementor-section-boxed elementor-section-height-default elementor-section-height-default\" data-id=\"d032d63\" data-element_type=\"section\" data-e-type=\"section\">\r\n\t\t\t\t\t\t\t\t<div class=\"elementor-container elementor-column-gap-default\">\r\n\t\t\t\t\r\n\t\t\t\t\t\t\t\t<div class=\" elementor-column elementor-col-100 elementor-inner-column elementor-element elementor-element-1d4aeb5 \" data-id=\"1d4aeb5\" data-element_type=\"column\" data-e-type=\"column\">\r\n\r\n\t\t\t\t\r\n\t\t\t\t<div class=\"elementor-widget-wrap elementor-element-populated\">\r\n\t\t\t\t\t\t\t\t\t\t\r\n\t\t\t\t\t\t<div class=\"elementor-element elementor-element-360a1ff elementor-widget elementor-widget-heading\" data-id=\"360a1ff\" data-element_type=\"widget\" data-e-type=\"widget\" data-widget_type=\"heading.default\">\n\t\t\t\t<div class=\"elementor-widget-container\">\n\t\t\t\t\t<h4 class=\"elementor-heading-title elementor-size-default\">Soft laser therapy and diode laser surgery in dental practice<\/h4>\t\t\t\t<\/div>\n\t\t\t\t<\/div>\n\t\t\t\t<div class=\"elementor-element elementor-element-b1e8353 elementor-widget elementor-widget-udesign_widget_table\" data-id=\"b1e8353\" data-element_type=\"widget\" data-e-type=\"widget\" data-widget_type=\"udesign_widget_table.default\">\r\n\t\t\t\t<div class=\"elementor-widget-container\">\n\t\t\t\t\t\r\n<div class=\"widget-table-wrapper\">\r\n\t<table class=\"widget-table\">\r\n\t\t<thead class=\"table-head\"><tr class=\"table-head-row\"><\/tr><\/thead>\r\n\t\t<tbody class=\"table-body\"><tr class=\"table-body-row elementor-repeater-item-5eb6c1c\"><td class=\"table-body-cell elementor-repeater-item-2c24cef\" ><div class=\"table-cell-inner\"><span class=\"table-body-cell-text\">Credit:<\/span><\/div><\/td><td class=\"table-body-cell elementor-repeater-item-13af9cc\" ><div class=\"table-cell-inner\"><span class=\"table-body-cell-text\">16<\/span><\/div><\/td><\/tr><tr class=\"table-body-row elementor-repeater-item-df01617\"><td class=\"table-body-cell elementor-repeater-item-871c5a6\" ><div class=\"table-cell-inner\"><span class=\"table-body-cell-text\">Location:<\/span><\/div><\/td><td class=\"table-body-cell elementor-repeater-item-8c41efa\" ><div class=\"table-cell-inner\"><span class=\"table-body-cell-text\">Budapest, under negotiation<\/span><\/div><\/td><\/tr><tr class=\"table-body-row elementor-repeater-item-09f7440\"><td class=\"table-body-cell elementor-repeater-item-8d2c101\" ><div class=\"table-cell-inner\"><span class=\"table-body-cell-text\">Date:<\/span><\/div><\/td><td class=\"table-body-cell elementor-repeater-item-6ae54fd\" ><div class=\"table-cell-inner\"><span class=\"table-body-cell-text\">5-6 April 2025.<\/span><\/div><\/td><\/tr><tr class=\"table-body-row elementor-repeater-item-2e66ae4\"><td class=\"table-body-cell elementor-repeater-item-61ba5ab\" ><div class=\"table-cell-inner\"><span class=\"table-body-cell-text\">Application deadline:<\/span><\/div><\/td><td class=\"table-body-cell elementor-repeater-item-0c22b93\" ><div class=\"table-cell-inner\"><span class=\"table-body-cell-text\">31 March 2025.<\/span><\/div><\/td><\/tr><tr class=\"table-body-row elementor-repeater-item-0fbf0de\"><td class=\"table-body-cell elementor-repeater-item-a1e8314\" ><div class=\"table-cell-inner\"><span class=\"table-body-cell-text\">The course fee:<\/span><\/div><\/td><td class=\"table-body-cell elementor-repeater-item-9bf8ba6\" ><div class=\"table-cell-inner\"><span class=\"table-body-cell-text\">gross 60,000 HUF<\/span><\/div><\/td><\/tr><tr class=\"table-body-row elementor-repeater-item-7755149\"><td class=\"table-body-cell elementor-repeater-item-09ab47c\" ><div class=\"table-cell-inner\"><span class=\"table-body-cell-text\">Recommended for:<\/span><\/div><\/td><td class=\"table-body-cell elementor-repeater-item-5a59524\" ><div class=\"table-cell-inner\"><span class=\"table-body-cell-text\">dentists, oral surgeons<\/span><\/div><\/td><\/tr><\/tbody>\r\n\t<\/table>\r\n<\/div>\r\n\t\t\t\t<\/div>\n\t\t\t\t<\/div>\n\t\t\t\t<div class=\"elementor-element elementor-element-8b47f81 elementor-widget elementor-widget-text-editor\" data-id=\"8b47f81\" data-element_type=\"widget\" data-e-type=\"widget\" data-widget_type=\"text-editor.default\">\n\t\t\t\t<div class=\"elementor-widget-container\">\n\t\t\t\t\t\t\t\t\t<p>To download the training program, <a href=\"https:\/\/gyogylezer.hu\/wp-content\/uploads\/2022\/08\/fogorvos-tanfolyam-program-2022-aprilis.pdf\" target=\"_blank\" rel=\"noopener\">please click here!<\/a><br \/>(The downloadable document will appear in a new window)<\/p>\n<p>You can register by clicking the button below or via the <a href=\"https:\/\/oftex.hu\/project_o\/actual_prg\/system\/launch.php?pg=.\/FRAME_main.php&amp;ugrp=2\" target=\"_blank\" rel=\"noopener\">OFTEX portal<\/a>.<\/p>\n\t\t\t\t\t\t\t\t<\/div>\n\t\t\t\t<\/div>\n\t\t\t\t<div class=\"elementor-element elementor-element-2b9afc2 elementor-hidden-tablet elementor-hidden-mobile elementor-widget elementor-widget-udesign_widget_button\" data-id=\"2b9afc2\" data-element_type=\"widget\" data-e-type=\"widget\" data-widget_type=\"udesign_widget_button.default\">\n\t\t\t\t<div class=\"elementor-widget-container\">\n\t\t\t\t\t<a class=\"btn btn-outline btn-md btn-rounded btn-primary\" href=\"https:\/\/docs.google.com\/forms\/d\/e\/1FAIpQLSdFCsUGuWA6fuWR6QBU8IHDDGG531KQ7lBQd5sHmJWdV_bE0Q\/viewform\" target=\"_blank\" ><span >Apply<\/span><\/a>\t\t\t\t<\/div>\n\t\t\t\t<\/div>\n\t\t\t\t\t\t<\/div>\r\n\t\t\t\t<\/div>\r\n\t\t\t\t\t\t\t\t<\/div>\r\n\t\t\t<\/section>\r\n\t\t\t\t\t<section class=\" elementor-section elementor-inner-section elementor-element elementor-element-1e8ca17 elementor-section-boxed elementor-section-height-default elementor-section-height-default\" data-id=\"1e8ca17\" data-element_type=\"section\" data-e-type=\"section\">\r\n\t\t\t\t\t\t\t\t<div class=\"elementor-container elementor-column-gap-default\">\r\n\t\t\t\t\r\n\t\t\t\t\t\t\t\t<div class=\" elementor-column elementor-col-100 elementor-inner-column elementor-element elementor-element-2e953e3 \" data-id=\"2e953e3\" data-element_type=\"column\" data-e-type=\"column\">\r\n\r\n\t\t\t\t\r\n\t\t\t\t<div class=\"elementor-widget-wrap elementor-element-populated\">\r\n\t\t\t\t\t\t\t\t\t\t\r\n\t\t\t\t\t\t<div class=\"elementor-element elementor-element-8e36ff7 elementor-widget elementor-widget-heading\" data-id=\"8e36ff7\" data-element_type=\"widget\" data-e-type=\"widget\" data-widget_type=\"heading.default\">\n\t\t\t\t<div class=\"elementor-widget-container\">\n\t\t\t\t\t<h4 class=\"elementor-heading-title elementor-size-default\">Soft laser therapy in dental practice<\/h4>\t\t\t\t<\/div>\n\t\t\t\t<\/div>\n\t\t\t\t<div class=\"elementor-element elementor-element-02a5814 elementor-widget elementor-widget-udesign_widget_table\" data-id=\"02a5814\" data-element_type=\"widget\" data-e-type=\"widget\" data-widget_type=\"udesign_widget_table.default\">\r\n\t\t\t\t<div class=\"elementor-widget-container\">\n\t\t\t\t\t\r\n<div class=\"widget-table-wrapper\">\r\n\t<table class=\"widget-table\">\r\n\t\t<thead class=\"table-head\"><tr class=\"table-head-row\"><\/tr><\/thead>\r\n\t\t<tbody class=\"table-body\"><tr class=\"table-body-row elementor-repeater-item-5eb6c1c\"><td class=\"table-body-cell elementor-repeater-item-2c24cef\" ><div class=\"table-cell-inner\"><span class=\"table-body-cell-text\">Credit:<\/span><\/div><\/td><td class=\"table-body-cell elementor-repeater-item-13af9cc\" ><div class=\"table-cell-inner\"><span class=\"table-body-cell-text\">8<\/span><\/div><\/td><\/tr><tr class=\"table-body-row elementor-repeater-item-df01617\"><td class=\"table-body-cell elementor-repeater-item-871c5a6\" ><div class=\"table-cell-inner\"><span class=\"table-body-cell-text\">Location:<\/span><\/div><\/td><td class=\"table-body-cell elementor-repeater-item-8c41efa\" ><div class=\"table-cell-inner\"><span class=\"table-body-cell-text\">Budapest, under negotiation<\/span><\/div><\/td><\/tr><tr class=\"table-body-row elementor-repeater-item-09f7440\"><td class=\"table-body-cell elementor-repeater-item-8d2c101\" ><div class=\"table-cell-inner\"><span class=\"table-body-cell-text\">Date:<\/span><\/div><\/td><td class=\"table-body-cell elementor-repeater-item-6ae54fd\" ><div class=\"table-cell-inner\"><span class=\"table-body-cell-text\">5-6. April 2025.<\/span><\/div><\/td><\/tr><tr class=\"table-body-row elementor-repeater-item-2e66ae4\"><td class=\"table-body-cell elementor-repeater-item-61ba5ab\" ><div class=\"table-cell-inner\"><span class=\"table-body-cell-text\">Application deadline:<\/span><\/div><\/td><td class=\"table-body-cell elementor-repeater-item-0c22b93\" ><div class=\"table-cell-inner\"><span class=\"table-body-cell-text\">31. March 2025.<\/span><\/div><\/td><\/tr><tr class=\"table-body-row elementor-repeater-item-0fbf0de\"><td class=\"table-body-cell elementor-repeater-item-a1e8314\" ><div class=\"table-cell-inner\"><span class=\"table-body-cell-text\">The course fee:<\/span><\/div><\/td><td class=\"table-body-cell elementor-repeater-item-9bf8ba6\" ><div class=\"table-cell-inner\"><span class=\"table-body-cell-text\">gross 60,000 HUF<\/span><\/div><\/td><\/tr><tr class=\"table-body-row elementor-repeater-item-7755149\"><td class=\"table-body-cell elementor-repeater-item-09ab47c\" ><div class=\"table-cell-inner\"><span class=\"table-body-cell-text\">Recommended for:<\/span><\/div><\/td><td class=\"table-body-cell elementor-repeater-item-5a59524\" ><div class=\"table-cell-inner\"><span class=\"table-body-cell-text\">dental hygienists, dental assistants<\/span><\/div><\/td><\/tr><\/tbody>\r\n\t<\/table>\r\n<\/div>\r\n\t\t\t\t<\/div>\n\t\t\t\t<\/div>\n\t\t\t\t<div class=\"elementor-element elementor-element-aa573c4 elementor-widget elementor-widget-text-editor\" data-id=\"aa573c4\" data-element_type=\"widget\" data-e-type=\"widget\" data-widget_type=\"text-editor.default\">\n\t\t\t\t<div class=\"elementor-widget-container\">\n\t\t\t\t\t\t\t\t\t<p>To download the training program, please <a href=\"https:\/\/gyogylezer.hu\/wp-content\/uploads\/2022\/08\/fogorvos-tanfolyam-program-2022-aprilis.pdf\" target=\"_blank\" rel=\"noopener\">click here!<\/a><br \/>(The downloadable document will appear in a new window)<\/p>\n<p>You can register by clicking on the button below.<\/p>\n\t\t\t\t\t\t\t\t<\/div>\n\t\t\t\t<\/div>\n\t\t\t\t<div class=\"elementor-element elementor-element-ad4ecc0 elementor-hidden-tablet elementor-hidden-mobile elementor-widget elementor-widget-udesign_widget_button\" data-id=\"ad4ecc0\" data-element_type=\"widget\" data-e-type=\"widget\" data-widget_type=\"udesign_widget_button.default\">\n\t\t\t\t<div class=\"elementor-widget-container\">\n\t\t\t\t\t<a class=\"btn btn-outline btn-md btn-rounded btn-primary\" href=\"https:\/\/docs.google.com\/forms\/d\/e\/1FAIpQLSdFCsUGuWA6fuWR6QBU8IHDDGG531KQ7lBQd5sHmJWdV_bE0Q\/viewform\" target=\"_blank\" ><span >Apply<\/span><\/a>\t\t\t\t<\/div>\n\t\t\t\t<\/div>\n\t\t\t\t\t\t<\/div>\r\n\t\t\t\t<\/div>\r\n\t\t\t\t\t\t\t\t<\/div>\r\n\t\t\t<\/section>\r\n\t\t\t\t\t\t\t<\/div>\r\n\t\t\t\t<\/div>\r\n\t\t\t\t\t\t\t\t<\/div>\r\n\t\t\t<\/section>\r\n\t\t\t\t\t<\/div>\n\t\t","protected":false},"excerpt":{"rendered":"<p>DENTLASER &#8211; Soft laser in dentistry Soft laser therapy can be used with excellent results for problems and diseases in dentistry (oral surgery, caries, periodontology, oral diseases, diseases of the masticatory joint, etc.). Very rapid and spectacular results can be obtained with this short treatment, especially in the field of pain and inflammation reduction and [&hellip;]<\/p>\n","protected":false},"author":1,"featured_media":0,"parent":0,"menu_order":0,"comment_status":"closed","ping_status":"closed","template":"elementor_header_footer","meta":{"_acf_changed":false,"footnotes":""},"class_list":["post-1253","page","type-page","status-publish","hentry"],"acf":[],"yoast_head":"<!-- This site is optimized with the Yoast SEO Premium plugin v27.3 (Yoast SEO v27.3) - https:\/\/yoast.com\/product\/yoast-seo-premium-wordpress\/ -->\n<title>DENTLASER training courses - Gy\u00f3gyl\u00e9zer Csal\u00e1d - Optikop gy\u00f3gyl\u00e9zer<\/title>\n<meta name=\"robots\" content=\"index, follow, max-snippet:-1, max-image-preview:large, max-video-preview:-1\" \/>\n<link rel=\"canonical\" href=\"https:\/\/gyogylezer.hu\/en\/dentlaser-training-courses\/\" \/>\n<meta property=\"og:locale\" content=\"en_US\" \/>\n<meta property=\"og:type\" content=\"article\" \/>\n<meta property=\"og:title\" content=\"DENTLASER training courses\" \/>\n<meta property=\"og:description\" content=\"DENTLASER &#8211; Soft laser in dentistry Soft laser therapy can be used with excellent results for problems and diseases in dentistry (oral surgery, caries, periodontology, oral diseases, diseases of the masticatory joint, etc.). Very rapid and spectacular results can be obtained with this short treatment, especially in the field of pain and inflammation reduction and [&hellip;]\" \/>\n<meta property=\"og:url\" content=\"https:\/\/gyogylezer.hu\/en\/dentlaser-training-courses\/\" \/>\n<meta property=\"og:site_name\" content=\"Gy\u00f3gyl\u00e9zer Csal\u00e1d - Optikop gy\u00f3gyl\u00e9zer\" \/>\n<meta property=\"article:publisher\" content=\"https:\/\/www.facebook.com\/Gyogylezer\" \/>\n<meta property=\"article:modified_time\" content=\"2025-02-25T15:38:41+00:00\" \/>\n<meta name=\"twitter:card\" content=\"summary_large_image\" \/>\n<meta name=\"twitter:label1\" content=\"Est. reading time\" \/>\n\t<meta name=\"twitter:data1\" content=\"1 minute\" \/>\n<script type=\"application\/ld+json\" class=\"yoast-schema-graph\">{\"@context\":\"https:\\\/\\\/schema.org\",\"@graph\":[{\"@type\":\"WebPage\",\"@id\":\"https:\\\/\\\/gyogylezer.hu\\\/en\\\/dentlaser-training-courses\\\/\",\"url\":\"https:\\\/\\\/gyogylezer.hu\\\/en\\\/dentlaser-training-courses\\\/\",\"name\":\"DENTLASER training courses - Gy\u00f3gyl\u00e9zer Csal\u00e1d - Optikop gy\u00f3gyl\u00e9zer\",\"isPartOf\":{\"@id\":\"https:\\\/\\\/gyogylezer.hu\\\/#website\"},\"datePublished\":\"2022-08-14T19:04:18+00:00\",\"dateModified\":\"2025-02-25T15:38:41+00:00\",\"breadcrumb\":{\"@id\":\"https:\\\/\\\/gyogylezer.hu\\\/en\\\/dentlaser-training-courses\\\/#breadcrumb\"},\"inLanguage\":\"en-US\",\"potentialAction\":[{\"@type\":\"ReadAction\",\"target\":[\"https:\\\/\\\/gyogylezer.hu\\\/en\\\/dentlaser-training-courses\\\/\"]}]},{\"@type\":\"BreadcrumbList\",\"@id\":\"https:\\\/\\\/gyogylezer.hu\\\/en\\\/dentlaser-training-courses\\\/#breadcrumb\",\"itemListElement\":[{\"@type\":\"ListItem\",\"position\":1,\"name\":\"Home\",\"item\":\"https:\\\/\\\/gyogylezer.hu\\\/en\\\/\"},{\"@type\":\"ListItem\",\"position\":2,\"name\":\"DENTLASER training courses\"}]},{\"@type\":\"WebSite\",\"@id\":\"https:\\\/\\\/gyogylezer.hu\\\/#website\",\"url\":\"https:\\\/\\\/gyogylezer.hu\\\/\",\"name\":\"Gy\u00f3gyl\u00e9zer Csal\u00e1d - Optikop gy\u00f3gyl\u00e9zerek\",\"description\":\"L\u00e1gyl\u00e9zer a f\u00e1jdalommentes gy\u00f3gyul\u00e1s\u00e9rt\",\"publisher\":{\"@id\":\"https:\\\/\\\/gyogylezer.hu\\\/#organization\"},\"potentialAction\":[{\"@type\":\"SearchAction\",\"target\":{\"@type\":\"EntryPoint\",\"urlTemplate\":\"https:\\\/\\\/gyogylezer.hu\\\/?s={search_term_string}\"},\"query-input\":{\"@type\":\"PropertyValueSpecification\",\"valueRequired\":true,\"valueName\":\"search_term_string\"}}],\"inLanguage\":\"en-US\"},{\"@type\":\"Organization\",\"@id\":\"https:\\\/\\\/gyogylezer.hu\\\/#organization\",\"name\":\"Gy\u00f3gyl\u00e9zer Csal\u00e1d Kft.\",\"url\":\"https:\\\/\\\/gyogylezer.hu\\\/\",\"logo\":{\"@type\":\"ImageObject\",\"inLanguage\":\"en-US\",\"@id\":\"https:\\\/\\\/gyogylezer.hu\\\/#\\\/schema\\\/logo\\\/image\\\/\",\"url\":\"https:\\\/\\\/gyogylezer.hu\\\/wp-content\\\/uploads\\\/2022\\\/06\\\/optikop-logo-hu.png\",\"contentUrl\":\"https:\\\/\\\/gyogylezer.hu\\\/wp-content\\\/uploads\\\/2022\\\/06\\\/optikop-logo-hu.png\",\"width\":400,\"height\":127,\"caption\":\"Gy\u00f3gyl\u00e9zer Csal\u00e1d Kft.\"},\"image\":{\"@id\":\"https:\\\/\\\/gyogylezer.hu\\\/#\\\/schema\\\/logo\\\/image\\\/\"},\"sameAs\":[\"https:\\\/\\\/www.facebook.com\\\/Gyogylezer\",\"https:\\\/\\\/www.youtube.com\\\/channel\\\/UCuRZ8IpdGjhPiy5ZFBxiP8w\"]}]}<\/script>\n<!-- \/ Yoast SEO Premium plugin. -->","yoast_head_json":{"title":"DENTLASER training courses - Gy\u00f3gyl\u00e9zer Csal\u00e1d - Optikop gy\u00f3gyl\u00e9zer","robots":{"index":"index","follow":"follow","max-snippet":"max-snippet:-1","max-image-preview":"max-image-preview:large","max-video-preview":"max-video-preview:-1"},"canonical":"https:\/\/gyogylezer.hu\/en\/dentlaser-training-courses\/","og_locale":"en_US","og_type":"article","og_title":"DENTLASER training courses","og_description":"DENTLASER &#8211; Soft laser in dentistry Soft laser therapy can be used with excellent results for problems and diseases in dentistry (oral surgery, caries, periodontology, oral diseases, diseases of the masticatory joint, etc.). Very rapid and spectacular results can be obtained with this short treatment, especially in the field of pain and inflammation reduction and [&hellip;]","og_url":"https:\/\/gyogylezer.hu\/en\/dentlaser-training-courses\/","og_site_name":"Gy\u00f3gyl\u00e9zer Csal\u00e1d - Optikop gy\u00f3gyl\u00e9zer","article_publisher":"https:\/\/www.facebook.com\/Gyogylezer","article_modified_time":"2025-02-25T15:38:41+00:00","twitter_card":"summary_large_image","twitter_misc":{"Est. reading time":"1 minute"},"schema":{"@context":"https:\/\/schema.org","@graph":[{"@type":"WebPage","@id":"https:\/\/gyogylezer.hu\/en\/dentlaser-training-courses\/","url":"https:\/\/gyogylezer.hu\/en\/dentlaser-training-courses\/","name":"DENTLASER training courses - Gy\u00f3gyl\u00e9zer Csal\u00e1d - Optikop gy\u00f3gyl\u00e9zer","isPartOf":{"@id":"https:\/\/gyogylezer.hu\/#website"},"datePublished":"2022-08-14T19:04:18+00:00","dateModified":"2025-02-25T15:38:41+00:00","breadcrumb":{"@id":"https:\/\/gyogylezer.hu\/en\/dentlaser-training-courses\/#breadcrumb"},"inLanguage":"en-US","potentialAction":[{"@type":"ReadAction","target":["https:\/\/gyogylezer.hu\/en\/dentlaser-training-courses\/"]}]},{"@type":"BreadcrumbList","@id":"https:\/\/gyogylezer.hu\/en\/dentlaser-training-courses\/#breadcrumb","itemListElement":[{"@type":"ListItem","position":1,"name":"Home","item":"https:\/\/gyogylezer.hu\/en\/"},{"@type":"ListItem","position":2,"name":"DENTLASER training courses"}]},{"@type":"WebSite","@id":"https:\/\/gyogylezer.hu\/#website","url":"https:\/\/gyogylezer.hu\/","name":"Gy\u00f3gyl\u00e9zer Csal\u00e1d - Optikop gy\u00f3gyl\u00e9zerek","description":"L\u00e1gyl\u00e9zer a f\u00e1jdalommentes gy\u00f3gyul\u00e1s\u00e9rt","publisher":{"@id":"https:\/\/gyogylezer.hu\/#organization"},"potentialAction":[{"@type":"SearchAction","target":{"@type":"EntryPoint","urlTemplate":"https:\/\/gyogylezer.hu\/?s={search_term_string}"},"query-input":{"@type":"PropertyValueSpecification","valueRequired":true,"valueName":"search_term_string"}}],"inLanguage":"en-US"},{"@type":"Organization","@id":"https:\/\/gyogylezer.hu\/#organization","name":"Gy\u00f3gyl\u00e9zer Csal\u00e1d Kft.","url":"https:\/\/gyogylezer.hu\/","logo":{"@type":"ImageObject","inLanguage":"en-US","@id":"https:\/\/gyogylezer.hu\/#\/schema\/logo\/image\/","url":"https:\/\/gyogylezer.hu\/wp-content\/uploads\/2022\/06\/optikop-logo-hu.png","contentUrl":"https:\/\/gyogylezer.hu\/wp-content\/uploads\/2022\/06\/optikop-logo-hu.png","width":400,"height":127,"caption":"Gy\u00f3gyl\u00e9zer Csal\u00e1d Kft."},"image":{"@id":"https:\/\/gyogylezer.hu\/#\/schema\/logo\/image\/"},"sameAs":["https:\/\/www.facebook.com\/Gyogylezer","https:\/\/www.youtube.com\/channel\/UCuRZ8IpdGjhPiy5ZFBxiP8w"]}]}},"_links":{"self":[{"href":"https:\/\/gyogylezer.hu\/en\/wp-json\/wp\/v2\/pages\/1253","targetHints":{"allow":["GET"]}}],"collection":[{"href":"https:\/\/gyogylezer.hu\/en\/wp-json\/wp\/v2\/pages"}],"about":[{"href":"https:\/\/gyogylezer.hu\/en\/wp-json\/wp\/v2\/types\/page"}],"author":[{"embeddable":true,"href":"https:\/\/gyogylezer.hu\/en\/wp-json\/wp\/v2\/users\/1"}],"replies":[{"embeddable":true,"href":"https:\/\/gyogylezer.hu\/en\/wp-json\/wp\/v2\/comments?post=1253"}],"version-history":[{"count":3,"href":"https:\/\/gyogylezer.hu\/en\/wp-json\/wp\/v2\/pages\/1253\/revisions"}],"predecessor-version":[{"id":1426,"href":"https:\/\/gyogylezer.hu\/en\/wp-json\/wp\/v2\/pages\/1253\/revisions\/1426"}],"wp:attachment":[{"href":"https:\/\/gyogylezer.hu\/en\/wp-json\/wp\/v2\/media?parent=1253"}],"curies":[{"name":"wp","href":"https:\/\/api.w.org\/{rel}","templated":true}]}}