{"id":1256,"date":"2022-08-11T20:42:48","date_gmt":"2022-08-11T18:42:48","guid":{"rendered":"https:\/\/gyogylezer.hu\/medlaser-courses\/"},"modified":"2025-02-25T16:35:28","modified_gmt":"2025-02-25T15:35:28","slug":"medlaser-courses","status":"publish","type":"page","link":"https:\/\/gyogylezer.hu\/en\/medlaser-courses\/","title":{"rendered":"MEDLASER courses"},"content":{"rendered":"\t\t<div data-elementor-type=\"wp-page\" data-elementor-id=\"1256\" class=\"elementor elementor-1256 elementor-473\" data-elementor-post-type=\"page\">\n\t\t\t\t\t\t<section class=\" elementor-section elementor-top-section elementor-element elementor-element-5010ef3 elementor-section-boxed elementor-section-height-default elementor-section-height-default\" data-id=\"5010ef3\" data-element_type=\"section\" data-e-type=\"section\" data-settings=\"{&quot;background_background&quot;:&quot;classic&quot;}\">\r\n\t\t\t\t\t\t\t<div class=\"elementor-background-overlay\"><\/div>\r\n\t\t\t\t\t\t\t\t\t<div class=\"elementor-container elementor-column-gap-default\">\r\n\t\t\t\t\r\n\t\t\t\t\t\t\t\t<div class=\" elementor-column elementor-col-100 elementor-top-column elementor-element elementor-element-05ad416 \" data-id=\"05ad416\" data-element_type=\"column\" data-e-type=\"column\">\r\n\r\n\t\t\t\t\r\n\t\t\t\t<div class=\"elementor-widget-wrap elementor-element-populated\">\r\n\t\t\t\t\t\t\t\t\t\t\r\n\t\t\t\t\t\t<div class=\"elementor-element elementor-element-9edf399 elementor-widget elementor-widget-heading\" data-id=\"9edf399\" data-element_type=\"widget\" data-e-type=\"widget\" data-widget_type=\"heading.default\">\n\t\t\t\t<div class=\"elementor-widget-container\">\n\t\t\t\t\t<h1 class=\"elementor-heading-title elementor-size-default\">MEDLASER courses<\/h1>\t\t\t\t<\/div>\n\t\t\t\t<\/div>\n\t\t\t\t\t\t<\/div>\r\n\t\t\t\t<\/div>\r\n\t\t\t\t\t\t\t\t<\/div>\r\n\t\t\t<\/section>\r\n\t\t\t\t\t<section class=\" elementor-section elementor-top-section elementor-element elementor-element-2ed7abf elementor-section-boxed elementor-section-height-default elementor-section-height-default\" data-id=\"2ed7abf\" data-element_type=\"section\" data-e-type=\"section\">\r\n\t\t\t\t\t\t\t\t<div class=\"elementor-container elementor-column-gap-default\">\r\n\t\t\t\t\r\n\t\t\t\t\t\t\t\t<div class=\" elementor-column elementor-col-100 elementor-top-column elementor-element elementor-element-2d9fa68 \" data-id=\"2d9fa68\" data-element_type=\"column\" data-e-type=\"column\">\r\n\r\n\t\t\t\t\r\n\t\t\t\t<div class=\"elementor-widget-wrap elementor-element-populated\">\r\n\t\t\t\t\t\t\t\t\t\t\r\n\t\t\t\t\t\t<div class=\"elementor-element elementor-element-a961003 elementor-widget elementor-widget-heading\" data-id=\"a961003\" data-element_type=\"widget\" data-e-type=\"widget\" data-widget_type=\"heading.default\">\n\t\t\t\t<div class=\"elementor-widget-container\">\n\t\t\t\t\t<h3 class=\"elementor-heading-title elementor-size-default\">MEDLASER - Soft laser in healthcare<\/h3>\t\t\t\t<\/div>\n\t\t\t\t<\/div>\n\t\t\t\t<div class=\"elementor-element elementor-element-2b50398 elementor-widget elementor-widget-text-editor\" data-id=\"2b50398\" data-element_type=\"widget\" data-e-type=\"widget\" data-widget_type=\"text-editor.default\">\n\t\t\t\t<div class=\"elementor-widget-container\">\n\t\t\t\t\t\t\t\t\t<p>As a result of cellular processes and biological effects, wound healing is accelerated, if the laser light is correctly dosed, the scars resulting from the wound will be more beautiful (this property of the laser is exploited in cosmetology), the patient\u2019s pain will subside, spasms will disappear or ease, it will be easier to move the affected body part. Together, these not only speed up the healing process, but at the same time significantly improve the patient\u2019s well-being and quality of life. For all these reasons, the laser is a very useful additional therapeutic tool in the hands of a doctor.  <\/p>\n\t\t\t\t\t\t\t\t<\/div>\n\t\t\t\t<\/div>\n\t\t\t\t\t\t<\/div>\r\n\t\t\t\t<\/div>\r\n\t\t\t\t\t\t\t\t<\/div>\r\n\t\t\t<\/section>\r\n\t\t\t\t\t<section class=\" elementor-section elementor-top-section elementor-element elementor-element-567ff02 elementor-section-boxed elementor-section-height-default elementor-section-height-default\" data-id=\"567ff02\" data-element_type=\"section\" data-e-type=\"section\">\r\n\t\t\t\t\t\t\t\t<div class=\"elementor-container elementor-column-gap-default\">\r\n\t\t\t\t\r\n\t\t\t\t\t\t\t\t<div class=\" elementor-column elementor-col-100 elementor-top-column elementor-element elementor-element-7e520ee \" data-id=\"7e520ee\" data-element_type=\"column\" data-e-type=\"column\">\r\n\r\n\t\t\t\t\r\n\t\t\t\t<div class=\"elementor-widget-wrap elementor-element-populated\">\r\n\t\t\t\t\t\t\t\t\t\t\r\n\t\t\t\t\t\t<div class=\"elementor-element elementor-element-189ee21 elementor-widget elementor-widget-heading\" data-id=\"189ee21\" data-element_type=\"widget\" data-e-type=\"widget\" data-widget_type=\"heading.default\">\n\t\t\t\t<div class=\"elementor-widget-container\">\n\t\t\t\t\t<h3 class=\"elementor-heading-title elementor-size-default\">ACCREDITED TRAINING COURSES<\/h3>\t\t\t\t<\/div>\n\t\t\t\t<\/div>\n\t\t\t\t<section class=\" elementor-section elementor-inner-section elementor-element elementor-element-1ee1b4a elementor-section-boxed elementor-section-height-default elementor-section-height-default\" data-id=\"1ee1b4a\" data-element_type=\"section\" data-e-type=\"section\">\r\n\t\t\t\t\t\t\t\t<div class=\"elementor-container elementor-column-gap-default\">\r\n\t\t\t\t\r\n\t\t\t\t\t\t\t\t<div class=\" elementor-column elementor-col-100 elementor-inner-column elementor-element elementor-element-c767131 \" data-id=\"c767131\" data-element_type=\"column\" data-e-type=\"column\">\r\n\r\n\t\t\t\t\r\n\t\t\t\t<div class=\"elementor-widget-wrap elementor-element-populated\">\r\n\t\t\t\t\t\t\t\t\t\t\r\n\t\t\t\t\t\t<div class=\"elementor-element elementor-element-70a92ef elementor-widget elementor-widget-heading\" data-id=\"70a92ef\" data-element_type=\"widget\" data-e-type=\"widget\" data-widget_type=\"heading.default\">\n\t\t\t\t<div class=\"elementor-widget-container\">\n\t\t\t\t\t<h4 class=\"elementor-heading-title elementor-size-default\">Soft laser therapy in medical practice<\/h4>\t\t\t\t<\/div>\n\t\t\t\t<\/div>\n\t\t\t\t<div class=\"elementor-element elementor-element-cc481a9 elementor-widget elementor-widget-udesign_widget_table\" data-id=\"cc481a9\" data-element_type=\"widget\" data-e-type=\"widget\" data-widget_type=\"udesign_widget_table.default\">\r\n\t\t\t\t<div class=\"elementor-widget-container\">\n\t\t\t\t\t\r\n<div class=\"widget-table-wrapper\">\r\n\t<table class=\"widget-table\">\r\n\t\t<thead class=\"table-head\"><tr class=\"table-head-row\"><\/tr><\/thead>\r\n\t\t<tbody class=\"table-body\"><tr class=\"table-body-row elementor-repeater-item-5eb6c1c\"><td class=\"table-body-cell elementor-repeater-item-2c24cef\" ><div class=\"table-cell-inner\"><span class=\"table-body-cell-text\">Credit:<\/span><\/div><\/td><td class=\"table-body-cell elementor-repeater-item-13af9cc\" ><div class=\"table-cell-inner\"><span class=\"table-body-cell-text\">32<\/span><\/div><\/td><\/tr><tr class=\"table-body-row elementor-repeater-item-df01617\"><td class=\"table-body-cell elementor-repeater-item-871c5a6\" ><div class=\"table-cell-inner\"><span class=\"table-body-cell-text\">Location:<\/span><\/div><\/td><td class=\"table-body-cell elementor-repeater-item-8c41efa\" ><div class=\"table-cell-inner\"><span class=\"table-body-cell-text\">Budapest, under negotiation<\/span><\/div><\/td><\/tr><tr class=\"table-body-row elementor-repeater-item-09f7440\"><td class=\"table-body-cell elementor-repeater-item-8d2c101\" ><div class=\"table-cell-inner\"><span class=\"table-body-cell-text\">Date:<\/span><\/div><\/td><td class=\"table-body-cell elementor-repeater-item-6ae54fd\" ><div class=\"table-cell-inner\"><span class=\"table-body-cell-text\">5-6 April 2025.<\/span><\/div><\/td><\/tr><tr class=\"table-body-row elementor-repeater-item-2e66ae4\"><td class=\"table-body-cell elementor-repeater-item-61ba5ab\" ><div class=\"table-cell-inner\"><span class=\"table-body-cell-text\">Application deadline:<\/span><\/div><\/td><td class=\"table-body-cell elementor-repeater-item-0c22b93\" ><div class=\"table-cell-inner\"><span class=\"table-body-cell-text\">31 March 2025.<\/span><\/div><\/td><\/tr><tr class=\"table-body-row elementor-repeater-item-0fbf0de\"><td class=\"table-body-cell elementor-repeater-item-a1e8314\" ><div class=\"table-cell-inner\"><span class=\"table-body-cell-text\">The course fee:<\/span><\/div><\/td><td class=\"table-body-cell elementor-repeater-item-9bf8ba6\" ><div class=\"table-cell-inner\"><span class=\"table-body-cell-text\">gross 60,000 HUF<\/span><\/div><\/td><\/tr><tr class=\"table-body-row elementor-repeater-item-7755149\"><td class=\"table-body-cell elementor-repeater-item-09ab47c\" ><div class=\"table-cell-inner\"><span class=\"table-body-cell-text\">Recommended for:<\/span><\/div><\/td><td class=\"table-body-cell elementor-repeater-item-5a59524\" ><div class=\"table-cell-inner\"><span class=\"table-body-cell-text\">general practitioners, rheumatologists, physiotherapists, sports doctors<\/span><\/div><\/td><\/tr><\/tbody>\r\n\t<\/table>\r\n<\/div>\r\n\t\t\t\t<\/div>\n\t\t\t\t<\/div>\n\t\t\t\t<div class=\"elementor-element elementor-element-e50499d elementor-widget elementor-widget-text-editor\" data-id=\"e50499d\" data-element_type=\"widget\" data-e-type=\"widget\" data-widget_type=\"text-editor.default\">\n\t\t\t\t<div class=\"elementor-widget-container\">\n\t\t\t\t\t\t\t\t\t<p>To download the training program, <a href=\"https:\/\/gyogylezer.hu\/wp-content\/uploads\/2022\/08\/orvos_eu-szakdolg_tanfolyam-program-2022-aprilis.pdf\" target=\"_blank\" rel=\"noopener\">please click here!<\/a><br \/>(The downloadable document will appear in a new window)<\/p>\n<p>You can register by clicking the button below or via the <a href=\"https:\/\/oftex.hu\/project_o\/actual_prg\/system\/launch.php?pg=.\/FRAME_main.php&ugrp=2\" target=\"_blank\" rel=\"noopener\">OFTEX portal<\/a>.<\/p>\n\t\t\t\t\t\t\t\t<\/div>\n\t\t\t\t<\/div>\n\t\t\t\t<div class=\"elementor-element elementor-element-bdb4641 elementor-hidden-tablet elementor-hidden-mobile elementor-widget elementor-widget-udesign_widget_button\" data-id=\"bdb4641\" data-element_type=\"widget\" data-e-type=\"widget\" data-widget_type=\"udesign_widget_button.default\">\n\t\t\t\t<div class=\"elementor-widget-container\">\n\t\t\t\t\t<a class=\"btn btn-outline btn-md btn-rounded btn-primary\" href=\"https:\/\/docs.google.com\/forms\/d\/e\/1FAIpQLSdFCsUGuWA6fuWR6QBU8IHDDGG531KQ7lBQd5sHmJWdV_bE0Q\/viewform\" target=\"_blank\" ><span >Apply<\/span><\/a>\t\t\t\t<\/div>\n\t\t\t\t<\/div>\n\t\t\t\t\t\t<\/div>\r\n\t\t\t\t<\/div>\r\n\t\t\t\t\t\t\t\t<\/div>\r\n\t\t\t<\/section>\r\n\t\t\t\t\t<section class=\" elementor-section elementor-inner-section elementor-element elementor-element-afcc14c elementor-section-boxed elementor-section-height-default elementor-section-height-default\" data-id=\"afcc14c\" data-element_type=\"section\" data-e-type=\"section\">\r\n\t\t\t\t\t\t\t\t<div class=\"elementor-container elementor-column-gap-default\">\r\n\t\t\t\t\r\n\t\t\t\t\t\t\t\t<div class=\" elementor-column elementor-col-100 elementor-inner-column elementor-element elementor-element-8d3df70 \" data-id=\"8d3df70\" data-element_type=\"column\" data-e-type=\"column\">\r\n\r\n\t\t\t\t\r\n\t\t\t\t<div class=\"elementor-widget-wrap elementor-element-populated\">\r\n\t\t\t\t\t\t\t\t\t\t\r\n\t\t\t\t\t\t<div class=\"elementor-element elementor-element-52781ee elementor-widget elementor-widget-heading\" data-id=\"52781ee\" data-element_type=\"widget\" data-e-type=\"widget\" data-widget_type=\"heading.default\">\n\t\t\t\t<div class=\"elementor-widget-container\">\n\t\t\t\t\t<h4 class=\"elementor-heading-title elementor-size-default\">Soft laser therapy in healthcare practice<\/h4>\t\t\t\t<\/div>\n\t\t\t\t<\/div>\n\t\t\t\t<div class=\"elementor-element elementor-element-8fd198a elementor-widget elementor-widget-udesign_widget_table\" data-id=\"8fd198a\" data-element_type=\"widget\" data-e-type=\"widget\" data-widget_type=\"udesign_widget_table.default\">\r\n\t\t\t\t<div class=\"elementor-widget-container\">\n\t\t\t\t\t\r\n<div class=\"widget-table-wrapper\">\r\n\t<table class=\"widget-table\">\r\n\t\t<thead class=\"table-head\"><tr class=\"table-head-row\"><\/tr><\/thead>\r\n\t\t<tbody class=\"table-body\"><tr class=\"table-body-row elementor-repeater-item-5eb6c1c\"><td class=\"table-body-cell elementor-repeater-item-2c24cef\" ><div class=\"table-cell-inner\"><span class=\"table-body-cell-text\">Credit:<\/span><\/div><\/td><td class=\"table-body-cell elementor-repeater-item-13af9cc\" ><div class=\"table-cell-inner\"><span class=\"table-body-cell-text\">16<\/span><\/div><\/td><\/tr><tr class=\"table-body-row elementor-repeater-item-df01617\"><td class=\"table-body-cell elementor-repeater-item-871c5a6\" ><div class=\"table-cell-inner\"><span class=\"table-body-cell-text\">Location:<\/span><\/div><\/td><td class=\"table-body-cell elementor-repeater-item-8c41efa\" ><div class=\"table-cell-inner\"><span class=\"table-body-cell-text\">Budapest, under negotiation<\/span><\/div><\/td><\/tr><tr class=\"table-body-row elementor-repeater-item-09f7440\"><td class=\"table-body-cell elementor-repeater-item-8d2c101\" ><div class=\"table-cell-inner\"><span class=\"table-body-cell-text\">Date:<\/span><\/div><\/td><td class=\"table-body-cell elementor-repeater-item-6ae54fd\" ><div class=\"table-cell-inner\"><span class=\"table-body-cell-text\">5-6 April 2025.<\/span><\/div><\/td><\/tr><tr class=\"table-body-row elementor-repeater-item-2e66ae4\"><td class=\"table-body-cell elementor-repeater-item-61ba5ab\" ><div class=\"table-cell-inner\"><span class=\"table-body-cell-text\">Application deadline:<\/span><\/div><\/td><td class=\"table-body-cell elementor-repeater-item-0c22b93\" ><div class=\"table-cell-inner\"><span class=\"table-body-cell-text\">31 March 2025.<\/span><\/div><\/td><\/tr><tr class=\"table-body-row elementor-repeater-item-0fbf0de\"><td class=\"table-body-cell elementor-repeater-item-a1e8314\" ><div class=\"table-cell-inner\"><span class=\"table-body-cell-text\">The course fee:<\/span><\/div><\/td><td class=\"table-body-cell elementor-repeater-item-9bf8ba6\" ><div class=\"table-cell-inner\"><span class=\"table-body-cell-text\">gross 60,000 HUF<\/span><\/div><\/td><\/tr><tr class=\"table-body-row elementor-repeater-item-7755149\"><td class=\"table-body-cell elementor-repeater-item-09ab47c\" ><div class=\"table-cell-inner\"><span class=\"table-body-cell-text\">Recommended for:<\/span><\/div><\/td><td class=\"table-body-cell elementor-repeater-item-5a59524\" ><div class=\"table-cell-inner\"><span class=\"table-body-cell-text\">physiotherapists, physical therapy assistants, other professionals with secondary health education, masseurs, naturopaths<\/span><\/div><\/td><\/tr><\/tbody>\r\n\t<\/table>\r\n<\/div>\r\n\t\t\t\t<\/div>\n\t\t\t\t<\/div>\n\t\t\t\t<div class=\"elementor-element elementor-element-aaaf84e elementor-widget elementor-widget-text-editor\" data-id=\"aaaf84e\" data-element_type=\"widget\" data-e-type=\"widget\" data-widget_type=\"text-editor.default\">\n\t\t\t\t<div class=\"elementor-widget-container\">\n\t\t\t\t\t\t\t\t\t<p>To download the training program, <a href=\"https:\/\/gyogylezer.hu\/wp-content\/uploads\/2022\/08\/orvos_eu-szakdolg_tanfolyam-program-2022-aprilis.pdf\" target=\"_blank\" rel=\"noopener\">please click here!<\/a><br \/>(The downloadable document will appear in a new window)<\/p>\n<p>You can register by clicking on the button below.<\/p>\n\t\t\t\t\t\t\t\t<\/div>\n\t\t\t\t<\/div>\n\t\t\t\t<div class=\"elementor-element elementor-element-00f4ba4 elementor-hidden-tablet elementor-hidden-mobile elementor-widget elementor-widget-udesign_widget_button\" data-id=\"00f4ba4\" data-element_type=\"widget\" data-e-type=\"widget\" data-widget_type=\"udesign_widget_button.default\">\n\t\t\t\t<div class=\"elementor-widget-container\">\n\t\t\t\t\t<a class=\"btn btn-outline btn-md btn-rounded btn-primary\" href=\"https:\/\/docs.google.com\/forms\/d\/e\/1FAIpQLSdFCsUGuWA6fuWR6QBU8IHDDGG531KQ7lBQd5sHmJWdV_bE0Q\/viewform\" target=\"_blank\" ><span >Apply<\/span><\/a>\t\t\t\t<\/div>\n\t\t\t\t<\/div>\n\t\t\t\t\t\t<\/div>\r\n\t\t\t\t<\/div>\r\n\t\t\t\t\t\t\t\t<\/div>\r\n\t\t\t<\/section>\r\n\t\t\t\t\t\t\t<\/div>\r\n\t\t\t\t<\/div>\r\n\t\t\t\t\t\t\t\t<\/div>\r\n\t\t\t<\/section>\r\n\t\t\t\t\t<\/div>\n\t\t","protected":false},"excerpt":{"rendered":"<p>MEDLASER \u2013 Soft laser in healthcare As a result of cellular processes and biological effects, wound healing is accelerated, if the laser light is correctly dosed, the scars resulting from the wound will be more beautiful (this property of the laser is exploited in cosmetology), the patient\u2019s pain will subside, spasms will disappear or ease, [&hellip;]<\/p>\n","protected":false},"author":1,"featured_media":0,"parent":0,"menu_order":0,"comment_status":"closed","ping_status":"closed","template":"elementor_header_footer","meta":{"_acf_changed":false,"footnotes":""},"class_list":["post-1256","page","type-page","status-publish","hentry"],"acf":[],"yoast_head":"<!-- This site is optimized with the Yoast SEO Premium plugin v27.5 (Yoast SEO v27.5) - https:\/\/yoast.com\/product\/yoast-seo-premium-wordpress\/ -->\n<title>MEDLASER courses - Gy\u00f3gyl\u00e9zer Csal\u00e1d - Optikop gy\u00f3gyl\u00e9zer<\/title>\n<meta name=\"robots\" content=\"index, follow, max-snippet:-1, max-image-preview:large, max-video-preview:-1\" \/>\n<link rel=\"canonical\" href=\"https:\/\/gyogylezer.hu\/en\/medlaser-courses\/\" \/>\n<meta property=\"og:locale\" content=\"en_US\" \/>\n<meta property=\"og:type\" content=\"article\" \/>\n<meta property=\"og:title\" content=\"MEDLASER courses\" \/>\n<meta property=\"og:description\" content=\"MEDLASER \u2013 Soft laser in healthcare As a result of cellular processes and biological effects, wound healing is accelerated, if the laser light is correctly dosed, the scars resulting from the wound will be more beautiful (this property of the laser is exploited in cosmetology), the patient\u2019s pain will subside, spasms will disappear or ease, [&hellip;]\" \/>\n<meta property=\"og:url\" content=\"https:\/\/gyogylezer.hu\/en\/medlaser-courses\/\" \/>\n<meta property=\"og:site_name\" content=\"Gy\u00f3gyl\u00e9zer Csal\u00e1d - Optikop gy\u00f3gyl\u00e9zer\" \/>\n<meta property=\"article:publisher\" content=\"https:\/\/www.facebook.com\/Gyogylezer\" \/>\n<meta property=\"article:modified_time\" content=\"2025-02-25T15:35:28+00:00\" \/>\n<meta name=\"twitter:card\" content=\"summary_large_image\" \/>\n<meta name=\"twitter:label1\" content=\"Est. reading time\" \/>\n\t<meta name=\"twitter:data1\" content=\"2 minutes\" \/>\n<script type=\"application\/ld+json\" class=\"yoast-schema-graph\">{\"@context\":\"https:\\\/\\\/schema.org\",\"@graph\":[{\"@type\":\"WebPage\",\"@id\":\"https:\\\/\\\/gyogylezer.hu\\\/en\\\/medlaser-courses\\\/\",\"url\":\"https:\\\/\\\/gyogylezer.hu\\\/en\\\/medlaser-courses\\\/\",\"name\":\"MEDLASER courses - Gy\u00f3gyl\u00e9zer Csal\u00e1d - Optikop gy\u00f3gyl\u00e9zer\",\"isPartOf\":{\"@id\":\"https:\\\/\\\/gyogylezer.hu\\\/#website\"},\"datePublished\":\"2022-08-11T18:42:48+00:00\",\"dateModified\":\"2025-02-25T15:35:28+00:00\",\"breadcrumb\":{\"@id\":\"https:\\\/\\\/gyogylezer.hu\\\/en\\\/medlaser-courses\\\/#breadcrumb\"},\"inLanguage\":\"en-US\",\"potentialAction\":[{\"@type\":\"ReadAction\",\"target\":[\"https:\\\/\\\/gyogylezer.hu\\\/en\\\/medlaser-courses\\\/\"]}]},{\"@type\":\"BreadcrumbList\",\"@id\":\"https:\\\/\\\/gyogylezer.hu\\\/en\\\/medlaser-courses\\\/#breadcrumb\",\"itemListElement\":[{\"@type\":\"ListItem\",\"position\":1,\"name\":\"Home\",\"item\":\"https:\\\/\\\/gyogylezer.hu\\\/en\\\/\"},{\"@type\":\"ListItem\",\"position\":2,\"name\":\"MEDLASER courses\"}]},{\"@type\":\"WebSite\",\"@id\":\"https:\\\/\\\/gyogylezer.hu\\\/#website\",\"url\":\"https:\\\/\\\/gyogylezer.hu\\\/\",\"name\":\"Gy\u00f3gyl\u00e9zer Csal\u00e1d - Optikop gy\u00f3gyl\u00e9zerek\",\"description\":\"L\u00e1gyl\u00e9zer a f\u00e1jdalommentes gy\u00f3gyul\u00e1s\u00e9rt\",\"publisher\":{\"@id\":\"https:\\\/\\\/gyogylezer.hu\\\/#organization\"},\"potentialAction\":[{\"@type\":\"SearchAction\",\"target\":{\"@type\":\"EntryPoint\",\"urlTemplate\":\"https:\\\/\\\/gyogylezer.hu\\\/?s={search_term_string}\"},\"query-input\":{\"@type\":\"PropertyValueSpecification\",\"valueRequired\":true,\"valueName\":\"search_term_string\"}}],\"inLanguage\":\"en-US\"},{\"@type\":\"Organization\",\"@id\":\"https:\\\/\\\/gyogylezer.hu\\\/#organization\",\"name\":\"Gy\u00f3gyl\u00e9zer Csal\u00e1d Kft.\",\"url\":\"https:\\\/\\\/gyogylezer.hu\\\/\",\"logo\":{\"@type\":\"ImageObject\",\"inLanguage\":\"en-US\",\"@id\":\"https:\\\/\\\/gyogylezer.hu\\\/#\\\/schema\\\/logo\\\/image\\\/\",\"url\":\"https:\\\/\\\/gyogylezer.hu\\\/wp-content\\\/uploads\\\/2022\\\/06\\\/optikop-logo-hu.png\",\"contentUrl\":\"https:\\\/\\\/gyogylezer.hu\\\/wp-content\\\/uploads\\\/2022\\\/06\\\/optikop-logo-hu.png\",\"width\":400,\"height\":127,\"caption\":\"Gy\u00f3gyl\u00e9zer Csal\u00e1d Kft.\"},\"image\":{\"@id\":\"https:\\\/\\\/gyogylezer.hu\\\/#\\\/schema\\\/logo\\\/image\\\/\"},\"sameAs\":[\"https:\\\/\\\/www.facebook.com\\\/Gyogylezer\",\"https:\\\/\\\/www.youtube.com\\\/channel\\\/UCuRZ8IpdGjhPiy5ZFBxiP8w\"]}]}<\/script>\n<!-- \/ Yoast SEO Premium plugin. -->","yoast_head_json":{"title":"MEDLASER courses - Gy\u00f3gyl\u00e9zer Csal\u00e1d - Optikop gy\u00f3gyl\u00e9zer","robots":{"index":"index","follow":"follow","max-snippet":"max-snippet:-1","max-image-preview":"max-image-preview:large","max-video-preview":"max-video-preview:-1"},"canonical":"https:\/\/gyogylezer.hu\/en\/medlaser-courses\/","og_locale":"en_US","og_type":"article","og_title":"MEDLASER courses","og_description":"MEDLASER \u2013 Soft laser in healthcare As a result of cellular processes and biological effects, wound healing is accelerated, if the laser light is correctly dosed, the scars resulting from the wound will be more beautiful (this property of the laser is exploited in cosmetology), the patient\u2019s pain will subside, spasms will disappear or ease, [&hellip;]","og_url":"https:\/\/gyogylezer.hu\/en\/medlaser-courses\/","og_site_name":"Gy\u00f3gyl\u00e9zer Csal\u00e1d - Optikop gy\u00f3gyl\u00e9zer","article_publisher":"https:\/\/www.facebook.com\/Gyogylezer","article_modified_time":"2025-02-25T15:35:28+00:00","twitter_card":"summary_large_image","twitter_misc":{"Est. reading time":"2 minutes"},"schema":{"@context":"https:\/\/schema.org","@graph":[{"@type":"WebPage","@id":"https:\/\/gyogylezer.hu\/en\/medlaser-courses\/","url":"https:\/\/gyogylezer.hu\/en\/medlaser-courses\/","name":"MEDLASER courses - Gy\u00f3gyl\u00e9zer Csal\u00e1d - Optikop gy\u00f3gyl\u00e9zer","isPartOf":{"@id":"https:\/\/gyogylezer.hu\/#website"},"datePublished":"2022-08-11T18:42:48+00:00","dateModified":"2025-02-25T15:35:28+00:00","breadcrumb":{"@id":"https:\/\/gyogylezer.hu\/en\/medlaser-courses\/#breadcrumb"},"inLanguage":"en-US","potentialAction":[{"@type":"ReadAction","target":["https:\/\/gyogylezer.hu\/en\/medlaser-courses\/"]}]},{"@type":"BreadcrumbList","@id":"https:\/\/gyogylezer.hu\/en\/medlaser-courses\/#breadcrumb","itemListElement":[{"@type":"ListItem","position":1,"name":"Home","item":"https:\/\/gyogylezer.hu\/en\/"},{"@type":"ListItem","position":2,"name":"MEDLASER courses"}]},{"@type":"WebSite","@id":"https:\/\/gyogylezer.hu\/#website","url":"https:\/\/gyogylezer.hu\/","name":"Gy\u00f3gyl\u00e9zer Csal\u00e1d - Optikop gy\u00f3gyl\u00e9zerek","description":"L\u00e1gyl\u00e9zer a f\u00e1jdalommentes gy\u00f3gyul\u00e1s\u00e9rt","publisher":{"@id":"https:\/\/gyogylezer.hu\/#organization"},"potentialAction":[{"@type":"SearchAction","target":{"@type":"EntryPoint","urlTemplate":"https:\/\/gyogylezer.hu\/?s={search_term_string}"},"query-input":{"@type":"PropertyValueSpecification","valueRequired":true,"valueName":"search_term_string"}}],"inLanguage":"en-US"},{"@type":"Organization","@id":"https:\/\/gyogylezer.hu\/#organization","name":"Gy\u00f3gyl\u00e9zer Csal\u00e1d Kft.","url":"https:\/\/gyogylezer.hu\/","logo":{"@type":"ImageObject","inLanguage":"en-US","@id":"https:\/\/gyogylezer.hu\/#\/schema\/logo\/image\/","url":"https:\/\/gyogylezer.hu\/wp-content\/uploads\/2022\/06\/optikop-logo-hu.png","contentUrl":"https:\/\/gyogylezer.hu\/wp-content\/uploads\/2022\/06\/optikop-logo-hu.png","width":400,"height":127,"caption":"Gy\u00f3gyl\u00e9zer Csal\u00e1d Kft."},"image":{"@id":"https:\/\/gyogylezer.hu\/#\/schema\/logo\/image\/"},"sameAs":["https:\/\/www.facebook.com\/Gyogylezer","https:\/\/www.youtube.com\/channel\/UCuRZ8IpdGjhPiy5ZFBxiP8w"]}]}},"_links":{"self":[{"href":"https:\/\/gyogylezer.hu\/en\/wp-json\/wp\/v2\/pages\/1256","targetHints":{"allow":["GET"]}}],"collection":[{"href":"https:\/\/gyogylezer.hu\/en\/wp-json\/wp\/v2\/pages"}],"about":[{"href":"https:\/\/gyogylezer.hu\/en\/wp-json\/wp\/v2\/types\/page"}],"author":[{"embeddable":true,"href":"https:\/\/gyogylezer.hu\/en\/wp-json\/wp\/v2\/users\/1"}],"replies":[{"embeddable":true,"href":"https:\/\/gyogylezer.hu\/en\/wp-json\/wp\/v2\/comments?post=1256"}],"version-history":[{"count":6,"href":"https:\/\/gyogylezer.hu\/en\/wp-json\/wp\/v2\/pages\/1256\/revisions"}],"predecessor-version":[{"id":1423,"href":"https:\/\/gyogylezer.hu\/en\/wp-json\/wp\/v2\/pages\/1256\/revisions\/1423"}],"wp:attachment":[{"href":"https:\/\/gyogylezer.hu\/en\/wp-json\/wp\/v2\/media?parent=1256"}],"curies":[{"name":"wp","href":"https:\/\/api.w.org\/{rel}","templated":true}]}}