{"id":1260,"date":"2022-08-10T21:24:35","date_gmt":"2022-08-10T19:24:35","guid":{"rendered":"https:\/\/gyogylezer.hu\/training-courses\/"},"modified":"2025-01-11T05:23:23","modified_gmt":"2025-01-11T04:23:23","slug":"training-courses","status":"publish","type":"page","link":"https:\/\/gyogylezer.hu\/en\/training-courses\/","title":{"rendered":"Training courses"},"content":{"rendered":"\t\t<div data-elementor-type=\"wp-page\" data-elementor-id=\"1260\" class=\"elementor elementor-1260 elementor-468\" data-elementor-post-type=\"page\">\n\t\t\t\t\t\t<section class=\" elementor-section elementor-top-section elementor-element elementor-element-f4c9d63 elementor-section-full_width elementor-section-height-default elementor-section-height-default\" data-id=\"f4c9d63\" data-element_type=\"section\" data-e-type=\"section\" data-settings=\"{&quot;background_background&quot;:&quot;classic&quot;}\">\r\n\t\t\t\t\t\t\t<div class=\"elementor-background-overlay\"><\/div>\r\n\t\t\t\t\t\t\t\t\t<div class=\"elementor-container elementor-column-gap-default\">\r\n\t\t\t\t\r\n\t\t\t\t\t\t\t\t<div class=\" elementor-column elementor-col-100 elementor-top-column elementor-element elementor-element-86ad07c \" data-id=\"86ad07c\" data-element_type=\"column\" data-e-type=\"column\">\r\n\r\n\t\t\t\t\r\n\t\t\t\t<div class=\"elementor-widget-wrap elementor-element-populated\">\r\n\t\t\t\t\t\t\t\t\t\t\r\n\t\t\t\t\t\t<div class=\"elementor-element elementor-element-c7c1316 elementor-widget elementor-widget-heading\" data-id=\"c7c1316\" data-element_type=\"widget\" data-e-type=\"widget\" data-widget_type=\"heading.default\">\n\t\t\t\t<div class=\"elementor-widget-container\">\n\t\t\t\t\t<h1 class=\"elementor-heading-title elementor-size-default\">Training courses<\/h1>\t\t\t\t<\/div>\n\t\t\t\t<\/div>\n\t\t\t\t\t\t<\/div>\r\n\t\t\t\t<\/div>\r\n\t\t\t\t\t\t\t\t<\/div>\r\n\t\t\t<\/section>\r\n\t\t\t\t\t<section class=\" elementor-section elementor-top-section elementor-element elementor-element-185f0fc elementor-section-boxed elementor-section-height-default elementor-section-height-default\" data-id=\"185f0fc\" data-element_type=\"section\" data-e-type=\"section\">\r\n\t\t\t\t\t\t\t\t<div class=\"elementor-container elementor-column-gap-default\">\r\n\t\t\t\t\r\n\t\t\t\t\t\t\t\t<div class=\" elementor-column elementor-col-100 elementor-top-column elementor-element elementor-element-0da5623 \" data-id=\"0da5623\" data-element_type=\"column\" data-e-type=\"column\">\r\n\r\n\t\t\t\t\r\n\t\t\t\t<div class=\"elementor-widget-wrap elementor-element-populated\">\r\n\t\t\t\t\t\t\t\t\t\t\r\n\t\t\t\t\t\t<div class=\"elementor-element elementor-element-8254678 elementor-widget elementor-widget-text-editor\" data-id=\"8254678\" data-element_type=\"widget\" data-e-type=\"widget\" data-widget_type=\"text-editor.default\">\n\t\t\t\t<div class=\"elementor-widget-container\">\n\t\t\t\t\t\t\t\t\t<p>The Medical Laser Family attaches great importance to providing its customers with the expertise necessary for effective treatment, together with the laser equipment.<\/p>\n\t\t\t\t\t\t\t\t<\/div>\n\t\t\t\t<\/div>\n\t\t\t\t<div class=\"elementor-element elementor-element-48b9e93 elementor-widget elementor-widget-heading\" data-id=\"48b9e93\" data-element_type=\"widget\" data-e-type=\"widget\" data-widget_type=\"heading.default\">\n\t\t\t\t<div class=\"elementor-widget-container\">\n\t\t\t\t\t<h3 class=\"elementor-heading-title elementor-size-default\">Why do we recommend taking our soft laser therapy course?<\/h3>\t\t\t\t<\/div>\n\t\t\t\t<\/div>\n\t\t\t\t<div class=\"elementor-element elementor-element-f818c75 elementor-widget elementor-widget-heading\" data-id=\"f818c75\" data-element_type=\"widget\" data-e-type=\"widget\" data-widget_type=\"heading.default\">\n\t\t\t\t<div class=\"elementor-widget-container\">\n\t\t\t\t\t<h5 class=\"elementor-heading-title elementor-size-default\">Because:<\/h5>\t\t\t\t<\/div>\n\t\t\t\t<\/div>\n\t\t\t\t<div class=\"elementor-element elementor-element-c9d54ff elementor-widget elementor-widget-text-editor\" data-id=\"c9d54ff\" data-element_type=\"widget\" data-e-type=\"widget\" data-widget_type=\"text-editor.default\">\n\t\t\t\t<div class=\"elementor-widget-container\">\n\t\t\t\t\t\t\t\t\t<ul>\n<li>we offer accredited courses,<\/li>\n<li>where, after completing the training courses given by excellent specialists who have been using soft laser therapy for many years,<\/li>\n<li>doctors receive 32 credits (rheumatology, physiotherapy, sports medicine practice)<\/li>\n<li>and dentists 16 credits (dento-alveolar surgery; dental and oral diseases; dentistry, without specialist qualifications).<\/li>\n<li>Our accredited training is also open to healthcare professionals, who receive 16 (healthcare professionals) and 8 (dental professionals) continuing education credits for completing our soft laser therapy course.<\/li>\n<\/ul>\n\t\t\t\t\t\t\t\t<\/div>\n\t\t\t\t<\/div>\n\t\t\t\t\t\t<\/div>\r\n\t\t\t\t<\/div>\r\n\t\t\t\t\t\t\t\t<\/div>\r\n\t\t\t<\/section>\r\n\t\t\t\t\t<section class=\" elementor-section elementor-top-section elementor-element elementor-element-15aa519 elementor-section-boxed elementor-section-height-default elementor-section-height-default\" data-id=\"15aa519\" data-element_type=\"section\" data-e-type=\"section\" data-settings=\"{&quot;background_background&quot;:&quot;classic&quot;}\">\r\n\t\t\t\t\t\t\t\t<div class=\"elementor-container elementor-column-gap-no\">\r\n\t\t\t\t\r\n\t\t\t\t\t\t\t\t<div class=\" elementor-column elementor-col-100 elementor-top-column elementor-element elementor-element-4628615 \" data-id=\"4628615\" data-element_type=\"column\" data-e-type=\"column\">\r\n\r\n\t\t\t\t\r\n\t\t\t\t<div class=\"elementor-widget-wrap elementor-element-populated\">\r\n\t\t\t\t\t\t\t\t\t\t\r\n\t\t\t\t\t\t<section class=\" elementor-section elementor-inner-section elementor-element elementor-element-88a6fe0 elementor-section-boxed elementor-section-height-default elementor-section-height-default\" data-id=\"88a6fe0\" data-element_type=\"section\" data-e-type=\"section\">\r\n\t\t\t\t\t\t\t\t<div class=\"elementor-container elementor-column-gap-no\">\r\n\t\t\t\t\r\n\t\t\t\t\t\t\t\t<div class=\" elementor-column elementor-col-33 elementor-inner-column elementor-element elementor-element-6b15ba5 \" data-id=\"6b15ba5\" data-element_type=\"column\" data-e-type=\"column\">\r\n\r\n\t\t\t\t\r\n\t\t\t\t<div class=\"elementor-widget-wrap elementor-element-populated\">\r\n\t\t\t\t\t\t\t\t\t\t\r\n\t\t\t\t\t\t<div class=\"elementor-element elementor-element-862e18c elementor-position-top elementor-widget elementor-widget-image-box\" data-id=\"862e18c\" data-element_type=\"widget\" data-e-type=\"widget\" data-widget_type=\"image-box.default\">\n\t\t\t\t<div class=\"elementor-widget-container\">\n\t\t\t\t\t<div class=\"elementor-image-box-wrapper\"><figure class=\"elementor-image-box-img\"><a href=\"https:\/\/gyogylezer.hu\/en\/medlaser-courses\/\" tabindex=\"-1\"><img fetchpriority=\"high\" decoding=\"async\" width=\"369\" height=\"277\" src=\"https:\/\/gyogylezer.hu\/wp-content\/uploads\/2023\/04\/home-page_kiskepek_1.jpg\" class=\"attachment-full size-full wp-image-587\" alt=\"\" \/><\/a><\/figure><div class=\"elementor-image-box-content\"><h4 class=\"elementor-image-box-title\"><a href=\"https:\/\/gyogylezer.hu\/en\/medlaser-courses\/\">General medicine<\/a><\/h4><\/div><\/div>\t\t\t\t<\/div>\n\t\t\t\t<\/div>\n\t\t\t\t\t\t<\/div>\r\n\t\t\t\t<\/div>\r\n\t\t\t\t\t\t\t\t\t<div class=\" elementor-column elementor-col-33 elementor-inner-column elementor-element elementor-element-51251b7 \" data-id=\"51251b7\" data-element_type=\"column\" data-e-type=\"column\">\r\n\r\n\t\t\t\t\r\n\t\t\t\t<div class=\"elementor-widget-wrap elementor-element-populated\">\r\n\t\t\t\t\t\t\t\t\t\t\r\n\t\t\t\t\t\t<div class=\"elementor-element elementor-element-2c83a1f elementor-position-top elementor-widget elementor-widget-image-box\" data-id=\"2c83a1f\" data-element_type=\"widget\" data-e-type=\"widget\" data-widget_type=\"image-box.default\">\n\t\t\t\t<div class=\"elementor-widget-container\">\n\t\t\t\t\t<div class=\"elementor-image-box-wrapper\"><figure class=\"elementor-image-box-img\"><a href=\"https:\/\/gyogylezer.hu\/en\/dentlaser-training-courses\/\" tabindex=\"-1\"><img decoding=\"async\" width=\"369\" height=\"277\" src=\"https:\/\/gyogylezer.hu\/wp-content\/uploads\/2023\/04\/home-page_kiskepek_2.jpg\" class=\"attachment-full size-full wp-image-586\" alt=\"\" \/><\/a><\/figure><div class=\"elementor-image-box-content\"><h4 class=\"elementor-image-box-title\"><a href=\"https:\/\/gyogylezer.hu\/en\/dentlaser-training-courses\/\">Dental treatments<\/a><\/h4><\/div><\/div>\t\t\t\t<\/div>\n\t\t\t\t<\/div>\n\t\t\t\t\t\t<\/div>\r\n\t\t\t\t<\/div>\r\n\t\t\t\t\t\t\t\t\t<div class=\" elementor-column elementor-col-33 elementor-inner-column elementor-element elementor-element-e177e33 \" data-id=\"e177e33\" data-element_type=\"column\" data-e-type=\"column\">\r\n\r\n\t\t\t\t\r\n\t\t\t\t<div class=\"elementor-widget-wrap elementor-element-populated\">\r\n\t\t\t\t\t\t\t\t\t\t\r\n\t\t\t\t\t\t<div class=\"elementor-element elementor-element-3a07b5e elementor-position-top elementor-widget elementor-widget-image-box\" data-id=\"3a07b5e\" data-element_type=\"widget\" data-e-type=\"widget\" data-widget_type=\"image-box.default\">\n\t\t\t\t<div class=\"elementor-widget-container\">\n\t\t\t\t\t<div class=\"elementor-image-box-wrapper\"><figure class=\"elementor-image-box-img\"><a href=\"https:\/\/gyogylezer.hu\/vetlaser-tanfolyamok\/\" tabindex=\"-1\"><img decoding=\"async\" width=\"369\" height=\"277\" src=\"https:\/\/gyogylezer.hu\/wp-content\/uploads\/2023\/04\/home-page_kiskepek_3.jpg\" class=\"attachment-full size-full wp-image-588\" alt=\"\" \/><\/a><\/figure><div class=\"elementor-image-box-content\"><h4 class=\"elementor-image-box-title\"><a href=\"https:\/\/gyogylezer.hu\/vetlaser-tanfolyamok\/\">Veterinary medicine<\/a><\/h4><\/div><\/div>\t\t\t\t<\/div>\n\t\t\t\t<\/div>\n\t\t\t\t\t\t<\/div>\r\n\t\t\t\t<\/div>\r\n\t\t\t\t\t\t\t\t<\/div>\r\n\t\t\t<\/section>\r\n\t\t\t\t\t\t\t<\/div>\r\n\t\t\t\t<\/div>\r\n\t\t\t\t\t\t\t\t<\/div>\r\n\t\t\t<\/section>\r\n\t\t\t\t\t<section class=\" elementor-section elementor-top-section elementor-element elementor-element-399ef2d elementor-section-boxed elementor-section-height-default elementor-section-height-default\" data-id=\"399ef2d\" data-element_type=\"section\" data-e-type=\"section\">\r\n\t\t\t\t\t\t\t\t<div class=\"elementor-container elementor-column-gap-default\">\r\n\t\t\t\t\r\n\t\t\t\t\t\t\t\t<div class=\" elementor-column elementor-col-100 elementor-top-column elementor-element elementor-element-5365389 \" data-id=\"5365389\" data-element_type=\"column\" data-e-type=\"column\">\r\n\r\n\t\t\t\t\r\n\t\t\t\t<div class=\"elementor-widget-wrap\">\r\n\t\t\t\t\t\t\t\t\t\t\r\n\t\t\t\t\t\t\t\t<\/div>\r\n\t\t\t\t<\/div>\r\n\t\t\t\t\t\t\t\t<\/div>\r\n\t\t\t<\/section>\r\n\t\t\t\t\t<div class=\" elementor-section elementor-top-section elementor-element elementor-element-867c5e9 elementor-section-boxed elementor-section-height-default elementor-section-height-default\" data-id=\"867c5e9\" data-element_type=\"section\" data-e-type=\"section\" data-settings=\"{&quot;background_background&quot;:&quot;classic&quot;}\">\r\n\t\t\t\t\t\t\t\t<div class=\"elementor-container elementor-column-gap-no\">\r\n\t\t\t\t\r\n\t\t\t\t\t\t\t\t<div class=\" elementor-column elementor-col-100 elementor-top-column elementor-element elementor-element-64564af \" data-id=\"64564af\" data-element_type=\"column\" data-e-type=\"column\">\r\n\r\n\t\t\t\t\r\n\t\t\t\t<div class=\"elementor-widget-wrap elementor-element-populated\">\r\n\t\t\t\t\t\t\t\t\t\t\r\n\t\t\t\t\t\t<div class=\"elementor-element elementor-element-c6612c4 elementor-invisible elementor-widget elementor-widget-udesign_widget_heading\" data-id=\"c6612c4\" data-element_type=\"widget\" data-e-type=\"widget\" data-settings=\"{&quot;_animation&quot;:&quot;fadeInUpShorter&quot;}\" data-widget_type=\"udesign_widget_heading.default\">\n\t\t\t\t<div class=\"elementor-widget-container\">\n\t\t\t\t\t<div class=\"title-wrapper  title-center\"><h2 class=\"title elementor-heading-title\">They said about our further training<\/h2><\/div>\t\t\t\t<\/div>\n\t\t\t\t<\/div>\n\t\t\t\t<div class=\"elementor-element elementor-element-aa821c1 elementor-invisible elementor-widget elementor-widget-udesign_widget_testimonial_group\" data-id=\"aa821c1\" data-element_type=\"widget\" data-e-type=\"widget\" data-settings=\"{&quot;_animation&quot;:&quot;fadeInUpShorter&quot;,&quot;_animation_delay&quot;:800}\" data-widget_type=\"udesign_widget_testimonial_group.default\">\n\t\t\t\t<div class=\"elementor-widget-container\">\n\t\t\t\t\t<div  data-slider-options=\"{&quot;spaceBetween&quot;:30,&quot;loop&quot;:true,&quot;navigation&quot;:true,&quot;arrowIconPrev&quot;:&quot;&lt;i aria-hidden=\\&quot;true\\&quot; class=\\&quot;u-icon-long-arrow-left\\&quot;&gt;&lt;\\\/i&gt;&quot;,&quot;arrowIconNext&quot;:&quot;&lt;i aria-hidden=\\&quot;true\\&quot; class=\\&quot;u-icon-long-arrow-right\\&quot;&gt;&lt;\\\/i&gt;&quot;,&quot;effect&quot;:&quot;slide&quot;,&quot;slidesPerView&quot;:1,&quot;breakpoints&quot;:{&quot;2401&quot;:{&quot;slidesPerView&quot;:1},&quot;1440&quot;:{&quot;slidesPerView&quot;:1},&quot;1200&quot;:{&quot;slidesPerView&quot;:1},&quot;992&quot;:{&quot;slidesPerView&quot;:1},&quot;768&quot;:{&quot;slidesPerView&quot;:2},&quot;576&quot;:{&quot;slidesPerView&quot;:1},&quot;0&quot;:{&quot;slidesPerView&quot;:1}},&quot;statusClass&quot;:&quot;slider-nav-outer slider-dots-default slider-shadow slider-overflow-hidden&quot;}\" class=\"testimonial-group  row cols-lg-1 cols-md-2 cols-sm-1 cols-1 slider-wrapper\"><div class=\"widget-testimonial-wrap\"><blockquote class=\"testimonial testimonial-boxed \" data-rating=\"5\"><div class=\"avatar img-avatar\"><img loading=\"lazy\" decoding=\"async\" width=\"64\" height=\"52\" src=\"https:\/\/gyogylezer.hu\/wp-content\/uploads\/2022\/09\/quote.png\" class=\"attachment-full size-full wp-image-555\" alt=\"\" \/><\/div><div class=\"content\"><p class=\"comment\">\"Lectures, preparedness of speakers, family atmosphere, constant attention, learning about tools.\"\n\n<\/p><\/div><cite><span class=\"name\"><\/span><\/cite><\/blockquote><\/div><div class=\"widget-testimonial-wrap\"><blockquote class=\"testimonial testimonial-boxed \" data-rating=\"5\"><div class=\"avatar img-avatar\"><img loading=\"lazy\" decoding=\"async\" width=\"64\" height=\"52\" src=\"https:\/\/gyogylezer.hu\/wp-content\/uploads\/2022\/09\/quote.png\" class=\"attachment-full size-full wp-image-555\" alt=\"\" \/><\/div><div class=\"content\"><p class=\"comment\">\"Very demanding and practical. So I really liked it from both a theoretical and practical point of view!\" \n<\/p><\/div><cite><span class=\"name\"><\/span><\/cite><\/blockquote><\/div><div class=\"widget-testimonial-wrap\"><blockquote class=\"testimonial testimonial-boxed \" data-rating=\"5\"><div class=\"avatar img-avatar\"><img loading=\"lazy\" decoding=\"async\" width=\"64\" height=\"52\" src=\"https:\/\/gyogylezer.hu\/wp-content\/uploads\/2022\/09\/quote.png\" class=\"attachment-full size-full wp-image-555\" alt=\"\" \/><\/div><div class=\"content\"><p class=\"comment\">\"Authentic speakers, helpful, friendly atmosphere.\"\n\n<\/p><\/div><cite><span class=\"name\">Dr. Hajnalka Tavasz<\/span><\/cite><\/blockquote><\/div><div class=\"widget-testimonial-wrap\"><blockquote class=\"testimonial testimonial-boxed \" data-rating=\"5\"><div class=\"avatar img-avatar\"><img loading=\"lazy\" decoding=\"async\" width=\"64\" height=\"52\" src=\"https:\/\/gyogylezer.hu\/wp-content\/uploads\/2022\/09\/quote.png\" class=\"attachment-full size-full wp-image-555\" alt=\"\" \/><\/div><div class=\"content\"><p class=\"comment\">\"I liked everything. The precise organization, the preparedness of the speakers, and the maximum kindness of the organizers.\" \n\n\n<\/p><\/div><cite><span class=\"name\"><\/span><\/cite><\/blockquote><\/div><div class=\"widget-testimonial-wrap\"><blockquote class=\"testimonial testimonial-boxed \" data-rating=\"5\"><div class=\"avatar img-avatar\"><img loading=\"lazy\" decoding=\"async\" width=\"64\" height=\"52\" src=\"https:\/\/gyogylezer.hu\/wp-content\/uploads\/2022\/09\/quote.png\" class=\"attachment-full size-full wp-image-555\" alt=\"\" \/><\/div><div class=\"content\"><p class=\"comment\">\"I think they were well-structured, interesting lectures, both theoretically and practically.\"\n\n\n<\/p><\/div><cite><span class=\"name\">Mrs. Zsuzsanna Jenei<\/span><\/cite><\/blockquote><\/div><\/div>\t\t\t\t<\/div>\n\t\t\t\t<\/div>\n\t\t\t\t\t\t<\/div>\r\n\t\t\t\t<\/div>\r\n\t\t\t\t\t\t\t\t<\/div>\r\n\t\t\t<\/div>\r\n\t\t\t\t\t<\/div>\n\t\t","protected":false},"excerpt":{"rendered":"<p>The Medical Laser Family attaches great importance to providing its customers with the expertise necessary for effective treatment, together with the laser equipment. Why do we recommend taking our soft laser therapy course? Because: we offer accredited courses, where, after completing the training courses given by excellent specialists who have been using soft laser therapy [&hellip;]<\/p>\n","protected":false},"author":1,"featured_media":0,"parent":0,"menu_order":0,"comment_status":"closed","ping_status":"closed","template":"elementor_header_footer","meta":{"_acf_changed":false,"footnotes":""},"class_list":["post-1260","page","type-page","status-publish","hentry"],"acf":[],"yoast_head":"<!-- This site is optimized with the Yoast SEO Premium plugin v27.3 (Yoast SEO v27.3) - https:\/\/yoast.com\/product\/yoast-seo-premium-wordpress\/ -->\n<title>Training courses - Gy\u00f3gyl\u00e9zer Csal\u00e1d - Optikop gy\u00f3gyl\u00e9zer<\/title>\n<meta name=\"robots\" content=\"index, follow, max-snippet:-1, max-image-preview:large, max-video-preview:-1\" \/>\n<link rel=\"canonical\" href=\"https:\/\/gyogylezer.hu\/tanfolyamok\/\" \/>\n<meta property=\"og:locale\" content=\"en_US\" \/>\n<meta property=\"og:type\" content=\"article\" \/>\n<meta property=\"og:title\" content=\"Training courses\" \/>\n<meta property=\"og:description\" content=\"The Medical Laser Family attaches great importance to providing its customers with the expertise necessary for effective treatment, together with the laser equipment. Why do we recommend taking our soft laser therapy course? Because: we offer accredited courses, where, after completing the training courses given by excellent specialists who have been using soft laser therapy [&hellip;]\" \/>\n<meta property=\"og:url\" content=\"https:\/\/gyogylezer.hu\/tanfolyamok\/\" \/>\n<meta property=\"og:site_name\" content=\"Gy\u00f3gyl\u00e9zer Csal\u00e1d - Optikop gy\u00f3gyl\u00e9zer\" \/>\n<meta property=\"article:publisher\" content=\"https:\/\/www.facebook.com\/Gyogylezer\" \/>\n<meta property=\"article:modified_time\" content=\"2025-01-11T04:23:23+00:00\" \/>\n<meta property=\"og:image\" content=\"https:\/\/gyogylezer.hu\/wp-content\/uploads\/2023\/04\/home-page_kiskepek_1.jpg\" \/>\n<meta name=\"twitter:card\" content=\"summary_large_image\" \/>\n<meta name=\"twitter:label1\" content=\"Est. reading time\" \/>\n\t<meta name=\"twitter:data1\" content=\"1 minute\" \/>\n<script type=\"application\/ld+json\" class=\"yoast-schema-graph\">{\"@context\":\"https:\\\/\\\/schema.org\",\"@graph\":[{\"@type\":\"WebPage\",\"@id\":\"https:\\\/\\\/gyogylezer.hu\\\/tanfolyamok\\\/\",\"url\":\"https:\\\/\\\/gyogylezer.hu\\\/tanfolyamok\\\/\",\"name\":\"Training courses - Gy\u00f3gyl\u00e9zer Csal\u00e1d - Optikop gy\u00f3gyl\u00e9zer\",\"isPartOf\":{\"@id\":\"https:\\\/\\\/gyogylezer.hu\\\/#website\"},\"primaryImageOfPage\":{\"@id\":\"https:\\\/\\\/gyogylezer.hu\\\/tanfolyamok\\\/#primaryimage\"},\"image\":{\"@id\":\"https:\\\/\\\/gyogylezer.hu\\\/tanfolyamok\\\/#primaryimage\"},\"thumbnailUrl\":\"https:\\\/\\\/gyogylezer.hu\\\/wp-content\\\/uploads\\\/2023\\\/04\\\/home-page_kiskepek_1.jpg\",\"datePublished\":\"2022-08-10T19:24:35+00:00\",\"dateModified\":\"2025-01-11T04:23:23+00:00\",\"breadcrumb\":{\"@id\":\"https:\\\/\\\/gyogylezer.hu\\\/tanfolyamok\\\/#breadcrumb\"},\"inLanguage\":\"en-US\",\"potentialAction\":[{\"@type\":\"ReadAction\",\"target\":[\"https:\\\/\\\/gyogylezer.hu\\\/tanfolyamok\\\/\"]}]},{\"@type\":\"ImageObject\",\"inLanguage\":\"en-US\",\"@id\":\"https:\\\/\\\/gyogylezer.hu\\\/tanfolyamok\\\/#primaryimage\",\"url\":\"https:\\\/\\\/gyogylezer.hu\\\/wp-content\\\/uploads\\\/2023\\\/04\\\/home-page_kiskepek_1.jpg\",\"contentUrl\":\"https:\\\/\\\/gyogylezer.hu\\\/wp-content\\\/uploads\\\/2023\\\/04\\\/home-page_kiskepek_1.jpg\"},{\"@type\":\"BreadcrumbList\",\"@id\":\"https:\\\/\\\/gyogylezer.hu\\\/tanfolyamok\\\/#breadcrumb\",\"itemListElement\":[{\"@type\":\"ListItem\",\"position\":1,\"name\":\"Home\",\"item\":\"https:\\\/\\\/gyogylezer.hu\\\/en\\\/\"},{\"@type\":\"ListItem\",\"position\":2,\"name\":\"Training courses\"}]},{\"@type\":\"WebSite\",\"@id\":\"https:\\\/\\\/gyogylezer.hu\\\/#website\",\"url\":\"https:\\\/\\\/gyogylezer.hu\\\/\",\"name\":\"Gy\u00f3gyl\u00e9zer Csal\u00e1d - Optikop gy\u00f3gyl\u00e9zerek\",\"description\":\"L\u00e1gyl\u00e9zer a f\u00e1jdalommentes gy\u00f3gyul\u00e1s\u00e9rt\",\"publisher\":{\"@id\":\"https:\\\/\\\/gyogylezer.hu\\\/#organization\"},\"potentialAction\":[{\"@type\":\"SearchAction\",\"target\":{\"@type\":\"EntryPoint\",\"urlTemplate\":\"https:\\\/\\\/gyogylezer.hu\\\/?s={search_term_string}\"},\"query-input\":{\"@type\":\"PropertyValueSpecification\",\"valueRequired\":true,\"valueName\":\"search_term_string\"}}],\"inLanguage\":\"en-US\"},{\"@type\":\"Organization\",\"@id\":\"https:\\\/\\\/gyogylezer.hu\\\/#organization\",\"name\":\"Gy\u00f3gyl\u00e9zer Csal\u00e1d Kft.\",\"url\":\"https:\\\/\\\/gyogylezer.hu\\\/\",\"logo\":{\"@type\":\"ImageObject\",\"inLanguage\":\"en-US\",\"@id\":\"https:\\\/\\\/gyogylezer.hu\\\/#\\\/schema\\\/logo\\\/image\\\/\",\"url\":\"https:\\\/\\\/gyogylezer.hu\\\/wp-content\\\/uploads\\\/2022\\\/06\\\/optikop-logo-hu.png\",\"contentUrl\":\"https:\\\/\\\/gyogylezer.hu\\\/wp-content\\\/uploads\\\/2022\\\/06\\\/optikop-logo-hu.png\",\"width\":400,\"height\":127,\"caption\":\"Gy\u00f3gyl\u00e9zer Csal\u00e1d Kft.\"},\"image\":{\"@id\":\"https:\\\/\\\/gyogylezer.hu\\\/#\\\/schema\\\/logo\\\/image\\\/\"},\"sameAs\":[\"https:\\\/\\\/www.facebook.com\\\/Gyogylezer\",\"https:\\\/\\\/www.youtube.com\\\/channel\\\/UCuRZ8IpdGjhPiy5ZFBxiP8w\"]}]}<\/script>\n<!-- \/ Yoast SEO Premium plugin. -->","yoast_head_json":{"title":"Training courses - Gy\u00f3gyl\u00e9zer Csal\u00e1d - Optikop gy\u00f3gyl\u00e9zer","robots":{"index":"index","follow":"follow","max-snippet":"max-snippet:-1","max-image-preview":"max-image-preview:large","max-video-preview":"max-video-preview:-1"},"canonical":"https:\/\/gyogylezer.hu\/tanfolyamok\/","og_locale":"en_US","og_type":"article","og_title":"Training courses","og_description":"The Medical Laser Family attaches great importance to providing its customers with the expertise necessary for effective treatment, together with the laser equipment. Why do we recommend taking our soft laser therapy course? Because: we offer accredited courses, where, after completing the training courses given by excellent specialists who have been using soft laser therapy [&hellip;]","og_url":"https:\/\/gyogylezer.hu\/tanfolyamok\/","og_site_name":"Gy\u00f3gyl\u00e9zer Csal\u00e1d - Optikop gy\u00f3gyl\u00e9zer","article_publisher":"https:\/\/www.facebook.com\/Gyogylezer","article_modified_time":"2025-01-11T04:23:23+00:00","og_image":[{"url":"https:\/\/gyogylezer.hu\/wp-content\/uploads\/2023\/04\/home-page_kiskepek_1.jpg","type":"","width":"","height":""}],"twitter_card":"summary_large_image","twitter_misc":{"Est. reading time":"1 minute"},"schema":{"@context":"https:\/\/schema.org","@graph":[{"@type":"WebPage","@id":"https:\/\/gyogylezer.hu\/tanfolyamok\/","url":"https:\/\/gyogylezer.hu\/tanfolyamok\/","name":"Training courses - Gy\u00f3gyl\u00e9zer Csal\u00e1d - Optikop gy\u00f3gyl\u00e9zer","isPartOf":{"@id":"https:\/\/gyogylezer.hu\/#website"},"primaryImageOfPage":{"@id":"https:\/\/gyogylezer.hu\/tanfolyamok\/#primaryimage"},"image":{"@id":"https:\/\/gyogylezer.hu\/tanfolyamok\/#primaryimage"},"thumbnailUrl":"https:\/\/gyogylezer.hu\/wp-content\/uploads\/2023\/04\/home-page_kiskepek_1.jpg","datePublished":"2022-08-10T19:24:35+00:00","dateModified":"2025-01-11T04:23:23+00:00","breadcrumb":{"@id":"https:\/\/gyogylezer.hu\/tanfolyamok\/#breadcrumb"},"inLanguage":"en-US","potentialAction":[{"@type":"ReadAction","target":["https:\/\/gyogylezer.hu\/tanfolyamok\/"]}]},{"@type":"ImageObject","inLanguage":"en-US","@id":"https:\/\/gyogylezer.hu\/tanfolyamok\/#primaryimage","url":"https:\/\/gyogylezer.hu\/wp-content\/uploads\/2023\/04\/home-page_kiskepek_1.jpg","contentUrl":"https:\/\/gyogylezer.hu\/wp-content\/uploads\/2023\/04\/home-page_kiskepek_1.jpg"},{"@type":"BreadcrumbList","@id":"https:\/\/gyogylezer.hu\/tanfolyamok\/#breadcrumb","itemListElement":[{"@type":"ListItem","position":1,"name":"Home","item":"https:\/\/gyogylezer.hu\/en\/"},{"@type":"ListItem","position":2,"name":"Training courses"}]},{"@type":"WebSite","@id":"https:\/\/gyogylezer.hu\/#website","url":"https:\/\/gyogylezer.hu\/","name":"Gy\u00f3gyl\u00e9zer Csal\u00e1d - Optikop gy\u00f3gyl\u00e9zerek","description":"L\u00e1gyl\u00e9zer a f\u00e1jdalommentes gy\u00f3gyul\u00e1s\u00e9rt","publisher":{"@id":"https:\/\/gyogylezer.hu\/#organization"},"potentialAction":[{"@type":"SearchAction","target":{"@type":"EntryPoint","urlTemplate":"https:\/\/gyogylezer.hu\/?s={search_term_string}"},"query-input":{"@type":"PropertyValueSpecification","valueRequired":true,"valueName":"search_term_string"}}],"inLanguage":"en-US"},{"@type":"Organization","@id":"https:\/\/gyogylezer.hu\/#organization","name":"Gy\u00f3gyl\u00e9zer Csal\u00e1d Kft.","url":"https:\/\/gyogylezer.hu\/","logo":{"@type":"ImageObject","inLanguage":"en-US","@id":"https:\/\/gyogylezer.hu\/#\/schema\/logo\/image\/","url":"https:\/\/gyogylezer.hu\/wp-content\/uploads\/2022\/06\/optikop-logo-hu.png","contentUrl":"https:\/\/gyogylezer.hu\/wp-content\/uploads\/2022\/06\/optikop-logo-hu.png","width":400,"height":127,"caption":"Gy\u00f3gyl\u00e9zer Csal\u00e1d Kft."},"image":{"@id":"https:\/\/gyogylezer.hu\/#\/schema\/logo\/image\/"},"sameAs":["https:\/\/www.facebook.com\/Gyogylezer","https:\/\/www.youtube.com\/channel\/UCuRZ8IpdGjhPiy5ZFBxiP8w"]}]}},"_links":{"self":[{"href":"https:\/\/gyogylezer.hu\/en\/wp-json\/wp\/v2\/pages\/1260","targetHints":{"allow":["GET"]}}],"collection":[{"href":"https:\/\/gyogylezer.hu\/en\/wp-json\/wp\/v2\/pages"}],"about":[{"href":"https:\/\/gyogylezer.hu\/en\/wp-json\/wp\/v2\/types\/page"}],"author":[{"embeddable":true,"href":"https:\/\/gyogylezer.hu\/en\/wp-json\/wp\/v2\/users\/1"}],"replies":[{"embeddable":true,"href":"https:\/\/gyogylezer.hu\/en\/wp-json\/wp\/v2\/comments?post=1260"}],"version-history":[{"count":0,"href":"https:\/\/gyogylezer.hu\/en\/wp-json\/wp\/v2\/pages\/1260\/revisions"}],"wp:attachment":[{"href":"https:\/\/gyogylezer.hu\/en\/wp-json\/wp\/v2\/media?parent=1260"}],"curies":[{"name":"wp","href":"https:\/\/api.w.org\/{rel}","templated":true}]}}