{"id":1263,"date":"2022-08-14T21:16:34","date_gmt":"2022-08-14T19:16:34","guid":{"rendered":"https:\/\/gyogylezer.hu\/vetlaser-training-courses\/"},"modified":"2025-01-11T06:17:42","modified_gmt":"2025-01-11T05:17:42","slug":"vetlaser-training-courses","status":"publish","type":"page","link":"https:\/\/gyogylezer.hu\/en\/vetlaser-training-courses\/","title":{"rendered":"VETLASER training courses"},"content":{"rendered":"\t\t<div data-elementor-type=\"wp-page\" data-elementor-id=\"1263\" class=\"elementor elementor-1263 elementor-480\" data-elementor-post-type=\"page\">\n\t\t\t\t\t\t<section class=\" elementor-section elementor-top-section elementor-element elementor-element-8e3586e elementor-section-boxed elementor-section-height-default elementor-section-height-default\" data-id=\"8e3586e\" data-element_type=\"section\" data-e-type=\"section\" data-settings=\"{&quot;background_background&quot;:&quot;classic&quot;}\">\r\n\t\t\t\t\t\t\t<div class=\"elementor-background-overlay\"><\/div>\r\n\t\t\t\t\t\t\t\t\t<div class=\"elementor-container elementor-column-gap-default\">\r\n\t\t\t\t\r\n\t\t\t\t\t\t\t\t<div class=\" elementor-column elementor-col-100 elementor-top-column elementor-element elementor-element-3757168 \" data-id=\"3757168\" data-element_type=\"column\" data-e-type=\"column\">\r\n\r\n\t\t\t\t\r\n\t\t\t\t<div class=\"elementor-widget-wrap elementor-element-populated\">\r\n\t\t\t\t\t\t\t\t\t\t\r\n\t\t\t\t\t\t<div class=\"elementor-element elementor-element-0c161f6 elementor-widget elementor-widget-heading\" data-id=\"0c161f6\" data-element_type=\"widget\" data-e-type=\"widget\" data-widget_type=\"heading.default\">\n\t\t\t\t<div class=\"elementor-widget-container\">\n\t\t\t\t\t<h1 class=\"elementor-heading-title elementor-size-default\">VETLASER training courses<\/h1>\t\t\t\t<\/div>\n\t\t\t\t<\/div>\n\t\t\t\t\t\t<\/div>\r\n\t\t\t\t<\/div>\r\n\t\t\t\t\t\t\t\t<\/div>\r\n\t\t\t<\/section>\r\n\t\t\t\t\t<section class=\" elementor-section elementor-top-section elementor-element elementor-element-8443b73 elementor-section-boxed elementor-section-height-default elementor-section-height-default\" data-id=\"8443b73\" data-element_type=\"section\" data-e-type=\"section\">\r\n\t\t\t\t\t\t\t\t<div class=\"elementor-container elementor-column-gap-default\">\r\n\t\t\t\t\r\n\t\t\t\t\t\t\t\t<div class=\" elementor-column elementor-col-100 elementor-top-column elementor-element elementor-element-8795add \" data-id=\"8795add\" data-element_type=\"column\" data-e-type=\"column\">\r\n\r\n\t\t\t\t\r\n\t\t\t\t<div class=\"elementor-widget-wrap elementor-element-populated\">\r\n\t\t\t\t\t\t\t\t\t\t\r\n\t\t\t\t\t\t<div class=\"elementor-element elementor-element-56f44ca elementor-widget elementor-widget-heading\" data-id=\"56f44ca\" data-element_type=\"widget\" data-e-type=\"widget\" data-widget_type=\"heading.default\">\n\t\t\t\t<div class=\"elementor-widget-container\">\n\t\t\t\t\t<h3 class=\"elementor-heading-title elementor-size-default\">VETLASER - Soft laser in animal medicine<\/h3>\t\t\t\t<\/div>\n\t\t\t\t<\/div>\n\t\t\t\t<div class=\"elementor-element elementor-element-b51c12c elementor-widget elementor-widget-text-editor\" data-id=\"b51c12c\" data-element_type=\"widget\" data-e-type=\"widget\" data-widget_type=\"text-editor.default\">\n\t\t\t\t<div class=\"elementor-widget-container\">\n\t\t\t\t\t\t\t\t\t<p>In veterinary medicine, lasers are used primarily for wounds and secondarily for joint problems, but laser therapy is a popular and worldwide solution for the treatment of joint and muscle injuries in racehorses.<\/p>\n\t\t\t\t\t\t\t\t<\/div>\n\t\t\t\t<\/div>\n\t\t\t\t\t\t<\/div>\r\n\t\t\t\t<\/div>\r\n\t\t\t\t\t\t\t\t<\/div>\r\n\t\t\t<\/section>\r\n\t\t\t\t\t<section class=\" elementor-section elementor-top-section elementor-element elementor-element-bbb85a5 elementor-section-boxed elementor-section-height-default elementor-section-height-default\" data-id=\"bbb85a5\" data-element_type=\"section\" data-e-type=\"section\">\r\n\t\t\t\t\t\t\t\t<div class=\"elementor-container elementor-column-gap-default\">\r\n\t\t\t\t\r\n\t\t\t\t\t\t\t\t<div class=\" elementor-column elementor-col-100 elementor-top-column elementor-element elementor-element-3aab908 \" data-id=\"3aab908\" data-element_type=\"column\" data-e-type=\"column\">\r\n\r\n\t\t\t\t\r\n\t\t\t\t<div class=\"elementor-widget-wrap elementor-element-populated\">\r\n\t\t\t\t\t\t\t\t\t\t\r\n\t\t\t\t\t\t<div class=\"elementor-element elementor-element-f98f5ef elementor-widget elementor-widget-heading\" data-id=\"f98f5ef\" data-element_type=\"widget\" data-e-type=\"widget\" data-widget_type=\"heading.default\">\n\t\t\t\t<div class=\"elementor-widget-container\">\n\t\t\t\t\t<h3 class=\"elementor-heading-title elementor-size-default\">ACCREDITED TRAINING COURSES<\/h3>\t\t\t\t<\/div>\n\t\t\t\t<\/div>\n\t\t\t\t<section class=\" elementor-section elementor-inner-section elementor-element elementor-element-afae34d elementor-section-boxed elementor-section-height-default elementor-section-height-default\" data-id=\"afae34d\" data-element_type=\"section\" data-e-type=\"section\">\r\n\t\t\t\t\t\t\t\t<div class=\"elementor-container elementor-column-gap-default\">\r\n\t\t\t\t\r\n\t\t\t\t\t\t\t\t<div class=\" elementor-column elementor-col-100 elementor-inner-column elementor-element elementor-element-29e54cf \" data-id=\"29e54cf\" data-element_type=\"column\" data-e-type=\"column\">\r\n\r\n\t\t\t\t\r\n\t\t\t\t<div class=\"elementor-widget-wrap elementor-element-populated\">\r\n\t\t\t\t\t\t\t\t\t\t\r\n\t\t\t\t\t\t<div class=\"elementor-element elementor-element-9107862 elementor-widget elementor-widget-heading\" data-id=\"9107862\" data-element_type=\"widget\" data-e-type=\"widget\" data-widget_type=\"heading.default\">\n\t\t\t\t<div class=\"elementor-widget-container\">\n\t\t\t\t\t<h4 class=\"elementor-heading-title elementor-size-default\">Soft laser therapy in veterinary practice<\/h4>\t\t\t\t<\/div>\n\t\t\t\t<\/div>\n\t\t\t\t<div class=\"elementor-element elementor-element-7ef9378 elementor-widget elementor-widget-udesign_widget_table\" data-id=\"7ef9378\" data-element_type=\"widget\" data-e-type=\"widget\" data-widget_type=\"udesign_widget_table.default\">\r\n\t\t\t\t<div class=\"elementor-widget-container\">\n\t\t\t\t\t\r\n<div class=\"widget-table-wrapper\">\r\n\t<table class=\"widget-table\">\r\n\t\t<thead class=\"table-head\"><tr class=\"table-head-row\"><\/tr><\/thead>\r\n\t\t<tbody class=\"table-body\"><tr class=\"table-body-row elementor-repeater-item-5eb6c1c\"><td class=\"table-body-cell elementor-repeater-item-2c24cef\" ><div class=\"table-cell-inner\"><span class=\"table-body-cell-text\">Credit:<\/span><\/div><\/td><td class=\"table-body-cell elementor-repeater-item-13af9cc\" ><div class=\"table-cell-inner\"><span class=\"table-body-cell-text\">32<\/span><\/div><\/td><\/tr><tr class=\"table-body-row elementor-repeater-item-df01617\"><td class=\"table-body-cell elementor-repeater-item-871c5a6\" ><div class=\"table-cell-inner\"><span class=\"table-body-cell-text\">Location:<\/span><\/div><\/td><td class=\"table-body-cell elementor-repeater-item-8c41efa\" ><div class=\"table-cell-inner\"><span class=\"table-body-cell-text\">Under organisation<\/span><\/div><\/td><\/tr><tr class=\"table-body-row elementor-repeater-item-09f7440\"><td class=\"table-body-cell elementor-repeater-item-8d2c101\" ><div class=\"table-cell-inner\"><span class=\"table-body-cell-text\">Date:<\/span><\/div><\/td><td class=\"table-body-cell elementor-repeater-item-6ae54fd\" ><div class=\"table-cell-inner\"><span class=\"table-body-cell-text\">Under organisation<\/span><\/div><\/td><\/tr><tr class=\"table-body-row elementor-repeater-item-2e66ae4\"><td class=\"table-body-cell elementor-repeater-item-61ba5ab\" ><div class=\"table-cell-inner\"><span class=\"table-body-cell-text\">Application deadline:<\/span><\/div><\/td><td class=\"table-body-cell elementor-repeater-item-0c22b93\" ><div class=\"table-cell-inner\"><span class=\"table-body-cell-text\">Under organisation<\/span><\/div><\/td><\/tr><tr class=\"table-body-row elementor-repeater-item-0fbf0de\"><td class=\"table-body-cell elementor-repeater-item-a1e8314\" ><div class=\"table-cell-inner\"><span class=\"table-body-cell-text\">The course fee:<\/span><\/div><\/td><td class=\"table-body-cell elementor-repeater-item-9bf8ba6\" ><div class=\"table-cell-inner\"><span class=\"table-body-cell-text\">Under organisation<\/span><\/div><\/td><\/tr><tr class=\"table-body-row elementor-repeater-item-7755149\"><td class=\"table-body-cell elementor-repeater-item-09ab47c\" ><div class=\"table-cell-inner\"><span class=\"table-body-cell-text\">Recommended for:<\/span><\/div><\/td><td class=\"table-body-cell elementor-repeater-item-5a59524\" ><div class=\"table-cell-inner\"><span class=\"table-body-cell-text\">Under organisation<\/span><\/div><\/td><\/tr><\/tbody>\r\n\t<\/table>\r\n<\/div>\r\n\t\t\t\t<\/div>\n\t\t\t\t<\/div>\n\t\t\t\t<div class=\"elementor-element elementor-element-ef88ac0 elementor-widget elementor-widget-text-editor\" data-id=\"ef88ac0\" data-element_type=\"widget\" data-e-type=\"widget\" data-widget_type=\"text-editor.default\">\n\t\t\t\t<div class=\"elementor-widget-container\">\n\t\t\t\t\t\t\t\t\t<p>To download the training program, please <a href=\"https:\/\/gyogylezer.hu\/wp-content\/uploads\/2022\/08\/orvos_eu-szakdolg_tanfolyam-program-2022-aprilis.pdf\" target=\"_blank\" rel=\"noopener\">click here!<\/a><br \/>(The downloadable document will appear in a new window)<\/p>\n<p>You can register by clicking on the button below.<\/p>\n\t\t\t\t\t\t\t\t<\/div>\n\t\t\t\t<\/div>\n\t\t\t\t<div class=\"elementor-element elementor-element-89c9ce3 elementor-hidden-tablet elementor-hidden-mobile elementor-widget elementor-widget-udesign_widget_button\" data-id=\"89c9ce3\" data-element_type=\"widget\" data-e-type=\"widget\" data-widget_type=\"udesign_widget_button.default\">\n\t\t\t\t<div class=\"elementor-widget-container\">\n\t\t\t\t\t<a class=\"btn btn-outline btn-md btn-rounded btn-primary\" href=\"https:\/\/docs.google.com\/forms\/d\/e\/1FAIpQLSdFCsUGuWA6fuWR6QBU8IHDDGG531KQ7lBQd5sHmJWdV_bE0Q\/viewform\" target=\"_blank\" ><span >Apply<\/span><\/a>\t\t\t\t<\/div>\n\t\t\t\t<\/div>\n\t\t\t\t\t\t<\/div>\r\n\t\t\t\t<\/div>\r\n\t\t\t\t\t\t\t\t<\/div>\r\n\t\t\t<\/section>\r\n\t\t\t\t\t<section class=\" elementor-section elementor-inner-section elementor-element elementor-element-ca2a135 elementor-section-boxed elementor-section-height-default elementor-section-height-default\" data-id=\"ca2a135\" data-element_type=\"section\" data-e-type=\"section\">\r\n\t\t\t\t\t\t\t\t<div class=\"elementor-container elementor-column-gap-default\">\r\n\t\t\t\t\r\n\t\t\t\t\t\t\t\t<div class=\" elementor-column elementor-col-100 elementor-inner-column elementor-element elementor-element-d3d20b2 \" data-id=\"d3d20b2\" data-element_type=\"column\" data-e-type=\"column\">\r\n\r\n\t\t\t\t\r\n\t\t\t\t<div class=\"elementor-widget-wrap elementor-element-populated\">\r\n\t\t\t\t\t\t\t\t\t\t\r\n\t\t\t\t\t\t<div class=\"elementor-element elementor-element-0a3d4c2 elementor-widget elementor-widget-heading\" data-id=\"0a3d4c2\" data-element_type=\"widget\" data-e-type=\"widget\" data-widget_type=\"heading.default\">\n\t\t\t\t<div class=\"elementor-widget-container\">\n\t\t\t\t\t<h4 class=\"elementor-heading-title elementor-size-default\">Soft laser therapy in veterinary practice<\/h4>\t\t\t\t<\/div>\n\t\t\t\t<\/div>\n\t\t\t\t<div class=\"elementor-element elementor-element-322891d elementor-widget elementor-widget-udesign_widget_table\" data-id=\"322891d\" data-element_type=\"widget\" data-e-type=\"widget\" data-widget_type=\"udesign_widget_table.default\">\r\n\t\t\t\t<div class=\"elementor-widget-container\">\n\t\t\t\t\t\r\n<div class=\"widget-table-wrapper\">\r\n\t<table class=\"widget-table\">\r\n\t\t<thead class=\"table-head\"><tr class=\"table-head-row\"><\/tr><\/thead>\r\n\t\t<tbody class=\"table-body\"><tr class=\"table-body-row elementor-repeater-item-5eb6c1c\"><td class=\"table-body-cell elementor-repeater-item-2c24cef\" ><div class=\"table-cell-inner\"><span class=\"table-body-cell-text\">Credit:<\/span><\/div><\/td><td class=\"table-body-cell elementor-repeater-item-13af9cc\" ><div class=\"table-cell-inner\"><span class=\"table-body-cell-text\">16<\/span><\/div><\/td><\/tr><tr class=\"table-body-row elementor-repeater-item-df01617\"><td class=\"table-body-cell elementor-repeater-item-871c5a6\" ><div class=\"table-cell-inner\"><span class=\"table-body-cell-text\">Location:<\/span><\/div><\/td><td class=\"table-body-cell elementor-repeater-item-8c41efa\" ><div class=\"table-cell-inner\"><span class=\"table-body-cell-text\">Under organisation<\/span><\/div><\/td><\/tr><tr class=\"table-body-row elementor-repeater-item-09f7440\"><td class=\"table-body-cell elementor-repeater-item-8d2c101\" ><div class=\"table-cell-inner\"><span class=\"table-body-cell-text\">Date:<\/span><\/div><\/td><td class=\"table-body-cell elementor-repeater-item-6ae54fd\" ><div class=\"table-cell-inner\"><span class=\"table-body-cell-text\">Under organisation<\/span><\/div><\/td><\/tr><tr class=\"table-body-row elementor-repeater-item-2e66ae4\"><td class=\"table-body-cell elementor-repeater-item-61ba5ab\" ><div class=\"table-cell-inner\"><span class=\"table-body-cell-text\">Application deadline:<\/span><\/div><\/td><td class=\"table-body-cell elementor-repeater-item-0c22b93\" ><div class=\"table-cell-inner\"><span class=\"table-body-cell-text\">Under organisation<\/span><\/div><\/td><\/tr><tr class=\"table-body-row elementor-repeater-item-0fbf0de\"><td class=\"table-body-cell elementor-repeater-item-a1e8314\" ><div class=\"table-cell-inner\"><span class=\"table-body-cell-text\">The course fee:<\/span><\/div><\/td><td class=\"table-body-cell elementor-repeater-item-9bf8ba6\" ><div class=\"table-cell-inner\"><span class=\"table-body-cell-text\">Under organisation<\/span><\/div><\/td><\/tr><tr class=\"table-body-row elementor-repeater-item-7755149\"><td class=\"table-body-cell elementor-repeater-item-09ab47c\" ><div class=\"table-cell-inner\"><span class=\"table-body-cell-text\">Recommended for:<\/span><\/div><\/td><td class=\"table-body-cell elementor-repeater-item-5a59524\" ><div class=\"table-cell-inner\"><span class=\"table-body-cell-text\">Under organisation<\/span><\/div><\/td><\/tr><\/tbody>\r\n\t<\/table>\r\n<\/div>\r\n\t\t\t\t<\/div>\n\t\t\t\t<\/div>\n\t\t\t\t<div class=\"elementor-element elementor-element-4ae70ce elementor-widget elementor-widget-text-editor\" data-id=\"4ae70ce\" data-element_type=\"widget\" data-e-type=\"widget\" data-widget_type=\"text-editor.default\">\n\t\t\t\t<div class=\"elementor-widget-container\">\n\t\t\t\t\t\t\t\t\t<p>To download the training program, please <a href=\"https:\/\/gyogylezer.hu\/wp-content\/uploads\/2022\/08\/orvos_eu-szakdolg_tanfolyam-program-2022-aprilis.pdf\" target=\"_blank\" rel=\"noopener\">click here!<\/a><br \/>(The downloadable document will appear in a new window)<\/p>\n<p>You can register by clicking on the button below.<\/p>\n\t\t\t\t\t\t\t\t<\/div>\n\t\t\t\t<\/div>\n\t\t\t\t<div class=\"elementor-element elementor-element-6e1ae62 elementor-hidden-tablet elementor-hidden-mobile elementor-widget elementor-widget-udesign_widget_button\" data-id=\"6e1ae62\" data-element_type=\"widget\" data-e-type=\"widget\" data-widget_type=\"udesign_widget_button.default\">\n\t\t\t\t<div class=\"elementor-widget-container\">\n\t\t\t\t\t<a class=\"btn btn-outline btn-md btn-rounded btn-primary\" href=\"https:\/\/docs.google.com\/forms\/d\/e\/1FAIpQLSdFCsUGuWA6fuWR6QBU8IHDDGG531KQ7lBQd5sHmJWdV_bE0Q\/viewform\" target=\"_blank\" ><span >Apply<\/span><\/a>\t\t\t\t<\/div>\n\t\t\t\t<\/div>\n\t\t\t\t\t\t<\/div>\r\n\t\t\t\t<\/div>\r\n\t\t\t\t\t\t\t\t<\/div>\r\n\t\t\t<\/section>\r\n\t\t\t\t\t\t\t<\/div>\r\n\t\t\t\t<\/div>\r\n\t\t\t\t\t\t\t\t<\/div>\r\n\t\t\t<\/section>\r\n\t\t\t\t\t<\/div>\n\t\t","protected":false},"excerpt":{"rendered":"<p>VETLASER &#8211; Soft laser in animal medicine In veterinary medicine, lasers are used primarily for wounds and secondarily for joint problems, but laser therapy is a popular and worldwide solution for the treatment of joint and muscle injuries in racehorses. ACCREDITED TRAINING COURSES Soft laser therapy in veterinary practice Credit: 32 Location: Under organisation Date: [&hellip;]<\/p>\n","protected":false},"author":1,"featured_media":0,"parent":0,"menu_order":0,"comment_status":"closed","ping_status":"closed","template":"elementor_header_footer","meta":{"_acf_changed":false,"footnotes":""},"class_list":["post-1263","page","type-page","status-publish","hentry"],"acf":[],"yoast_head":"<!-- This site is optimized with the Yoast SEO Premium plugin v27.3 (Yoast SEO v27.3) - https:\/\/yoast.com\/product\/yoast-seo-premium-wordpress\/ -->\n<title>VETLASER training courses - Gy\u00f3gyl\u00e9zer Csal\u00e1d - Optikop gy\u00f3gyl\u00e9zer<\/title>\n<meta name=\"robots\" content=\"index, follow, max-snippet:-1, max-image-preview:large, max-video-preview:-1\" \/>\n<link rel=\"canonical\" href=\"https:\/\/gyogylezer.hu\/vetlaser-tanfolyamok\/\" \/>\n<meta property=\"og:locale\" content=\"en_US\" \/>\n<meta property=\"og:type\" content=\"article\" \/>\n<meta property=\"og:title\" content=\"VETLASER training courses\" \/>\n<meta property=\"og:description\" content=\"VETLASER &#8211; Soft laser in animal medicine In veterinary medicine, lasers are used primarily for wounds and secondarily for joint problems, but laser therapy is a popular and worldwide solution for the treatment of joint and muscle injuries in racehorses. ACCREDITED TRAINING COURSES Soft laser therapy in veterinary practice Credit: 32 Location: Under organisation Date: [&hellip;]\" \/>\n<meta property=\"og:url\" content=\"https:\/\/gyogylezer.hu\/vetlaser-tanfolyamok\/\" \/>\n<meta property=\"og:site_name\" content=\"Gy\u00f3gyl\u00e9zer Csal\u00e1d - Optikop gy\u00f3gyl\u00e9zer\" \/>\n<meta property=\"article:publisher\" content=\"https:\/\/www.facebook.com\/Gyogylezer\" \/>\n<meta property=\"article:modified_time\" content=\"2025-01-11T05:17:42+00:00\" \/>\n<meta name=\"twitter:card\" content=\"summary_large_image\" \/>\n<meta name=\"twitter:label1\" content=\"Est. reading time\" \/>\n\t<meta name=\"twitter:data1\" content=\"1 minute\" \/>\n<script type=\"application\/ld+json\" class=\"yoast-schema-graph\">{\"@context\":\"https:\\\/\\\/schema.org\",\"@graph\":[{\"@type\":\"WebPage\",\"@id\":\"https:\\\/\\\/gyogylezer.hu\\\/vetlaser-tanfolyamok\\\/\",\"url\":\"https:\\\/\\\/gyogylezer.hu\\\/vetlaser-tanfolyamok\\\/\",\"name\":\"VETLASER training courses - Gy\u00f3gyl\u00e9zer Csal\u00e1d - Optikop gy\u00f3gyl\u00e9zer\",\"isPartOf\":{\"@id\":\"https:\\\/\\\/gyogylezer.hu\\\/#website\"},\"datePublished\":\"2022-08-14T19:16:34+00:00\",\"dateModified\":\"2025-01-11T05:17:42+00:00\",\"breadcrumb\":{\"@id\":\"https:\\\/\\\/gyogylezer.hu\\\/vetlaser-tanfolyamok\\\/#breadcrumb\"},\"inLanguage\":\"en-US\",\"potentialAction\":[{\"@type\":\"ReadAction\",\"target\":[\"https:\\\/\\\/gyogylezer.hu\\\/vetlaser-tanfolyamok\\\/\"]}]},{\"@type\":\"BreadcrumbList\",\"@id\":\"https:\\\/\\\/gyogylezer.hu\\\/vetlaser-tanfolyamok\\\/#breadcrumb\",\"itemListElement\":[{\"@type\":\"ListItem\",\"position\":1,\"name\":\"Home\",\"item\":\"https:\\\/\\\/gyogylezer.hu\\\/en\\\/\"},{\"@type\":\"ListItem\",\"position\":2,\"name\":\"VETLASER training courses\"}]},{\"@type\":\"WebSite\",\"@id\":\"https:\\\/\\\/gyogylezer.hu\\\/#website\",\"url\":\"https:\\\/\\\/gyogylezer.hu\\\/\",\"name\":\"Gy\u00f3gyl\u00e9zer Csal\u00e1d - Optikop gy\u00f3gyl\u00e9zerek\",\"description\":\"L\u00e1gyl\u00e9zer a f\u00e1jdalommentes gy\u00f3gyul\u00e1s\u00e9rt\",\"publisher\":{\"@id\":\"https:\\\/\\\/gyogylezer.hu\\\/#organization\"},\"potentialAction\":[{\"@type\":\"SearchAction\",\"target\":{\"@type\":\"EntryPoint\",\"urlTemplate\":\"https:\\\/\\\/gyogylezer.hu\\\/?s={search_term_string}\"},\"query-input\":{\"@type\":\"PropertyValueSpecification\",\"valueRequired\":true,\"valueName\":\"search_term_string\"}}],\"inLanguage\":\"en-US\"},{\"@type\":\"Organization\",\"@id\":\"https:\\\/\\\/gyogylezer.hu\\\/#organization\",\"name\":\"Gy\u00f3gyl\u00e9zer Csal\u00e1d Kft.\",\"url\":\"https:\\\/\\\/gyogylezer.hu\\\/\",\"logo\":{\"@type\":\"ImageObject\",\"inLanguage\":\"en-US\",\"@id\":\"https:\\\/\\\/gyogylezer.hu\\\/#\\\/schema\\\/logo\\\/image\\\/\",\"url\":\"https:\\\/\\\/gyogylezer.hu\\\/wp-content\\\/uploads\\\/2022\\\/06\\\/optikop-logo-hu.png\",\"contentUrl\":\"https:\\\/\\\/gyogylezer.hu\\\/wp-content\\\/uploads\\\/2022\\\/06\\\/optikop-logo-hu.png\",\"width\":400,\"height\":127,\"caption\":\"Gy\u00f3gyl\u00e9zer Csal\u00e1d Kft.\"},\"image\":{\"@id\":\"https:\\\/\\\/gyogylezer.hu\\\/#\\\/schema\\\/logo\\\/image\\\/\"},\"sameAs\":[\"https:\\\/\\\/www.facebook.com\\\/Gyogylezer\",\"https:\\\/\\\/www.youtube.com\\\/channel\\\/UCuRZ8IpdGjhPiy5ZFBxiP8w\"]}]}<\/script>\n<!-- \/ Yoast SEO Premium plugin. -->","yoast_head_json":{"title":"VETLASER training courses - Gy\u00f3gyl\u00e9zer Csal\u00e1d - Optikop gy\u00f3gyl\u00e9zer","robots":{"index":"index","follow":"follow","max-snippet":"max-snippet:-1","max-image-preview":"max-image-preview:large","max-video-preview":"max-video-preview:-1"},"canonical":"https:\/\/gyogylezer.hu\/vetlaser-tanfolyamok\/","og_locale":"en_US","og_type":"article","og_title":"VETLASER training courses","og_description":"VETLASER &#8211; Soft laser in animal medicine In veterinary medicine, lasers are used primarily for wounds and secondarily for joint problems, but laser therapy is a popular and worldwide solution for the treatment of joint and muscle injuries in racehorses. ACCREDITED TRAINING COURSES Soft laser therapy in veterinary practice Credit: 32 Location: Under organisation Date: [&hellip;]","og_url":"https:\/\/gyogylezer.hu\/vetlaser-tanfolyamok\/","og_site_name":"Gy\u00f3gyl\u00e9zer Csal\u00e1d - Optikop gy\u00f3gyl\u00e9zer","article_publisher":"https:\/\/www.facebook.com\/Gyogylezer","article_modified_time":"2025-01-11T05:17:42+00:00","twitter_card":"summary_large_image","twitter_misc":{"Est. reading time":"1 minute"},"schema":{"@context":"https:\/\/schema.org","@graph":[{"@type":"WebPage","@id":"https:\/\/gyogylezer.hu\/vetlaser-tanfolyamok\/","url":"https:\/\/gyogylezer.hu\/vetlaser-tanfolyamok\/","name":"VETLASER training courses - Gy\u00f3gyl\u00e9zer Csal\u00e1d - Optikop gy\u00f3gyl\u00e9zer","isPartOf":{"@id":"https:\/\/gyogylezer.hu\/#website"},"datePublished":"2022-08-14T19:16:34+00:00","dateModified":"2025-01-11T05:17:42+00:00","breadcrumb":{"@id":"https:\/\/gyogylezer.hu\/vetlaser-tanfolyamok\/#breadcrumb"},"inLanguage":"en-US","potentialAction":[{"@type":"ReadAction","target":["https:\/\/gyogylezer.hu\/vetlaser-tanfolyamok\/"]}]},{"@type":"BreadcrumbList","@id":"https:\/\/gyogylezer.hu\/vetlaser-tanfolyamok\/#breadcrumb","itemListElement":[{"@type":"ListItem","position":1,"name":"Home","item":"https:\/\/gyogylezer.hu\/en\/"},{"@type":"ListItem","position":2,"name":"VETLASER training courses"}]},{"@type":"WebSite","@id":"https:\/\/gyogylezer.hu\/#website","url":"https:\/\/gyogylezer.hu\/","name":"Gy\u00f3gyl\u00e9zer Csal\u00e1d - Optikop gy\u00f3gyl\u00e9zerek","description":"L\u00e1gyl\u00e9zer a f\u00e1jdalommentes gy\u00f3gyul\u00e1s\u00e9rt","publisher":{"@id":"https:\/\/gyogylezer.hu\/#organization"},"potentialAction":[{"@type":"SearchAction","target":{"@type":"EntryPoint","urlTemplate":"https:\/\/gyogylezer.hu\/?s={search_term_string}"},"query-input":{"@type":"PropertyValueSpecification","valueRequired":true,"valueName":"search_term_string"}}],"inLanguage":"en-US"},{"@type":"Organization","@id":"https:\/\/gyogylezer.hu\/#organization","name":"Gy\u00f3gyl\u00e9zer Csal\u00e1d Kft.","url":"https:\/\/gyogylezer.hu\/","logo":{"@type":"ImageObject","inLanguage":"en-US","@id":"https:\/\/gyogylezer.hu\/#\/schema\/logo\/image\/","url":"https:\/\/gyogylezer.hu\/wp-content\/uploads\/2022\/06\/optikop-logo-hu.png","contentUrl":"https:\/\/gyogylezer.hu\/wp-content\/uploads\/2022\/06\/optikop-logo-hu.png","width":400,"height":127,"caption":"Gy\u00f3gyl\u00e9zer Csal\u00e1d Kft."},"image":{"@id":"https:\/\/gyogylezer.hu\/#\/schema\/logo\/image\/"},"sameAs":["https:\/\/www.facebook.com\/Gyogylezer","https:\/\/www.youtube.com\/channel\/UCuRZ8IpdGjhPiy5ZFBxiP8w"]}]}},"_links":{"self":[{"href":"https:\/\/gyogylezer.hu\/en\/wp-json\/wp\/v2\/pages\/1263","targetHints":{"allow":["GET"]}}],"collection":[{"href":"https:\/\/gyogylezer.hu\/en\/wp-json\/wp\/v2\/pages"}],"about":[{"href":"https:\/\/gyogylezer.hu\/en\/wp-json\/wp\/v2\/types\/page"}],"author":[{"embeddable":true,"href":"https:\/\/gyogylezer.hu\/en\/wp-json\/wp\/v2\/users\/1"}],"replies":[{"embeddable":true,"href":"https:\/\/gyogylezer.hu\/en\/wp-json\/wp\/v2\/comments?post=1263"}],"version-history":[{"count":0,"href":"https:\/\/gyogylezer.hu\/en\/wp-json\/wp\/v2\/pages\/1263\/revisions"}],"wp:attachment":[{"href":"https:\/\/gyogylezer.hu\/en\/wp-json\/wp\/v2\/media?parent=1263"}],"curies":[{"name":"wp","href":"https:\/\/api.w.org\/{rel}","templated":true}]}}