{"id":1272,"date":"2024-10-26T19:55:09","date_gmt":"2024-10-26T17:55:09","guid":{"rendered":"https:\/\/gyogylezer.hu\/product\/optikop-combi-5g-nw-medlaser\/"},"modified":"2025-01-13T05:17:12","modified_gmt":"2025-01-13T04:17:12","slug":"optikop-combi-5g-nw-medlaser","status":"publish","type":"product","link":"https:\/\/gyogylezer.hu\/en\/product\/optikop-combi-5g-nw-medlaser\/","title":{"rendered":"OPTIKOP COMBI 5G NW (Medlaser)"},"content":{"rendered":"\t\t<div data-elementor-type=\"product-post\" data-elementor-id=\"1272\" class=\"elementor elementor-1272 elementor-1229\" data-elementor-post-type=\"product\">\n\t\t\t\t\t\t<section class=\" elementor-section elementor-top-section elementor-element elementor-element-7712061b elementor-section-boxed elementor-section-height-default elementor-section-height-default\" data-id=\"7712061b\" data-element_type=\"section\" data-e-type=\"section\">\r\n\t\t\t\t\t\t\t\t<div class=\"elementor-container elementor-column-gap-default\">\r\n\t\t\t\t\r\n\t\t\t\t\t\t\t\t<div class=\" elementor-column elementor-col-100 elementor-top-column elementor-element elementor-element-154763a2 \" data-id=\"154763a2\" data-element_type=\"column\" data-e-type=\"column\">\r\n\r\n\t\t\t\t\r\n\t\t\t\t<div class=\"elementor-widget-wrap elementor-element-populated\">\r\n\t\t\t\t\t\t\t\t\t\t\r\n\t\t\t\t\t\t<div class=\"elementor-element elementor-element-197de768 elementor-widget elementor-widget-text-editor\" data-id=\"197de768\" data-element_type=\"widget\" data-e-type=\"widget\" data-widget_type=\"text-editor.default\">\n\t\t\t\t<div class=\"elementor-widget-container\">\n\t\t\t\t\t\t\t\t\t<p>In the combined head, the red and infrared laser diode can be operated both separately and simultaneously!<br \/>Dose adjustable in 1 J grades between 1 and 99 J, a display unit showing the remaining treatment time and a built-in power control unit.<br \/>(class 3B\/II.a)<\/p>\n<p><span style=\"color: #d50032;\"><strong>Optional treatment heads<\/strong><\/span><\/p>\n<p><strong>Types of the combined head:<\/strong><br \/>Red laser: 30\u2013150 mW\/640-670nm<br \/>Infrared laser: 50\u2013200 mW\/810- 830 nm<br \/><strong>Single diode head:<\/strong><br \/>Infrared laser: 350-500 mW\/810-830 nm<br \/>Violet laser: 50\u2013100 mW\/405-410 nm<br \/><strong>Laser shower:<\/strong><br \/>Red laser: 200\u2013900 mW\/640-670 nm<br \/>Infrared laser: 300\u20133000 mW\/810-830 nm<\/p>\n<p><span style=\"color: #d50032;\"><strong>Recommended for:<\/strong><\/span><\/p>\n<p>&#8211; all kind of soft laser treatements (superficial tissues and\/or deeper<br \/>tissues, even simultaneously)<br \/>&#8211; for rheumatology, physiotherapy, sports medicine and family medicine use<br \/>&#8211; acupuncture<br \/>&#8211; intensive use at clinics of high patient turnover, spas<\/p>\n\t\t\t\t\t\t\t\t<\/div>\n\t\t\t\t<\/div>\n\t\t\t\t\t\t<\/div>\r\n\t\t\t\t<\/div>\r\n\t\t\t\t\t\t\t\t<\/div>\r\n\t\t\t<\/section>\r\n\t\t\t\t\t<section class=\" elementor-section elementor-top-section elementor-element elementor-element-a71a1f5 elementor-section-content-bottom elementor-section-boxed elementor-section-height-default elementor-section-height-default\" data-id=\"a71a1f5\" data-element_type=\"section\" data-e-type=\"section\">\r\n\t\t\t\t\t\t\t\t<div class=\"elementor-container elementor-column-gap-default\">\r\n\t\t\t\t\r\n\t\t\t\t\t\t\t\t<div class=\" elementor-column elementor-col-25 elementor-top-column elementor-element elementor-element-48dfefd \" data-id=\"48dfefd\" data-element_type=\"column\" data-e-type=\"column\">\r\n\r\n\t\t\t\t\r\n\t\t\t\t<div class=\"elementor-widget-wrap elementor-element-populated\">\r\n\t\t\t\t\t\t\t\t\t\t\r\n\t\t\t\t\t\t<div class=\"elementor-element elementor-element-5e87676 elementor-widget elementor-widget-image\" data-id=\"5e87676\" data-element_type=\"widget\" data-e-type=\"widget\" data-widget_type=\"image.default\">\n\t\t\t\t<div class=\"elementor-widget-container\">\n\t\t\t\t\t\t\t\t\t\t\t\t\t\t\t<img fetchpriority=\"high\" decoding=\"async\" width=\"274\" height=\"318\" src=\"https:\/\/gyogylezer.hu\/wp-content\/uploads\/2022\/07\/3b-lezergyartmany-ikon.jpg\" class=\"attachment-large size-large wp-image-926\" alt=\"\" \/>\t\t\t\t\t\t\t\t\t\t\t\t\t\t\t<\/div>\n\t\t\t\t<\/div>\n\t\t\t\t\t\t<\/div>\r\n\t\t\t\t<\/div>\r\n\t\t\t\t\t\t\t\t\t<div class=\" elementor-column elementor-col-25 elementor-top-column elementor-element elementor-element-ae86917 \" data-id=\"ae86917\" data-element_type=\"column\" data-e-type=\"column\">\r\n\r\n\t\t\t\t\r\n\t\t\t\t<div class=\"elementor-widget-wrap elementor-element-populated\">\r\n\t\t\t\t\t\t\t\t\t\t\r\n\t\t\t\t\t\t<div class=\"elementor-element elementor-element-810d20e elementor-widget elementor-widget-image\" data-id=\"810d20e\" data-element_type=\"widget\" data-e-type=\"widget\" data-widget_type=\"image.default\">\n\t\t\t\t<div class=\"elementor-widget-container\">\n\t\t\t\t\t\t\t\t\t\t\t\t\t\t\t<img decoding=\"async\" width=\"310\" height=\"291\" src=\"https:\/\/gyogylezer.hu\/wp-content\/uploads\/2022\/07\/elektrosztatikus-ikon.jpg\" class=\"attachment-large size-large wp-image-925\" alt=\"\" \/>\t\t\t\t\t\t\t\t\t\t\t\t\t\t\t<\/div>\n\t\t\t\t<\/div>\n\t\t\t\t\t\t<\/div>\r\n\t\t\t\t<\/div>\r\n\t\t\t\t\t\t\t\t\t<div class=\" elementor-column elementor-col-25 elementor-top-column elementor-element elementor-element-ca4363c \" data-id=\"ca4363c\" data-element_type=\"column\" data-e-type=\"column\">\r\n\r\n\t\t\t\t\r\n\t\t\t\t<div class=\"elementor-widget-wrap elementor-element-populated\">\r\n\t\t\t\t\t\t\t\t\t\t\r\n\t\t\t\t\t\t<div class=\"elementor-element elementor-element-1f798ea elementor-widget elementor-widget-image\" data-id=\"1f798ea\" data-element_type=\"widget\" data-e-type=\"widget\" data-widget_type=\"image.default\">\n\t\t\t\t<div class=\"elementor-widget-container\">\n\t\t\t\t\t\t\t\t\t\t\t\t\t\t\t<img decoding=\"async\" width=\"232\" height=\"285\" src=\"https:\/\/gyogylezer.hu\/wp-content\/uploads\/2022\/07\/homerseklethatar-ikon.jpg\" class=\"attachment-large size-large wp-image-924\" alt=\"\" \/>\t\t\t\t\t\t\t\t\t\t\t\t\t\t\t<\/div>\n\t\t\t\t<\/div>\n\t\t\t\t\t\t<\/div>\r\n\t\t\t\t<\/div>\r\n\t\t\t\t\t\t\t\t\t<div class=\" elementor-column elementor-col-25 elementor-top-column elementor-element elementor-element-3b8525d \" data-id=\"3b8525d\" data-element_type=\"column\" data-e-type=\"column\">\r\n\r\n\t\t\t\t\r\n\t\t\t\t<div class=\"elementor-widget-wrap elementor-element-populated\">\r\n\t\t\t\t\t\t\t\t\t\t\r\n\t\t\t\t\t\t<div class=\"elementor-element elementor-element-567a16e elementor-widget elementor-widget-image\" data-id=\"567a16e\" data-element_type=\"widget\" data-e-type=\"widget\" data-widget_type=\"image.default\">\n\t\t\t\t<div class=\"elementor-widget-container\">\n\t\t\t\t\t\t\t\t\t\t\t\t\t\t\t<img loading=\"lazy\" decoding=\"async\" width=\"188\" height=\"257\" src=\"https:\/\/gyogylezer.hu\/wp-content\/uploads\/2022\/07\/veszelyes-hulladek-ikon.jpg\" class=\"attachment-large size-large wp-image-923\" alt=\"\" \/>\t\t\t\t\t\t\t\t\t\t\t\t\t\t\t<\/div>\n\t\t\t\t<\/div>\n\t\t\t\t\t\t<\/div>\r\n\t\t\t\t<\/div>\r\n\t\t\t\t\t\t\t\t<\/div>\r\n\t\t\t<\/section>\r\n\t\t\t\t\t<\/div>\n\t\t","protected":false},"excerpt":{"rendered":"<p><strong>Combined tabletop soft laser therapy system<\/strong> The Combi 5G New Wave is a professional combined tabletop soft laser therapy system with 3 connected treatment heads and selectable frequency modulation, 2 connectable point-treatment heads and a laser shower.<\/p>\n","protected":false},"featured_media":1239,"template":"","meta":{"_acf_changed":false},"product_brand":[],"product_cat":[],"product_tag":[],"class_list":{"0":"post-1272","1":"product","2":"type-product","3":"status-publish","4":"has-post-thumbnail","7":"first","8":"instock","9":"shipping-taxable","10":"product-type-simple"},"acf":[],"yoast_head":"<!-- This site is optimized with the Yoast SEO Premium plugin v27.3 (Yoast SEO v27.3) - https:\/\/yoast.com\/product\/yoast-seo-premium-wordpress\/ -->\n<title>OPTIKOP COMBI 5G NW (Medlaser) - Gy\u00f3gyl\u00e9zer Csal\u00e1d - Optikop gy\u00f3gyl\u00e9zer<\/title>\n<meta name=\"robots\" content=\"index, follow, max-snippet:-1, max-image-preview:large, max-video-preview:-1\" \/>\n<link rel=\"canonical\" href=\"https:\/\/gyogylezer.hu\/product\/optikop-combi-5g-nw-medlaser\/\" \/>\n<meta property=\"og:locale\" content=\"en_US\" \/>\n<meta property=\"og:type\" content=\"article\" \/>\n<meta property=\"og:title\" content=\"OPTIKOP COMBI 5G NW (Medlaser)\" \/>\n<meta property=\"og:description\" content=\"Combined tabletop soft laser therapy system The Combi 5G New Wave is a professional combined tabletop soft laser therapy system with 3 connected treatment heads and selectable frequency modulation, 2 connectable point-treatment heads and a laser shower.\" \/>\n<meta property=\"og:url\" content=\"https:\/\/gyogylezer.hu\/product\/optikop-combi-5g-nw-medlaser\/\" \/>\n<meta property=\"og:site_name\" content=\"Gy\u00f3gyl\u00e9zer Csal\u00e1d - Optikop gy\u00f3gyl\u00e9zer\" \/>\n<meta property=\"article:publisher\" content=\"https:\/\/www.facebook.com\/Gyogylezer\" \/>\n<meta property=\"article:modified_time\" content=\"2025-01-13T04:17:12+00:00\" \/>\n<meta property=\"og:image\" content=\"https:\/\/gyogylezer.hu\/wp-content\/uploads\/2024\/10\/PirosCombi-5G-kicsi-4.png\" \/>\n\t<meta property=\"og:image:width\" content=\"940\" \/>\n\t<meta property=\"og:image:height\" content=\"788\" \/>\n\t<meta property=\"og:image:type\" content=\"image\/png\" \/>\n<meta name=\"twitter:card\" content=\"summary_large_image\" \/>\n<meta name=\"twitter:label1\" content=\"Est. reading time\" \/>\n\t<meta name=\"twitter:data1\" content=\"1 minute\" \/>\n<script type=\"application\/ld+json\" class=\"yoast-schema-graph\">{\"@context\":\"https:\\\/\\\/schema.org\",\"@graph\":[{\"@type\":\"WebPage\",\"@id\":\"https:\\\/\\\/gyogylezer.hu\\\/product\\\/optikop-combi-5g-nw-medlaser\\\/\",\"url\":\"https:\\\/\\\/gyogylezer.hu\\\/product\\\/optikop-combi-5g-nw-medlaser\\\/\",\"name\":\"OPTIKOP COMBI 5G NW (Medlaser) - Gy\u00f3gyl\u00e9zer Csal\u00e1d - Optikop gy\u00f3gyl\u00e9zer\",\"isPartOf\":{\"@id\":\"https:\\\/\\\/gyogylezer.hu\\\/#website\"},\"primaryImageOfPage\":{\"@id\":\"https:\\\/\\\/gyogylezer.hu\\\/product\\\/optikop-combi-5g-nw-medlaser\\\/#primaryimage\"},\"image\":{\"@id\":\"https:\\\/\\\/gyogylezer.hu\\\/product\\\/optikop-combi-5g-nw-medlaser\\\/#primaryimage\"},\"thumbnailUrl\":\"https:\\\/\\\/gyogylezer.hu\\\/wp-content\\\/uploads\\\/2024\\\/10\\\/PirosCombi-5G-kicsi-4.png\",\"datePublished\":\"2024-10-26T17:55:09+00:00\",\"dateModified\":\"2025-01-13T04:17:12+00:00\",\"breadcrumb\":{\"@id\":\"https:\\\/\\\/gyogylezer.hu\\\/product\\\/optikop-combi-5g-nw-medlaser\\\/#breadcrumb\"},\"inLanguage\":\"en-US\",\"potentialAction\":[{\"@type\":\"ReadAction\",\"target\":[\"https:\\\/\\\/gyogylezer.hu\\\/product\\\/optikop-combi-5g-nw-medlaser\\\/\"]}]},{\"@type\":\"ImageObject\",\"inLanguage\":\"en-US\",\"@id\":\"https:\\\/\\\/gyogylezer.hu\\\/product\\\/optikop-combi-5g-nw-medlaser\\\/#primaryimage\",\"url\":\"https:\\\/\\\/gyogylezer.hu\\\/wp-content\\\/uploads\\\/2024\\\/10\\\/PirosCombi-5G-kicsi-4.png\",\"contentUrl\":\"https:\\\/\\\/gyogylezer.hu\\\/wp-content\\\/uploads\\\/2024\\\/10\\\/PirosCombi-5G-kicsi-4.png\",\"width\":940,\"height\":788},{\"@type\":\"BreadcrumbList\",\"@id\":\"https:\\\/\\\/gyogylezer.hu\\\/product\\\/optikop-combi-5g-nw-medlaser\\\/#breadcrumb\",\"itemListElement\":[{\"@type\":\"ListItem\",\"position\":1,\"name\":\"Home\",\"item\":\"https:\\\/\\\/gyogylezer.hu\\\/en\\\/\"},{\"@type\":\"ListItem\",\"position\":2,\"name\":\"Devices\",\"item\":\"https:\\\/\\\/gyogylezer.hu\\\/keszulekek\\\/\"},{\"@type\":\"ListItem\",\"position\":3,\"name\":\"OPTIKOP COMBI 5G NW (Medlaser)\"}]},{\"@type\":\"WebSite\",\"@id\":\"https:\\\/\\\/gyogylezer.hu\\\/#website\",\"url\":\"https:\\\/\\\/gyogylezer.hu\\\/\",\"name\":\"Gy\u00f3gyl\u00e9zer Csal\u00e1d - Optikop gy\u00f3gyl\u00e9zerek\",\"description\":\"L\u00e1gyl\u00e9zer a f\u00e1jdalommentes gy\u00f3gyul\u00e1s\u00e9rt\",\"publisher\":{\"@id\":\"https:\\\/\\\/gyogylezer.hu\\\/#organization\"},\"potentialAction\":[{\"@type\":\"SearchAction\",\"target\":{\"@type\":\"EntryPoint\",\"urlTemplate\":\"https:\\\/\\\/gyogylezer.hu\\\/?s={search_term_string}\"},\"query-input\":{\"@type\":\"PropertyValueSpecification\",\"valueRequired\":true,\"valueName\":\"search_term_string\"}}],\"inLanguage\":\"en-US\"},{\"@type\":\"Organization\",\"@id\":\"https:\\\/\\\/gyogylezer.hu\\\/#organization\",\"name\":\"Gy\u00f3gyl\u00e9zer Csal\u00e1d Kft.\",\"url\":\"https:\\\/\\\/gyogylezer.hu\\\/\",\"logo\":{\"@type\":\"ImageObject\",\"inLanguage\":\"en-US\",\"@id\":\"https:\\\/\\\/gyogylezer.hu\\\/#\\\/schema\\\/logo\\\/image\\\/\",\"url\":\"https:\\\/\\\/gyogylezer.hu\\\/wp-content\\\/uploads\\\/2022\\\/06\\\/optikop-logo-hu.png\",\"contentUrl\":\"https:\\\/\\\/gyogylezer.hu\\\/wp-content\\\/uploads\\\/2022\\\/06\\\/optikop-logo-hu.png\",\"width\":400,\"height\":127,\"caption\":\"Gy\u00f3gyl\u00e9zer Csal\u00e1d Kft.\"},\"image\":{\"@id\":\"https:\\\/\\\/gyogylezer.hu\\\/#\\\/schema\\\/logo\\\/image\\\/\"},\"sameAs\":[\"https:\\\/\\\/www.facebook.com\\\/Gyogylezer\",\"https:\\\/\\\/www.youtube.com\\\/channel\\\/UCuRZ8IpdGjhPiy5ZFBxiP8w\"]}]}<\/script>\n<!-- \/ Yoast SEO Premium plugin. -->","yoast_head_json":{"title":"OPTIKOP COMBI 5G NW (Medlaser) - Gy\u00f3gyl\u00e9zer Csal\u00e1d - Optikop gy\u00f3gyl\u00e9zer","robots":{"index":"index","follow":"follow","max-snippet":"max-snippet:-1","max-image-preview":"max-image-preview:large","max-video-preview":"max-video-preview:-1"},"canonical":"https:\/\/gyogylezer.hu\/product\/optikop-combi-5g-nw-medlaser\/","og_locale":"en_US","og_type":"article","og_title":"OPTIKOP COMBI 5G NW (Medlaser)","og_description":"Combined tabletop soft laser therapy system The Combi 5G New Wave is a professional combined tabletop soft laser therapy system with 3 connected treatment heads and selectable frequency modulation, 2 connectable point-treatment heads and a laser shower.","og_url":"https:\/\/gyogylezer.hu\/product\/optikop-combi-5g-nw-medlaser\/","og_site_name":"Gy\u00f3gyl\u00e9zer Csal\u00e1d - Optikop gy\u00f3gyl\u00e9zer","article_publisher":"https:\/\/www.facebook.com\/Gyogylezer","article_modified_time":"2025-01-13T04:17:12+00:00","og_image":[{"width":940,"height":788,"url":"https:\/\/gyogylezer.hu\/wp-content\/uploads\/2024\/10\/PirosCombi-5G-kicsi-4.png","type":"image\/png"}],"twitter_card":"summary_large_image","twitter_misc":{"Est. reading time":"1 minute"},"schema":{"@context":"https:\/\/schema.org","@graph":[{"@type":"WebPage","@id":"https:\/\/gyogylezer.hu\/product\/optikop-combi-5g-nw-medlaser\/","url":"https:\/\/gyogylezer.hu\/product\/optikop-combi-5g-nw-medlaser\/","name":"OPTIKOP COMBI 5G NW (Medlaser) - Gy\u00f3gyl\u00e9zer Csal\u00e1d - Optikop gy\u00f3gyl\u00e9zer","isPartOf":{"@id":"https:\/\/gyogylezer.hu\/#website"},"primaryImageOfPage":{"@id":"https:\/\/gyogylezer.hu\/product\/optikop-combi-5g-nw-medlaser\/#primaryimage"},"image":{"@id":"https:\/\/gyogylezer.hu\/product\/optikop-combi-5g-nw-medlaser\/#primaryimage"},"thumbnailUrl":"https:\/\/gyogylezer.hu\/wp-content\/uploads\/2024\/10\/PirosCombi-5G-kicsi-4.png","datePublished":"2024-10-26T17:55:09+00:00","dateModified":"2025-01-13T04:17:12+00:00","breadcrumb":{"@id":"https:\/\/gyogylezer.hu\/product\/optikop-combi-5g-nw-medlaser\/#breadcrumb"},"inLanguage":"en-US","potentialAction":[{"@type":"ReadAction","target":["https:\/\/gyogylezer.hu\/product\/optikop-combi-5g-nw-medlaser\/"]}]},{"@type":"ImageObject","inLanguage":"en-US","@id":"https:\/\/gyogylezer.hu\/product\/optikop-combi-5g-nw-medlaser\/#primaryimage","url":"https:\/\/gyogylezer.hu\/wp-content\/uploads\/2024\/10\/PirosCombi-5G-kicsi-4.png","contentUrl":"https:\/\/gyogylezer.hu\/wp-content\/uploads\/2024\/10\/PirosCombi-5G-kicsi-4.png","width":940,"height":788},{"@type":"BreadcrumbList","@id":"https:\/\/gyogylezer.hu\/product\/optikop-combi-5g-nw-medlaser\/#breadcrumb","itemListElement":[{"@type":"ListItem","position":1,"name":"Home","item":"https:\/\/gyogylezer.hu\/en\/"},{"@type":"ListItem","position":2,"name":"Devices","item":"https:\/\/gyogylezer.hu\/keszulekek\/"},{"@type":"ListItem","position":3,"name":"OPTIKOP COMBI 5G NW (Medlaser)"}]},{"@type":"WebSite","@id":"https:\/\/gyogylezer.hu\/#website","url":"https:\/\/gyogylezer.hu\/","name":"Gy\u00f3gyl\u00e9zer Csal\u00e1d - Optikop gy\u00f3gyl\u00e9zerek","description":"L\u00e1gyl\u00e9zer a f\u00e1jdalommentes gy\u00f3gyul\u00e1s\u00e9rt","publisher":{"@id":"https:\/\/gyogylezer.hu\/#organization"},"potentialAction":[{"@type":"SearchAction","target":{"@type":"EntryPoint","urlTemplate":"https:\/\/gyogylezer.hu\/?s={search_term_string}"},"query-input":{"@type":"PropertyValueSpecification","valueRequired":true,"valueName":"search_term_string"}}],"inLanguage":"en-US"},{"@type":"Organization","@id":"https:\/\/gyogylezer.hu\/#organization","name":"Gy\u00f3gyl\u00e9zer Csal\u00e1d Kft.","url":"https:\/\/gyogylezer.hu\/","logo":{"@type":"ImageObject","inLanguage":"en-US","@id":"https:\/\/gyogylezer.hu\/#\/schema\/logo\/image\/","url":"https:\/\/gyogylezer.hu\/wp-content\/uploads\/2022\/06\/optikop-logo-hu.png","contentUrl":"https:\/\/gyogylezer.hu\/wp-content\/uploads\/2022\/06\/optikop-logo-hu.png","width":400,"height":127,"caption":"Gy\u00f3gyl\u00e9zer Csal\u00e1d Kft."},"image":{"@id":"https:\/\/gyogylezer.hu\/#\/schema\/logo\/image\/"},"sameAs":["https:\/\/www.facebook.com\/Gyogylezer","https:\/\/www.youtube.com\/channel\/UCuRZ8IpdGjhPiy5ZFBxiP8w"]}]}},"_links":{"self":[{"href":"https:\/\/gyogylezer.hu\/en\/wp-json\/wp\/v2\/product\/1272","targetHints":{"allow":["GET"]}}],"collection":[{"href":"https:\/\/gyogylezer.hu\/en\/wp-json\/wp\/v2\/product"}],"about":[{"href":"https:\/\/gyogylezer.hu\/en\/wp-json\/wp\/v2\/types\/product"}],"version-history":[{"count":0,"href":"https:\/\/gyogylezer.hu\/en\/wp-json\/wp\/v2\/product\/1272\/revisions"}],"wp:featuredmedia":[{"embeddable":true,"href":"https:\/\/gyogylezer.hu\/en\/wp-json\/wp\/v2\/media\/1239"}],"wp:attachment":[{"href":"https:\/\/gyogylezer.hu\/en\/wp-json\/wp\/v2\/media?parent=1272"}],"wp:term":[{"taxonomy":"product_brand","embeddable":true,"href":"https:\/\/gyogylezer.hu\/en\/wp-json\/wp\/v2\/product_brand?post=1272"},{"taxonomy":"product_cat","embeddable":true,"href":"https:\/\/gyogylezer.hu\/en\/wp-json\/wp\/v2\/product_cat?post=1272"},{"taxonomy":"product_tag","embeddable":true,"href":"https:\/\/gyogylezer.hu\/en\/wp-json\/wp\/v2\/product_tag?post=1272"}],"curies":[{"name":"wp","href":"https:\/\/api.w.org\/{rel}","templated":true}]}}