{"id":1280,"date":"2024-03-14T20:59:49","date_gmt":"2024-03-14T19:59:49","guid":{"rendered":"https:\/\/gyogylezer.hu\/product\/fiber-optic-clamp\/"},"modified":"2024-03-14T20:59:49","modified_gmt":"2024-03-14T19:59:49","slug":"fiber-optic-clamp","status":"publish","type":"product","link":"https:\/\/gyogylezer.hu\/en\/product\/fiber-optic-clamp\/","title":{"rendered":"Fiber optic clamp"},"content":{"rendered":"<p><strong>Which devices are recommended?<\/strong><\/p>\n<p>for high power hand-held lasers and point laser heads (300+ mW)<\/p>\n<p>Physio<br \/>\nPhysio Classic<\/p>\n","protected":false},"excerpt":{"rendered":"<p>for \u00f8 8mm glass fibre<\/p>\n","protected":false},"featured_media":1168,"template":"","meta":{"_acf_changed":false},"product_brand":[],"product_cat":[114],"product_tag":[],"class_list":{"0":"post-1280","1":"product","2":"type-product","3":"status-publish","4":"has-post-thumbnail","6":"product_cat-uncategorized-en","8":"first","9":"instock","10":"shipping-taxable","11":"product-type-simple"},"acf":[],"yoast_head":"<!-- This site is optimized with the Yoast SEO Premium plugin v27.3 (Yoast SEO v27.3) - https:\/\/yoast.com\/product\/yoast-seo-premium-wordpress\/ -->\n<title>Fiber optic clamp - Gy\u00f3gyl\u00e9zer Csal\u00e1d - Optikop gy\u00f3gyl\u00e9zer<\/title>\n<meta name=\"robots\" content=\"index, follow, max-snippet:-1, max-image-preview:large, max-video-preview:-1\" \/>\n<link rel=\"canonical\" href=\"https:\/\/gyogylezer.hu\/en\/product\/fiber-optic-clamp\/\" \/>\n<meta property=\"og:locale\" content=\"en_US\" \/>\n<meta property=\"og:type\" content=\"article\" \/>\n<meta property=\"og:title\" content=\"Fiber optic clamp\" \/>\n<meta property=\"og:description\" content=\"for \u00f8 8mm glass fibre\" \/>\n<meta property=\"og:url\" content=\"https:\/\/gyogylezer.hu\/en\/product\/fiber-optic-clamp\/\" \/>\n<meta property=\"og:site_name\" content=\"Gy\u00f3gyl\u00e9zer Csal\u00e1d - Optikop gy\u00f3gyl\u00e9zer\" \/>\n<meta property=\"article:publisher\" content=\"https:\/\/www.facebook.com\/Gyogylezer\" \/>\n<meta property=\"og:image\" content=\"https:\/\/gyogylezer.hu\/wp-content\/uploads\/2024\/03\/kicsi_szaloptika_befogo_8mm.png\" \/>\n\t<meta property=\"og:image:width\" content=\"1000\" \/>\n\t<meta property=\"og:image:height\" content=\"1000\" \/>\n\t<meta property=\"og:image:type\" content=\"image\/png\" \/>\n<meta name=\"twitter:card\" content=\"summary_large_image\" \/>\n<script type=\"application\/ld+json\" class=\"yoast-schema-graph\">{\"@context\":\"https:\\\/\\\/schema.org\",\"@graph\":[{\"@type\":\"WebPage\",\"@id\":\"https:\\\/\\\/gyogylezer.hu\\\/en\\\/product\\\/fiber-optic-clamp\\\/\",\"url\":\"https:\\\/\\\/gyogylezer.hu\\\/en\\\/product\\\/fiber-optic-clamp\\\/\",\"name\":\"Fiber optic clamp - Gy\u00f3gyl\u00e9zer Csal\u00e1d - Optikop gy\u00f3gyl\u00e9zer\",\"isPartOf\":{\"@id\":\"https:\\\/\\\/gyogylezer.hu\\\/#website\"},\"primaryImageOfPage\":{\"@id\":\"https:\\\/\\\/gyogylezer.hu\\\/en\\\/product\\\/fiber-optic-clamp\\\/#primaryimage\"},\"image\":{\"@id\":\"https:\\\/\\\/gyogylezer.hu\\\/en\\\/product\\\/fiber-optic-clamp\\\/#primaryimage\"},\"thumbnailUrl\":\"https:\\\/\\\/gyogylezer.hu\\\/wp-content\\\/uploads\\\/2024\\\/03\\\/kicsi_szaloptika_befogo_8mm.png\",\"datePublished\":\"2024-03-14T19:59:49+00:00\",\"breadcrumb\":{\"@id\":\"https:\\\/\\\/gyogylezer.hu\\\/en\\\/product\\\/fiber-optic-clamp\\\/#breadcrumb\"},\"inLanguage\":\"en-US\",\"potentialAction\":[{\"@type\":\"ReadAction\",\"target\":[\"https:\\\/\\\/gyogylezer.hu\\\/en\\\/product\\\/fiber-optic-clamp\\\/\"]}]},{\"@type\":\"ImageObject\",\"inLanguage\":\"en-US\",\"@id\":\"https:\\\/\\\/gyogylezer.hu\\\/en\\\/product\\\/fiber-optic-clamp\\\/#primaryimage\",\"url\":\"https:\\\/\\\/gyogylezer.hu\\\/wp-content\\\/uploads\\\/2024\\\/03\\\/kicsi_szaloptika_befogo_8mm.png\",\"contentUrl\":\"https:\\\/\\\/gyogylezer.hu\\\/wp-content\\\/uploads\\\/2024\\\/03\\\/kicsi_szaloptika_befogo_8mm.png\",\"width\":1000,\"height\":1000},{\"@type\":\"BreadcrumbList\",\"@id\":\"https:\\\/\\\/gyogylezer.hu\\\/en\\\/product\\\/fiber-optic-clamp\\\/#breadcrumb\",\"itemListElement\":[{\"@type\":\"ListItem\",\"position\":1,\"name\":\"Home\",\"item\":\"https:\\\/\\\/gyogylezer.hu\\\/en\\\/\"},{\"@type\":\"ListItem\",\"position\":2,\"name\":\"Devices\",\"item\":\"https:\\\/\\\/gyogylezer.hu\\\/keszulekek\\\/\"},{\"@type\":\"ListItem\",\"position\":3,\"name\":\"Fiber optic clamp\"}]},{\"@type\":\"WebSite\",\"@id\":\"https:\\\/\\\/gyogylezer.hu\\\/#website\",\"url\":\"https:\\\/\\\/gyogylezer.hu\\\/\",\"name\":\"Gy\u00f3gyl\u00e9zer Csal\u00e1d - Optikop gy\u00f3gyl\u00e9zerek\",\"description\":\"L\u00e1gyl\u00e9zer a f\u00e1jdalommentes gy\u00f3gyul\u00e1s\u00e9rt\",\"publisher\":{\"@id\":\"https:\\\/\\\/gyogylezer.hu\\\/#organization\"},\"potentialAction\":[{\"@type\":\"SearchAction\",\"target\":{\"@type\":\"EntryPoint\",\"urlTemplate\":\"https:\\\/\\\/gyogylezer.hu\\\/?s={search_term_string}\"},\"query-input\":{\"@type\":\"PropertyValueSpecification\",\"valueRequired\":true,\"valueName\":\"search_term_string\"}}],\"inLanguage\":\"en-US\"},{\"@type\":\"Organization\",\"@id\":\"https:\\\/\\\/gyogylezer.hu\\\/#organization\",\"name\":\"Gy\u00f3gyl\u00e9zer Csal\u00e1d Kft.\",\"url\":\"https:\\\/\\\/gyogylezer.hu\\\/\",\"logo\":{\"@type\":\"ImageObject\",\"inLanguage\":\"en-US\",\"@id\":\"https:\\\/\\\/gyogylezer.hu\\\/#\\\/schema\\\/logo\\\/image\\\/\",\"url\":\"https:\\\/\\\/gyogylezer.hu\\\/wp-content\\\/uploads\\\/2022\\\/06\\\/optikop-logo-hu.png\",\"contentUrl\":\"https:\\\/\\\/gyogylezer.hu\\\/wp-content\\\/uploads\\\/2022\\\/06\\\/optikop-logo-hu.png\",\"width\":400,\"height\":127,\"caption\":\"Gy\u00f3gyl\u00e9zer Csal\u00e1d Kft.\"},\"image\":{\"@id\":\"https:\\\/\\\/gyogylezer.hu\\\/#\\\/schema\\\/logo\\\/image\\\/\"},\"sameAs\":[\"https:\\\/\\\/www.facebook.com\\\/Gyogylezer\",\"https:\\\/\\\/www.youtube.com\\\/channel\\\/UCuRZ8IpdGjhPiy5ZFBxiP8w\"]}]}<\/script>\n<!-- \/ Yoast SEO Premium plugin. -->","yoast_head_json":{"title":"Fiber optic clamp - Gy\u00f3gyl\u00e9zer Csal\u00e1d - Optikop gy\u00f3gyl\u00e9zer","robots":{"index":"index","follow":"follow","max-snippet":"max-snippet:-1","max-image-preview":"max-image-preview:large","max-video-preview":"max-video-preview:-1"},"canonical":"https:\/\/gyogylezer.hu\/en\/product\/fiber-optic-clamp\/","og_locale":"en_US","og_type":"article","og_title":"Fiber optic clamp","og_description":"for \u00f8 8mm glass fibre","og_url":"https:\/\/gyogylezer.hu\/en\/product\/fiber-optic-clamp\/","og_site_name":"Gy\u00f3gyl\u00e9zer Csal\u00e1d - Optikop gy\u00f3gyl\u00e9zer","article_publisher":"https:\/\/www.facebook.com\/Gyogylezer","og_image":[{"width":1000,"height":1000,"url":"https:\/\/gyogylezer.hu\/wp-content\/uploads\/2024\/03\/kicsi_szaloptika_befogo_8mm.png","type":"image\/png"}],"twitter_card":"summary_large_image","schema":{"@context":"https:\/\/schema.org","@graph":[{"@type":"WebPage","@id":"https:\/\/gyogylezer.hu\/en\/product\/fiber-optic-clamp\/","url":"https:\/\/gyogylezer.hu\/en\/product\/fiber-optic-clamp\/","name":"Fiber optic clamp - Gy\u00f3gyl\u00e9zer Csal\u00e1d - Optikop gy\u00f3gyl\u00e9zer","isPartOf":{"@id":"https:\/\/gyogylezer.hu\/#website"},"primaryImageOfPage":{"@id":"https:\/\/gyogylezer.hu\/en\/product\/fiber-optic-clamp\/#primaryimage"},"image":{"@id":"https:\/\/gyogylezer.hu\/en\/product\/fiber-optic-clamp\/#primaryimage"},"thumbnailUrl":"https:\/\/gyogylezer.hu\/wp-content\/uploads\/2024\/03\/kicsi_szaloptika_befogo_8mm.png","datePublished":"2024-03-14T19:59:49+00:00","breadcrumb":{"@id":"https:\/\/gyogylezer.hu\/en\/product\/fiber-optic-clamp\/#breadcrumb"},"inLanguage":"en-US","potentialAction":[{"@type":"ReadAction","target":["https:\/\/gyogylezer.hu\/en\/product\/fiber-optic-clamp\/"]}]},{"@type":"ImageObject","inLanguage":"en-US","@id":"https:\/\/gyogylezer.hu\/en\/product\/fiber-optic-clamp\/#primaryimage","url":"https:\/\/gyogylezer.hu\/wp-content\/uploads\/2024\/03\/kicsi_szaloptika_befogo_8mm.png","contentUrl":"https:\/\/gyogylezer.hu\/wp-content\/uploads\/2024\/03\/kicsi_szaloptika_befogo_8mm.png","width":1000,"height":1000},{"@type":"BreadcrumbList","@id":"https:\/\/gyogylezer.hu\/en\/product\/fiber-optic-clamp\/#breadcrumb","itemListElement":[{"@type":"ListItem","position":1,"name":"Home","item":"https:\/\/gyogylezer.hu\/en\/"},{"@type":"ListItem","position":2,"name":"Devices","item":"https:\/\/gyogylezer.hu\/keszulekek\/"},{"@type":"ListItem","position":3,"name":"Fiber optic clamp"}]},{"@type":"WebSite","@id":"https:\/\/gyogylezer.hu\/#website","url":"https:\/\/gyogylezer.hu\/","name":"Gy\u00f3gyl\u00e9zer Csal\u00e1d - Optikop gy\u00f3gyl\u00e9zerek","description":"L\u00e1gyl\u00e9zer a f\u00e1jdalommentes gy\u00f3gyul\u00e1s\u00e9rt","publisher":{"@id":"https:\/\/gyogylezer.hu\/#organization"},"potentialAction":[{"@type":"SearchAction","target":{"@type":"EntryPoint","urlTemplate":"https:\/\/gyogylezer.hu\/?s={search_term_string}"},"query-input":{"@type":"PropertyValueSpecification","valueRequired":true,"valueName":"search_term_string"}}],"inLanguage":"en-US"},{"@type":"Organization","@id":"https:\/\/gyogylezer.hu\/#organization","name":"Gy\u00f3gyl\u00e9zer Csal\u00e1d Kft.","url":"https:\/\/gyogylezer.hu\/","logo":{"@type":"ImageObject","inLanguage":"en-US","@id":"https:\/\/gyogylezer.hu\/#\/schema\/logo\/image\/","url":"https:\/\/gyogylezer.hu\/wp-content\/uploads\/2022\/06\/optikop-logo-hu.png","contentUrl":"https:\/\/gyogylezer.hu\/wp-content\/uploads\/2022\/06\/optikop-logo-hu.png","width":400,"height":127,"caption":"Gy\u00f3gyl\u00e9zer Csal\u00e1d Kft."},"image":{"@id":"https:\/\/gyogylezer.hu\/#\/schema\/logo\/image\/"},"sameAs":["https:\/\/www.facebook.com\/Gyogylezer","https:\/\/www.youtube.com\/channel\/UCuRZ8IpdGjhPiy5ZFBxiP8w"]}]}},"_links":{"self":[{"href":"https:\/\/gyogylezer.hu\/en\/wp-json\/wp\/v2\/product\/1280","targetHints":{"allow":["GET"]}}],"collection":[{"href":"https:\/\/gyogylezer.hu\/en\/wp-json\/wp\/v2\/product"}],"about":[{"href":"https:\/\/gyogylezer.hu\/en\/wp-json\/wp\/v2\/types\/product"}],"version-history":[{"count":0,"href":"https:\/\/gyogylezer.hu\/en\/wp-json\/wp\/v2\/product\/1280\/revisions"}],"wp:featuredmedia":[{"embeddable":true,"href":"https:\/\/gyogylezer.hu\/en\/wp-json\/wp\/v2\/media\/1168"}],"wp:attachment":[{"href":"https:\/\/gyogylezer.hu\/en\/wp-json\/wp\/v2\/media?parent=1280"}],"wp:term":[{"taxonomy":"product_brand","embeddable":true,"href":"https:\/\/gyogylezer.hu\/en\/wp-json\/wp\/v2\/product_brand?post=1280"},{"taxonomy":"product_cat","embeddable":true,"href":"https:\/\/gyogylezer.hu\/en\/wp-json\/wp\/v2\/product_cat?post=1280"},{"taxonomy":"product_tag","embeddable":true,"href":"https:\/\/gyogylezer.hu\/en\/wp-json\/wp\/v2\/product_tag?post=1280"}],"curies":[{"name":"wp","href":"https:\/\/api.w.org\/{rel}","templated":true}]}}