{"id":1290,"date":"2024-03-07T17:43:19","date_gmt":"2024-03-07T16:43:19","guid":{"rendered":"https:\/\/gyogylezer.hu\/product\/combined-goggles-clip-on-notched\/"},"modified":"2025-01-13T05:57:36","modified_gmt":"2025-01-13T04:57:36","slug":"combined-goggles-clip-on-notched","status":"publish","type":"product","link":"https:\/\/gyogylezer.hu\/en\/product\/combined-goggles-clip-on-notched\/","title":{"rendered":"Combined goggles, clip-on, notched"},"content":{"rendered":"\t\t<div data-elementor-type=\"product-post\" data-elementor-id=\"1290\" class=\"elementor elementor-1290 elementor-856\" data-elementor-post-type=\"product\">\n\t\t\t\t\t\t<section class=\" elementor-section elementor-top-section elementor-element elementor-element-5dc89347 elementor-section-boxed elementor-section-height-default elementor-section-height-default\" data-id=\"5dc89347\" data-element_type=\"section\" data-e-type=\"section\">\r\n\t\t\t\t\t\t\t\t<div class=\"elementor-container elementor-column-gap-default\">\r\n\t\t\t\t\r\n\t\t\t\t\t\t\t\t<div class=\" elementor-column elementor-col-100 elementor-top-column elementor-element elementor-element-3258d50a \" data-id=\"3258d50a\" data-element_type=\"column\" data-e-type=\"column\">\r\n\r\n\t\t\t\t\r\n\t\t\t\t<div class=\"elementor-widget-wrap elementor-element-populated\">\r\n\t\t\t\t\t\t\t\t\t\t\r\n\t\t\t\t\t\t<div class=\"elementor-element elementor-element-38aa97ec elementor-widget elementor-widget-text-editor\" data-id=\"38aa97ec\" data-element_type=\"widget\" data-e-type=\"widget\" data-widget_type=\"text-editor.default\">\n\t\t\t\t<div class=\"elementor-widget-container\">\n\t\t\t\t\t\t\t\t\t<ul>\n<li>660 nm: OD 2 (interval: 600-700 nm)<\/li>\n<li>810 nm: OD 3 (interval: 740-860 nm)<\/li>\n<li>Measured, no CE marking<\/li>\n<\/ul>\n\t\t\t\t\t\t\t\t<\/div>\n\t\t\t\t<\/div>\n\t\t\t\t\t\t<\/div>\r\n\t\t\t\t<\/div>\r\n\t\t\t\t\t\t\t\t<\/div>\r\n\t\t\t<\/section>\r\n\t\t\t\t\t<\/div>\n\t\t","protected":false},"excerpt":{"rendered":"<p>for doctors for red and infrared lasers<\/p>\n<p>LSG 006<\/p>\n","protected":false},"featured_media":1137,"template":"","meta":{"_acf_changed":false},"product_brand":[],"product_cat":[114],"product_tag":[],"class_list":{"0":"post-1290","1":"product","2":"type-product","3":"status-publish","4":"has-post-thumbnail","6":"product_cat-uncategorized-en","8":"first","9":"instock","10":"shipping-taxable","11":"product-type-simple"},"acf":[],"yoast_head":"<!-- This site is optimized with the Yoast SEO Premium plugin v27.3 (Yoast SEO v27.3) - https:\/\/yoast.com\/product\/yoast-seo-premium-wordpress\/ -->\n<title>Combined goggles, clip-on, notched - Gy\u00f3gyl\u00e9zer Csal\u00e1d - Optikop gy\u00f3gyl\u00e9zer<\/title>\n<meta name=\"robots\" content=\"index, follow, max-snippet:-1, max-image-preview:large, max-video-preview:-1\" \/>\n<link rel=\"canonical\" href=\"https:\/\/gyogylezer.hu\/en\/product\/combined-goggles-clip-on-notched\/\" \/>\n<meta property=\"og:locale\" content=\"en_US\" \/>\n<meta property=\"og:type\" content=\"article\" \/>\n<meta property=\"og:title\" content=\"Combined goggles, clip-on, notched\" \/>\n<meta property=\"og:description\" content=\"for doctors for red and infrared lasers LSG 006\" \/>\n<meta property=\"og:url\" content=\"https:\/\/gyogylezer.hu\/en\/product\/combined-goggles-clip-on-notched\/\" \/>\n<meta property=\"og:site_name\" content=\"Gy\u00f3gyl\u00e9zer Csal\u00e1d - Optikop gy\u00f3gyl\u00e9zer\" \/>\n<meta property=\"article:publisher\" content=\"https:\/\/www.facebook.com\/Gyogylezer\" \/>\n<meta property=\"article:modified_time\" content=\"2025-01-13T04:57:36+00:00\" \/>\n<meta property=\"og:image\" content=\"https:\/\/gyogylezer.hu\/wp-content\/uploads\/2024\/03\/lsg_006_kicsi.png\" \/>\n\t<meta property=\"og:image:width\" content=\"1000\" \/>\n\t<meta property=\"og:image:height\" content=\"1000\" \/>\n\t<meta property=\"og:image:type\" content=\"image\/png\" \/>\n<meta name=\"twitter:card\" content=\"summary_large_image\" \/>\n<script type=\"application\/ld+json\" class=\"yoast-schema-graph\">{\"@context\":\"https:\\\/\\\/schema.org\",\"@graph\":[{\"@type\":\"WebPage\",\"@id\":\"https:\\\/\\\/gyogylezer.hu\\\/en\\\/product\\\/combined-goggles-clip-on-notched\\\/\",\"url\":\"https:\\\/\\\/gyogylezer.hu\\\/en\\\/product\\\/combined-goggles-clip-on-notched\\\/\",\"name\":\"Combined goggles, clip-on, notched - Gy\u00f3gyl\u00e9zer Csal\u00e1d - Optikop gy\u00f3gyl\u00e9zer\",\"isPartOf\":{\"@id\":\"https:\\\/\\\/gyogylezer.hu\\\/#website\"},\"primaryImageOfPage\":{\"@id\":\"https:\\\/\\\/gyogylezer.hu\\\/en\\\/product\\\/combined-goggles-clip-on-notched\\\/#primaryimage\"},\"image\":{\"@id\":\"https:\\\/\\\/gyogylezer.hu\\\/en\\\/product\\\/combined-goggles-clip-on-notched\\\/#primaryimage\"},\"thumbnailUrl\":\"https:\\\/\\\/gyogylezer.hu\\\/wp-content\\\/uploads\\\/2024\\\/03\\\/lsg_006_kicsi.png\",\"datePublished\":\"2024-03-07T16:43:19+00:00\",\"dateModified\":\"2025-01-13T04:57:36+00:00\",\"breadcrumb\":{\"@id\":\"https:\\\/\\\/gyogylezer.hu\\\/en\\\/product\\\/combined-goggles-clip-on-notched\\\/#breadcrumb\"},\"inLanguage\":\"en-US\",\"potentialAction\":[{\"@type\":\"ReadAction\",\"target\":[\"https:\\\/\\\/gyogylezer.hu\\\/en\\\/product\\\/combined-goggles-clip-on-notched\\\/\"]}]},{\"@type\":\"ImageObject\",\"inLanguage\":\"en-US\",\"@id\":\"https:\\\/\\\/gyogylezer.hu\\\/en\\\/product\\\/combined-goggles-clip-on-notched\\\/#primaryimage\",\"url\":\"https:\\\/\\\/gyogylezer.hu\\\/wp-content\\\/uploads\\\/2024\\\/03\\\/lsg_006_kicsi.png\",\"contentUrl\":\"https:\\\/\\\/gyogylezer.hu\\\/wp-content\\\/uploads\\\/2024\\\/03\\\/lsg_006_kicsi.png\",\"width\":1000,\"height\":1000},{\"@type\":\"BreadcrumbList\",\"@id\":\"https:\\\/\\\/gyogylezer.hu\\\/en\\\/product\\\/combined-goggles-clip-on-notched\\\/#breadcrumb\",\"itemListElement\":[{\"@type\":\"ListItem\",\"position\":1,\"name\":\"Home\",\"item\":\"https:\\\/\\\/gyogylezer.hu\\\/en\\\/\"},{\"@type\":\"ListItem\",\"position\":2,\"name\":\"Devices\",\"item\":\"https:\\\/\\\/gyogylezer.hu\\\/keszulekek\\\/\"},{\"@type\":\"ListItem\",\"position\":3,\"name\":\"Combined goggles, clip-on, notched\"}]},{\"@type\":\"WebSite\",\"@id\":\"https:\\\/\\\/gyogylezer.hu\\\/#website\",\"url\":\"https:\\\/\\\/gyogylezer.hu\\\/\",\"name\":\"Gy\u00f3gyl\u00e9zer Csal\u00e1d - Optikop gy\u00f3gyl\u00e9zerek\",\"description\":\"L\u00e1gyl\u00e9zer a f\u00e1jdalommentes gy\u00f3gyul\u00e1s\u00e9rt\",\"publisher\":{\"@id\":\"https:\\\/\\\/gyogylezer.hu\\\/#organization\"},\"potentialAction\":[{\"@type\":\"SearchAction\",\"target\":{\"@type\":\"EntryPoint\",\"urlTemplate\":\"https:\\\/\\\/gyogylezer.hu\\\/?s={search_term_string}\"},\"query-input\":{\"@type\":\"PropertyValueSpecification\",\"valueRequired\":true,\"valueName\":\"search_term_string\"}}],\"inLanguage\":\"en-US\"},{\"@type\":\"Organization\",\"@id\":\"https:\\\/\\\/gyogylezer.hu\\\/#organization\",\"name\":\"Gy\u00f3gyl\u00e9zer Csal\u00e1d Kft.\",\"url\":\"https:\\\/\\\/gyogylezer.hu\\\/\",\"logo\":{\"@type\":\"ImageObject\",\"inLanguage\":\"en-US\",\"@id\":\"https:\\\/\\\/gyogylezer.hu\\\/#\\\/schema\\\/logo\\\/image\\\/\",\"url\":\"https:\\\/\\\/gyogylezer.hu\\\/wp-content\\\/uploads\\\/2022\\\/06\\\/optikop-logo-hu.png\",\"contentUrl\":\"https:\\\/\\\/gyogylezer.hu\\\/wp-content\\\/uploads\\\/2022\\\/06\\\/optikop-logo-hu.png\",\"width\":400,\"height\":127,\"caption\":\"Gy\u00f3gyl\u00e9zer Csal\u00e1d Kft.\"},\"image\":{\"@id\":\"https:\\\/\\\/gyogylezer.hu\\\/#\\\/schema\\\/logo\\\/image\\\/\"},\"sameAs\":[\"https:\\\/\\\/www.facebook.com\\\/Gyogylezer\",\"https:\\\/\\\/www.youtube.com\\\/channel\\\/UCuRZ8IpdGjhPiy5ZFBxiP8w\"]}]}<\/script>\n<!-- \/ Yoast SEO Premium plugin. -->","yoast_head_json":{"title":"Combined goggles, clip-on, notched - Gy\u00f3gyl\u00e9zer Csal\u00e1d - Optikop gy\u00f3gyl\u00e9zer","robots":{"index":"index","follow":"follow","max-snippet":"max-snippet:-1","max-image-preview":"max-image-preview:large","max-video-preview":"max-video-preview:-1"},"canonical":"https:\/\/gyogylezer.hu\/en\/product\/combined-goggles-clip-on-notched\/","og_locale":"en_US","og_type":"article","og_title":"Combined goggles, clip-on, notched","og_description":"for doctors for red and infrared lasers LSG 006","og_url":"https:\/\/gyogylezer.hu\/en\/product\/combined-goggles-clip-on-notched\/","og_site_name":"Gy\u00f3gyl\u00e9zer Csal\u00e1d - Optikop gy\u00f3gyl\u00e9zer","article_publisher":"https:\/\/www.facebook.com\/Gyogylezer","article_modified_time":"2025-01-13T04:57:36+00:00","og_image":[{"width":1000,"height":1000,"url":"https:\/\/gyogylezer.hu\/wp-content\/uploads\/2024\/03\/lsg_006_kicsi.png","type":"image\/png"}],"twitter_card":"summary_large_image","schema":{"@context":"https:\/\/schema.org","@graph":[{"@type":"WebPage","@id":"https:\/\/gyogylezer.hu\/en\/product\/combined-goggles-clip-on-notched\/","url":"https:\/\/gyogylezer.hu\/en\/product\/combined-goggles-clip-on-notched\/","name":"Combined goggles, clip-on, notched - Gy\u00f3gyl\u00e9zer Csal\u00e1d - Optikop gy\u00f3gyl\u00e9zer","isPartOf":{"@id":"https:\/\/gyogylezer.hu\/#website"},"primaryImageOfPage":{"@id":"https:\/\/gyogylezer.hu\/en\/product\/combined-goggles-clip-on-notched\/#primaryimage"},"image":{"@id":"https:\/\/gyogylezer.hu\/en\/product\/combined-goggles-clip-on-notched\/#primaryimage"},"thumbnailUrl":"https:\/\/gyogylezer.hu\/wp-content\/uploads\/2024\/03\/lsg_006_kicsi.png","datePublished":"2024-03-07T16:43:19+00:00","dateModified":"2025-01-13T04:57:36+00:00","breadcrumb":{"@id":"https:\/\/gyogylezer.hu\/en\/product\/combined-goggles-clip-on-notched\/#breadcrumb"},"inLanguage":"en-US","potentialAction":[{"@type":"ReadAction","target":["https:\/\/gyogylezer.hu\/en\/product\/combined-goggles-clip-on-notched\/"]}]},{"@type":"ImageObject","inLanguage":"en-US","@id":"https:\/\/gyogylezer.hu\/en\/product\/combined-goggles-clip-on-notched\/#primaryimage","url":"https:\/\/gyogylezer.hu\/wp-content\/uploads\/2024\/03\/lsg_006_kicsi.png","contentUrl":"https:\/\/gyogylezer.hu\/wp-content\/uploads\/2024\/03\/lsg_006_kicsi.png","width":1000,"height":1000},{"@type":"BreadcrumbList","@id":"https:\/\/gyogylezer.hu\/en\/product\/combined-goggles-clip-on-notched\/#breadcrumb","itemListElement":[{"@type":"ListItem","position":1,"name":"Home","item":"https:\/\/gyogylezer.hu\/en\/"},{"@type":"ListItem","position":2,"name":"Devices","item":"https:\/\/gyogylezer.hu\/keszulekek\/"},{"@type":"ListItem","position":3,"name":"Combined goggles, clip-on, notched"}]},{"@type":"WebSite","@id":"https:\/\/gyogylezer.hu\/#website","url":"https:\/\/gyogylezer.hu\/","name":"Gy\u00f3gyl\u00e9zer Csal\u00e1d - Optikop gy\u00f3gyl\u00e9zerek","description":"L\u00e1gyl\u00e9zer a f\u00e1jdalommentes gy\u00f3gyul\u00e1s\u00e9rt","publisher":{"@id":"https:\/\/gyogylezer.hu\/#organization"},"potentialAction":[{"@type":"SearchAction","target":{"@type":"EntryPoint","urlTemplate":"https:\/\/gyogylezer.hu\/?s={search_term_string}"},"query-input":{"@type":"PropertyValueSpecification","valueRequired":true,"valueName":"search_term_string"}}],"inLanguage":"en-US"},{"@type":"Organization","@id":"https:\/\/gyogylezer.hu\/#organization","name":"Gy\u00f3gyl\u00e9zer Csal\u00e1d Kft.","url":"https:\/\/gyogylezer.hu\/","logo":{"@type":"ImageObject","inLanguage":"en-US","@id":"https:\/\/gyogylezer.hu\/#\/schema\/logo\/image\/","url":"https:\/\/gyogylezer.hu\/wp-content\/uploads\/2022\/06\/optikop-logo-hu.png","contentUrl":"https:\/\/gyogylezer.hu\/wp-content\/uploads\/2022\/06\/optikop-logo-hu.png","width":400,"height":127,"caption":"Gy\u00f3gyl\u00e9zer Csal\u00e1d Kft."},"image":{"@id":"https:\/\/gyogylezer.hu\/#\/schema\/logo\/image\/"},"sameAs":["https:\/\/www.facebook.com\/Gyogylezer","https:\/\/www.youtube.com\/channel\/UCuRZ8IpdGjhPiy5ZFBxiP8w"]}]}},"_links":{"self":[{"href":"https:\/\/gyogylezer.hu\/en\/wp-json\/wp\/v2\/product\/1290","targetHints":{"allow":["GET"]}}],"collection":[{"href":"https:\/\/gyogylezer.hu\/en\/wp-json\/wp\/v2\/product"}],"about":[{"href":"https:\/\/gyogylezer.hu\/en\/wp-json\/wp\/v2\/types\/product"}],"version-history":[{"count":0,"href":"https:\/\/gyogylezer.hu\/en\/wp-json\/wp\/v2\/product\/1290\/revisions"}],"wp:featuredmedia":[{"embeddable":true,"href":"https:\/\/gyogylezer.hu\/en\/wp-json\/wp\/v2\/media\/1137"}],"wp:attachment":[{"href":"https:\/\/gyogylezer.hu\/en\/wp-json\/wp\/v2\/media?parent=1290"}],"wp:term":[{"taxonomy":"product_brand","embeddable":true,"href":"https:\/\/gyogylezer.hu\/en\/wp-json\/wp\/v2\/product_brand?post=1290"},{"taxonomy":"product_cat","embeddable":true,"href":"https:\/\/gyogylezer.hu\/en\/wp-json\/wp\/v2\/product_cat?post=1290"},{"taxonomy":"product_tag","embeddable":true,"href":"https:\/\/gyogylezer.hu\/en\/wp-json\/wp\/v2\/product_tag?post=1290"}],"curies":[{"name":"wp","href":"https:\/\/api.w.org\/{rel}","templated":true}]}}