{"id":1307,"date":"2024-02-27T17:13:22","date_gmt":"2024-02-27T16:13:22","guid":{"rendered":"https:\/\/gyogylezer.hu\/product\/red-point-control-head-for-tabletop-controller\/"},"modified":"2025-01-13T06:45:48","modified_gmt":"2025-01-13T05:45:48","slug":"red-point-control-head-for-tabletop-controller","status":"publish","type":"product","link":"https:\/\/gyogylezer.hu\/en\/product\/red-point-control-head-for-tabletop-controller\/","title":{"rendered":"Red point control head for tabletop controller"},"content":{"rendered":"\t\t<div data-elementor-type=\"product-post\" data-elementor-id=\"1307\" class=\"elementor elementor-1307 elementor-783\" data-elementor-post-type=\"product\">\n\t\t\t\t\t\t<section class=\" elementor-section elementor-top-section elementor-element elementor-element-7712061b elementor-section-boxed elementor-section-height-default elementor-section-height-default\" data-id=\"7712061b\" data-element_type=\"section\" data-e-type=\"section\">\r\n\t\t\t\t\t\t\t\t<div class=\"elementor-container elementor-column-gap-default\">\r\n\t\t\t\t\r\n\t\t\t\t\t\t\t\t<div class=\" elementor-column elementor-col-100 elementor-top-column elementor-element elementor-element-154763a2 \" data-id=\"154763a2\" data-element_type=\"column\" data-e-type=\"column\">\r\n\r\n\t\t\t\t\r\n\t\t\t\t<div class=\"elementor-widget-wrap elementor-element-populated\">\r\n\t\t\t\t\t\t\t\t\t\t\r\n\t\t\t\t\t\t<div class=\"elementor-element elementor-element-197de768 elementor-widget elementor-widget-text-editor\" data-id=\"197de768\" data-element_type=\"widget\" data-e-type=\"widget\" data-widget_type=\"text-editor.default\">\n\t\t\t\t<div class=\"elementor-widget-container\">\n\t\t\t\t\t\t\t\t\t<p>Physio\/Beauty Classic point laser treatment head is a diode-containing soft laser treatment head that can be fitted to the Optikop Physio\/Beauty Classic and the Optikop Combi 5G tabletop controller. It connects to the controller with a simple, secure, threaded plug. Available in both low and high-power versions, the controllers continuously monitor the output of the treatment head. The treatment head is easy to operate and clean.   <\/p>\n<table>\n<tbody>\n<tr>\n<td width=\"218\">\n<p><strong>Treatment head<\/strong><\/p>\n<\/td>\n<td width=\"139\">\n<p><strong>Red-diode performance<\/strong><\/p>\n<\/td>\n<\/tr>\n<tr>\n<td width=\"218\">\n<p><strong>Physio ClassicF-50 V <\/strong><\/p>\n<\/td>\n<td width=\"139\">\n<p>45 mW<\/p>\n<\/td>\n<\/tr>\n<tr>\n<td width=\"218\">\n<p><strong>Physio ClassicF-100 V<\/strong><\/p>\n<\/td>\n<td width=\"139\">\n<p>90 mW<\/p>\n<\/td>\n<\/tr>\n<tr>\n<td width=\"218\">\n<p><strong>Physio ClassicF-150 V<\/strong><\/p>\n<\/td>\n<td width=\"139\">\n<p>135 mW<\/p>\n<\/td>\n<\/tr>\n<tr>\n<td width=\"218\">\n<p><strong>Physio ClassicF-350 V <\/strong><\/p>\n<\/td>\n<td width=\"139\">\n<p>333 mW<\/p>\n<\/td>\n<\/tr>\n<\/tbody>\n<\/table>\n<h5><span style=\"color: #d50032;\">Who is it for?<\/span><\/h5>\n<p>\u2022 for dermatological treatments<br \/>\u2022 ear acupuncturists<br \/>\u2022 doctors, general practitioners, dentists<br \/>\u2022 for busy surgeries, medical institutions, private clinics<\/p>\n<h5><span style=\"color: #d50032;\">Examples of use<\/span><\/h5>\n<p>\u2022 acupuncture<br \/>\u2022 treatment of superficial tissues (wound, herpes, aphta, scar, etc.)<br \/>\u2022 post-surgical treatments<br \/>\u2022 for use in sports medicine (wound healing, surface inflammation and pain relief)<\/p>\n\t\t\t\t\t\t\t\t<\/div>\n\t\t\t\t<\/div>\n\t\t\t\t\t\t<\/div>\r\n\t\t\t\t<\/div>\r\n\t\t\t\t\t\t\t\t<\/div>\r\n\t\t\t<\/section>\r\n\t\t\t\t\t<section class=\" elementor-section elementor-top-section elementor-element elementor-element-a71a1f5 elementor-section-content-bottom elementor-section-boxed elementor-section-height-default elementor-section-height-default\" data-id=\"a71a1f5\" data-element_type=\"section\" data-e-type=\"section\">\r\n\t\t\t\t\t\t\t\t<div class=\"elementor-container elementor-column-gap-default\">\r\n\t\t\t\t\r\n\t\t\t\t\t\t\t\t<div class=\" elementor-column elementor-col-25 elementor-top-column elementor-element elementor-element-48dfefd \" data-id=\"48dfefd\" data-element_type=\"column\" data-e-type=\"column\">\r\n\r\n\t\t\t\t\r\n\t\t\t\t<div class=\"elementor-widget-wrap elementor-element-populated\">\r\n\t\t\t\t\t\t\t\t\t\t\r\n\t\t\t\t\t\t<div class=\"elementor-element elementor-element-5e87676 elementor-widget elementor-widget-image\" data-id=\"5e87676\" data-element_type=\"widget\" data-e-type=\"widget\" data-widget_type=\"image.default\">\n\t\t\t\t<div class=\"elementor-widget-container\">\n\t\t\t\t\t\t\t\t\t\t\t\t\t\t\t<img fetchpriority=\"high\" decoding=\"async\" width=\"274\" height=\"318\" src=\"https:\/\/gyogylezer.hu\/wp-content\/uploads\/2022\/07\/3b-lezergyartmany-ikon.jpg\" class=\"attachment-large size-large wp-image-926\" alt=\"\" \/>\t\t\t\t\t\t\t\t\t\t\t\t\t\t\t<\/div>\n\t\t\t\t<\/div>\n\t\t\t\t\t\t<\/div>\r\n\t\t\t\t<\/div>\r\n\t\t\t\t\t\t\t\t\t<div class=\" elementor-column elementor-col-25 elementor-top-column elementor-element elementor-element-ae86917 \" data-id=\"ae86917\" data-element_type=\"column\" data-e-type=\"column\">\r\n\r\n\t\t\t\t\r\n\t\t\t\t<div class=\"elementor-widget-wrap elementor-element-populated\">\r\n\t\t\t\t\t\t\t\t\t\t\r\n\t\t\t\t\t\t<div class=\"elementor-element elementor-element-810d20e elementor-widget elementor-widget-image\" data-id=\"810d20e\" data-element_type=\"widget\" data-e-type=\"widget\" data-widget_type=\"image.default\">\n\t\t\t\t<div class=\"elementor-widget-container\">\n\t\t\t\t\t\t\t\t\t\t\t\t\t\t\t<img decoding=\"async\" width=\"310\" height=\"291\" src=\"https:\/\/gyogylezer.hu\/wp-content\/uploads\/2022\/07\/elektrosztatikus-ikon.jpg\" class=\"attachment-large size-large wp-image-925\" alt=\"\" \/>\t\t\t\t\t\t\t\t\t\t\t\t\t\t\t<\/div>\n\t\t\t\t<\/div>\n\t\t\t\t\t\t<\/div>\r\n\t\t\t\t<\/div>\r\n\t\t\t\t\t\t\t\t\t<div class=\" elementor-column elementor-col-25 elementor-top-column elementor-element elementor-element-ca4363c \" data-id=\"ca4363c\" data-element_type=\"column\" data-e-type=\"column\">\r\n\r\n\t\t\t\t\r\n\t\t\t\t<div class=\"elementor-widget-wrap elementor-element-populated\">\r\n\t\t\t\t\t\t\t\t\t\t\r\n\t\t\t\t\t\t<div class=\"elementor-element elementor-element-1f798ea elementor-widget elementor-widget-image\" data-id=\"1f798ea\" data-element_type=\"widget\" data-e-type=\"widget\" data-widget_type=\"image.default\">\n\t\t\t\t<div class=\"elementor-widget-container\">\n\t\t\t\t\t\t\t\t\t\t\t\t\t\t\t<img decoding=\"async\" width=\"232\" height=\"285\" src=\"https:\/\/gyogylezer.hu\/wp-content\/uploads\/2022\/07\/homerseklethatar-ikon.jpg\" class=\"attachment-large size-large wp-image-924\" alt=\"\" \/>\t\t\t\t\t\t\t\t\t\t\t\t\t\t\t<\/div>\n\t\t\t\t<\/div>\n\t\t\t\t\t\t<\/div>\r\n\t\t\t\t<\/div>\r\n\t\t\t\t\t\t\t\t\t<div class=\" elementor-column elementor-col-25 elementor-top-column elementor-element elementor-element-3b8525d \" data-id=\"3b8525d\" data-element_type=\"column\" data-e-type=\"column\">\r\n\r\n\t\t\t\t\r\n\t\t\t\t<div class=\"elementor-widget-wrap elementor-element-populated\">\r\n\t\t\t\t\t\t\t\t\t\t\r\n\t\t\t\t\t\t<div class=\"elementor-element elementor-element-567a16e elementor-widget elementor-widget-image\" data-id=\"567a16e\" data-element_type=\"widget\" data-e-type=\"widget\" data-widget_type=\"image.default\">\n\t\t\t\t<div class=\"elementor-widget-container\">\n\t\t\t\t\t\t\t\t\t\t\t\t\t\t\t<img loading=\"lazy\" decoding=\"async\" width=\"188\" height=\"257\" src=\"https:\/\/gyogylezer.hu\/wp-content\/uploads\/2022\/07\/veszelyes-hulladek-ikon.jpg\" class=\"attachment-large size-large wp-image-923\" alt=\"\" \/>\t\t\t\t\t\t\t\t\t\t\t\t\t\t\t<\/div>\n\t\t\t\t<\/div>\n\t\t\t\t\t\t<\/div>\r\n\t\t\t\t<\/div>\r\n\t\t\t\t\t\t\t\t<\/div>\r\n\t\t\t<\/section>\r\n\t\t\t\t\t<\/div>\n\t\t","protected":false},"excerpt":{"rendered":"<p>Physio Classic point laser treatment head is a diode-containing soft laser treatment head that can be fitted to both the Optikop Physio Classic and the Optikop Combi 5G tabletop controller.<\/p>\n","protected":false},"featured_media":1104,"template":"","meta":{"_acf_changed":false},"product_brand":[],"product_cat":[114],"product_tag":[],"class_list":{"0":"post-1307","1":"product","2":"type-product","3":"status-publish","4":"has-post-thumbnail","6":"product_cat-uncategorized-en","8":"first","9":"instock","10":"shipping-taxable","11":"product-type-simple"},"acf":[],"yoast_head":"<!-- This site is optimized with the Yoast SEO Premium plugin v27.3 (Yoast SEO v27.3) - https:\/\/yoast.com\/product\/yoast-seo-premium-wordpress\/ -->\n<title>Red point control head for tabletop controller - Gy\u00f3gyl\u00e9zer Csal\u00e1d - Optikop gy\u00f3gyl\u00e9zer<\/title>\n<meta name=\"robots\" content=\"index, follow, max-snippet:-1, max-image-preview:large, max-video-preview:-1\" \/>\n<link rel=\"canonical\" href=\"https:\/\/gyogylezer.hu\/product\/piros-pont-kezelofej-asztali-vezerlohoz\/\" \/>\n<meta property=\"og:locale\" content=\"en_US\" \/>\n<meta property=\"og:type\" content=\"article\" \/>\n<meta property=\"og:title\" content=\"Red point control head for tabletop controller\" \/>\n<meta property=\"og:description\" content=\"Physio Classic point laser treatment head is a diode-containing soft laser treatment head that can be fitted to both the Optikop Physio Classic and the Optikop Combi 5G tabletop controller.\" \/>\n<meta property=\"og:url\" content=\"https:\/\/gyogylezer.hu\/product\/piros-pont-kezelofej-asztali-vezerlohoz\/\" \/>\n<meta property=\"og:site_name\" content=\"Gy\u00f3gyl\u00e9zer Csal\u00e1d - Optikop gy\u00f3gyl\u00e9zer\" \/>\n<meta property=\"article:publisher\" content=\"https:\/\/www.facebook.com\/Gyogylezer\" \/>\n<meta property=\"article:modified_time\" content=\"2025-01-13T05:45:48+00:00\" \/>\n<meta property=\"og:image\" content=\"https:\/\/gyogylezer.hu\/wp-content\/uploads\/2024\/02\/Physio-Classic_piros_kicsinyitett.png\" \/>\n\t<meta property=\"og:image:width\" content=\"1000\" \/>\n\t<meta property=\"og:image:height\" content=\"1000\" \/>\n\t<meta property=\"og:image:type\" content=\"image\/png\" \/>\n<meta name=\"twitter:card\" content=\"summary_large_image\" \/>\n<meta name=\"twitter:label1\" content=\"Est. reading time\" \/>\n\t<meta name=\"twitter:data1\" content=\"1 minute\" \/>\n<script type=\"application\/ld+json\" class=\"yoast-schema-graph\">{\"@context\":\"https:\\\/\\\/schema.org\",\"@graph\":[{\"@type\":\"WebPage\",\"@id\":\"https:\\\/\\\/gyogylezer.hu\\\/product\\\/piros-pont-kezelofej-asztali-vezerlohoz\\\/\",\"url\":\"https:\\\/\\\/gyogylezer.hu\\\/product\\\/piros-pont-kezelofej-asztali-vezerlohoz\\\/\",\"name\":\"Red point control head for tabletop controller - Gy\u00f3gyl\u00e9zer Csal\u00e1d - Optikop gy\u00f3gyl\u00e9zer\",\"isPartOf\":{\"@id\":\"https:\\\/\\\/gyogylezer.hu\\\/#website\"},\"primaryImageOfPage\":{\"@id\":\"https:\\\/\\\/gyogylezer.hu\\\/product\\\/piros-pont-kezelofej-asztali-vezerlohoz\\\/#primaryimage\"},\"image\":{\"@id\":\"https:\\\/\\\/gyogylezer.hu\\\/product\\\/piros-pont-kezelofej-asztali-vezerlohoz\\\/#primaryimage\"},\"thumbnailUrl\":\"https:\\\/\\\/gyogylezer.hu\\\/wp-content\\\/uploads\\\/2024\\\/02\\\/Physio-Classic_piros_kicsinyitett.png\",\"datePublished\":\"2024-02-27T16:13:22+00:00\",\"dateModified\":\"2025-01-13T05:45:48+00:00\",\"breadcrumb\":{\"@id\":\"https:\\\/\\\/gyogylezer.hu\\\/product\\\/piros-pont-kezelofej-asztali-vezerlohoz\\\/#breadcrumb\"},\"inLanguage\":\"en-US\",\"potentialAction\":[{\"@type\":\"ReadAction\",\"target\":[\"https:\\\/\\\/gyogylezer.hu\\\/product\\\/piros-pont-kezelofej-asztali-vezerlohoz\\\/\"]}]},{\"@type\":\"ImageObject\",\"inLanguage\":\"en-US\",\"@id\":\"https:\\\/\\\/gyogylezer.hu\\\/product\\\/piros-pont-kezelofej-asztali-vezerlohoz\\\/#primaryimage\",\"url\":\"https:\\\/\\\/gyogylezer.hu\\\/wp-content\\\/uploads\\\/2024\\\/02\\\/Physio-Classic_piros_kicsinyitett.png\",\"contentUrl\":\"https:\\\/\\\/gyogylezer.hu\\\/wp-content\\\/uploads\\\/2024\\\/02\\\/Physio-Classic_piros_kicsinyitett.png\",\"width\":1000,\"height\":1000},{\"@type\":\"BreadcrumbList\",\"@id\":\"https:\\\/\\\/gyogylezer.hu\\\/product\\\/piros-pont-kezelofej-asztali-vezerlohoz\\\/#breadcrumb\",\"itemListElement\":[{\"@type\":\"ListItem\",\"position\":1,\"name\":\"Home\",\"item\":\"https:\\\/\\\/gyogylezer.hu\\\/en\\\/\"},{\"@type\":\"ListItem\",\"position\":2,\"name\":\"Devices\",\"item\":\"https:\\\/\\\/gyogylezer.hu\\\/keszulekek\\\/\"},{\"@type\":\"ListItem\",\"position\":3,\"name\":\"Red point control head for tabletop controller\"}]},{\"@type\":\"WebSite\",\"@id\":\"https:\\\/\\\/gyogylezer.hu\\\/#website\",\"url\":\"https:\\\/\\\/gyogylezer.hu\\\/\",\"name\":\"Gy\u00f3gyl\u00e9zer Csal\u00e1d - Optikop gy\u00f3gyl\u00e9zerek\",\"description\":\"L\u00e1gyl\u00e9zer a f\u00e1jdalommentes gy\u00f3gyul\u00e1s\u00e9rt\",\"publisher\":{\"@id\":\"https:\\\/\\\/gyogylezer.hu\\\/#organization\"},\"potentialAction\":[{\"@type\":\"SearchAction\",\"target\":{\"@type\":\"EntryPoint\",\"urlTemplate\":\"https:\\\/\\\/gyogylezer.hu\\\/?s={search_term_string}\"},\"query-input\":{\"@type\":\"PropertyValueSpecification\",\"valueRequired\":true,\"valueName\":\"search_term_string\"}}],\"inLanguage\":\"en-US\"},{\"@type\":\"Organization\",\"@id\":\"https:\\\/\\\/gyogylezer.hu\\\/#organization\",\"name\":\"Gy\u00f3gyl\u00e9zer Csal\u00e1d Kft.\",\"url\":\"https:\\\/\\\/gyogylezer.hu\\\/\",\"logo\":{\"@type\":\"ImageObject\",\"inLanguage\":\"en-US\",\"@id\":\"https:\\\/\\\/gyogylezer.hu\\\/#\\\/schema\\\/logo\\\/image\\\/\",\"url\":\"https:\\\/\\\/gyogylezer.hu\\\/wp-content\\\/uploads\\\/2022\\\/06\\\/optikop-logo-hu.png\",\"contentUrl\":\"https:\\\/\\\/gyogylezer.hu\\\/wp-content\\\/uploads\\\/2022\\\/06\\\/optikop-logo-hu.png\",\"width\":400,\"height\":127,\"caption\":\"Gy\u00f3gyl\u00e9zer Csal\u00e1d Kft.\"},\"image\":{\"@id\":\"https:\\\/\\\/gyogylezer.hu\\\/#\\\/schema\\\/logo\\\/image\\\/\"},\"sameAs\":[\"https:\\\/\\\/www.facebook.com\\\/Gyogylezer\",\"https:\\\/\\\/www.youtube.com\\\/channel\\\/UCuRZ8IpdGjhPiy5ZFBxiP8w\"]}]}<\/script>\n<!-- \/ Yoast SEO Premium plugin. -->","yoast_head_json":{"title":"Red point control head for tabletop controller - Gy\u00f3gyl\u00e9zer Csal\u00e1d - Optikop gy\u00f3gyl\u00e9zer","robots":{"index":"index","follow":"follow","max-snippet":"max-snippet:-1","max-image-preview":"max-image-preview:large","max-video-preview":"max-video-preview:-1"},"canonical":"https:\/\/gyogylezer.hu\/product\/piros-pont-kezelofej-asztali-vezerlohoz\/","og_locale":"en_US","og_type":"article","og_title":"Red point control head for tabletop controller","og_description":"Physio Classic point laser treatment head is a diode-containing soft laser treatment head that can be fitted to both the Optikop Physio Classic and the Optikop Combi 5G tabletop controller.","og_url":"https:\/\/gyogylezer.hu\/product\/piros-pont-kezelofej-asztali-vezerlohoz\/","og_site_name":"Gy\u00f3gyl\u00e9zer Csal\u00e1d - Optikop gy\u00f3gyl\u00e9zer","article_publisher":"https:\/\/www.facebook.com\/Gyogylezer","article_modified_time":"2025-01-13T05:45:48+00:00","og_image":[{"width":1000,"height":1000,"url":"https:\/\/gyogylezer.hu\/wp-content\/uploads\/2024\/02\/Physio-Classic_piros_kicsinyitett.png","type":"image\/png"}],"twitter_card":"summary_large_image","twitter_misc":{"Est. reading time":"1 minute"},"schema":{"@context":"https:\/\/schema.org","@graph":[{"@type":"WebPage","@id":"https:\/\/gyogylezer.hu\/product\/piros-pont-kezelofej-asztali-vezerlohoz\/","url":"https:\/\/gyogylezer.hu\/product\/piros-pont-kezelofej-asztali-vezerlohoz\/","name":"Red point control head for tabletop controller - Gy\u00f3gyl\u00e9zer Csal\u00e1d - Optikop gy\u00f3gyl\u00e9zer","isPartOf":{"@id":"https:\/\/gyogylezer.hu\/#website"},"primaryImageOfPage":{"@id":"https:\/\/gyogylezer.hu\/product\/piros-pont-kezelofej-asztali-vezerlohoz\/#primaryimage"},"image":{"@id":"https:\/\/gyogylezer.hu\/product\/piros-pont-kezelofej-asztali-vezerlohoz\/#primaryimage"},"thumbnailUrl":"https:\/\/gyogylezer.hu\/wp-content\/uploads\/2024\/02\/Physio-Classic_piros_kicsinyitett.png","datePublished":"2024-02-27T16:13:22+00:00","dateModified":"2025-01-13T05:45:48+00:00","breadcrumb":{"@id":"https:\/\/gyogylezer.hu\/product\/piros-pont-kezelofej-asztali-vezerlohoz\/#breadcrumb"},"inLanguage":"en-US","potentialAction":[{"@type":"ReadAction","target":["https:\/\/gyogylezer.hu\/product\/piros-pont-kezelofej-asztali-vezerlohoz\/"]}]},{"@type":"ImageObject","inLanguage":"en-US","@id":"https:\/\/gyogylezer.hu\/product\/piros-pont-kezelofej-asztali-vezerlohoz\/#primaryimage","url":"https:\/\/gyogylezer.hu\/wp-content\/uploads\/2024\/02\/Physio-Classic_piros_kicsinyitett.png","contentUrl":"https:\/\/gyogylezer.hu\/wp-content\/uploads\/2024\/02\/Physio-Classic_piros_kicsinyitett.png","width":1000,"height":1000},{"@type":"BreadcrumbList","@id":"https:\/\/gyogylezer.hu\/product\/piros-pont-kezelofej-asztali-vezerlohoz\/#breadcrumb","itemListElement":[{"@type":"ListItem","position":1,"name":"Home","item":"https:\/\/gyogylezer.hu\/en\/"},{"@type":"ListItem","position":2,"name":"Devices","item":"https:\/\/gyogylezer.hu\/keszulekek\/"},{"@type":"ListItem","position":3,"name":"Red point control head for tabletop controller"}]},{"@type":"WebSite","@id":"https:\/\/gyogylezer.hu\/#website","url":"https:\/\/gyogylezer.hu\/","name":"Gy\u00f3gyl\u00e9zer Csal\u00e1d - Optikop gy\u00f3gyl\u00e9zerek","description":"L\u00e1gyl\u00e9zer a f\u00e1jdalommentes gy\u00f3gyul\u00e1s\u00e9rt","publisher":{"@id":"https:\/\/gyogylezer.hu\/#organization"},"potentialAction":[{"@type":"SearchAction","target":{"@type":"EntryPoint","urlTemplate":"https:\/\/gyogylezer.hu\/?s={search_term_string}"},"query-input":{"@type":"PropertyValueSpecification","valueRequired":true,"valueName":"search_term_string"}}],"inLanguage":"en-US"},{"@type":"Organization","@id":"https:\/\/gyogylezer.hu\/#organization","name":"Gy\u00f3gyl\u00e9zer Csal\u00e1d Kft.","url":"https:\/\/gyogylezer.hu\/","logo":{"@type":"ImageObject","inLanguage":"en-US","@id":"https:\/\/gyogylezer.hu\/#\/schema\/logo\/image\/","url":"https:\/\/gyogylezer.hu\/wp-content\/uploads\/2022\/06\/optikop-logo-hu.png","contentUrl":"https:\/\/gyogylezer.hu\/wp-content\/uploads\/2022\/06\/optikop-logo-hu.png","width":400,"height":127,"caption":"Gy\u00f3gyl\u00e9zer Csal\u00e1d Kft."},"image":{"@id":"https:\/\/gyogylezer.hu\/#\/schema\/logo\/image\/"},"sameAs":["https:\/\/www.facebook.com\/Gyogylezer","https:\/\/www.youtube.com\/channel\/UCuRZ8IpdGjhPiy5ZFBxiP8w"]}]}},"_links":{"self":[{"href":"https:\/\/gyogylezer.hu\/en\/wp-json\/wp\/v2\/product\/1307","targetHints":{"allow":["GET"]}}],"collection":[{"href":"https:\/\/gyogylezer.hu\/en\/wp-json\/wp\/v2\/product"}],"about":[{"href":"https:\/\/gyogylezer.hu\/en\/wp-json\/wp\/v2\/types\/product"}],"version-history":[{"count":0,"href":"https:\/\/gyogylezer.hu\/en\/wp-json\/wp\/v2\/product\/1307\/revisions"}],"wp:featuredmedia":[{"embeddable":true,"href":"https:\/\/gyogylezer.hu\/en\/wp-json\/wp\/v2\/media\/1104"}],"wp:attachment":[{"href":"https:\/\/gyogylezer.hu\/en\/wp-json\/wp\/v2\/media?parent=1307"}],"wp:term":[{"taxonomy":"product_brand","embeddable":true,"href":"https:\/\/gyogylezer.hu\/en\/wp-json\/wp\/v2\/product_brand?post=1307"},{"taxonomy":"product_cat","embeddable":true,"href":"https:\/\/gyogylezer.hu\/en\/wp-json\/wp\/v2\/product_cat?post=1307"},{"taxonomy":"product_tag","embeddable":true,"href":"https:\/\/gyogylezer.hu\/en\/wp-json\/wp\/v2\/product_tag?post=1307"}],"curies":[{"name":"wp","href":"https:\/\/api.w.org\/{rel}","templated":true}]}}