{"id":1313,"date":"2024-02-20T17:50:25","date_gmt":"2024-02-20T16:50:25","guid":{"rendered":"https:\/\/gyogylezer.hu\/product\/optikop-combi-two-diode-professional-manual-laser\/"},"modified":"2025-01-13T07:11:49","modified_gmt":"2025-01-13T06:11:49","slug":"optikop-combi-two-diode-professional-manual-laser","status":"publish","type":"product","link":"https:\/\/gyogylezer.hu\/en\/product\/optikop-combi-two-diode-professional-manual-laser\/","title":{"rendered":"Optikop Combi two-diode professional manual laser"},"content":{"rendered":"\t\t<div data-elementor-type=\"product-post\" data-elementor-id=\"1313\" class=\"elementor elementor-1313 elementor-767\" data-elementor-post-type=\"product\">\n\t\t\t\t\t\t<section class=\" elementor-section elementor-top-section elementor-element elementor-element-7712061b elementor-section-boxed elementor-section-height-default elementor-section-height-default\" data-id=\"7712061b\" data-element_type=\"section\" data-e-type=\"section\">\r\n\t\t\t\t\t\t\t\t<div class=\"elementor-container elementor-column-gap-default\">\r\n\t\t\t\t\r\n\t\t\t\t\t\t\t\t<div class=\" elementor-column elementor-col-100 elementor-top-column elementor-element elementor-element-154763a2 \" data-id=\"154763a2\" data-element_type=\"column\" data-e-type=\"column\">\r\n\r\n\t\t\t\t\r\n\t\t\t\t<div class=\"elementor-widget-wrap elementor-element-populated\">\r\n\t\t\t\t\t\t\t\t\t\t\r\n\t\t\t\t\t\t<div class=\"elementor-element elementor-element-197de768 elementor-widget elementor-widget-text-editor\" data-id=\"197de768\" data-element_type=\"widget\" data-e-type=\"widget\" data-widget_type=\"text-editor.default\">\n\t\t\t\t<div class=\"elementor-widget-container\">\n\t\t\t\t\t\t\t\t\t<p>Professional combined soft laser with red and infrared diodes, 3 AAA batteries or rechargeable batteries and mains powered, portable combined diode laser with interchangeable fibre optics, with acupuncture attachment. (Class 3B\/II.a) <\/p>\n<p>Red and infra-red diodes can be operated separately or simultaneously, 10 different adjustable doses (1-20 J), treatment time monitoring, integrated power control and temperature monitoring, and choice of 7 Nogier + additional 7 acupuncture frequency modulation options. (Class 3B\/II.a) <\/p>\n<h5><span style=\"color: #d50032;\">Types of combined handheld lasers:<\/span><\/h5>\n<table>\n<tbody>\n<tr>\n<td width=\"165\">\n<p><strong>Treatment head<\/strong><\/p>\n<\/td>\n<td width=\"134\">\n<p><strong>Red-diode performance<\/strong><\/p>\n<\/td>\n<td width=\"141\">\n<p><strong>Infrared-diode performance<\/strong><\/p>\n<\/td>\n<td width=\"138\">\n<p><strong>Combined performance<\/strong><\/p>\n<\/td>\n<\/tr>\n<tr>\n<td width=\"165\">\n<p><strong>Combi 5050<\/strong><\/p>\n<\/td>\n<td width=\"134\">\n<p>45 mW<\/p>\n<\/td>\n<td width=\"141\">\n<p>45 mW<\/p>\n<\/td>\n<td width=\"138\">\n<p>90 mW<\/p>\n<\/td>\n<\/tr>\n<tr>\n<td width=\"165\">\n<p><strong>Combi 100100<\/strong><\/p>\n<\/td>\n<td width=\"134\">\n<p>90 mW<\/p>\n<\/td>\n<td width=\"141\">\n<p>90 mW<\/p>\n<\/td>\n<td width=\"138\">\n<p>180 mW<\/p>\n<\/td>\n<\/tr>\n<tr>\n<td width=\"165\">\n<p><strong>Combi 100200<\/strong><\/p>\n<\/td>\n<td width=\"134\">\n<p>90 mW<\/p>\n<\/td>\n<td width=\"141\">\n<p>180 mW<\/p>\n<\/td>\n<td width=\"138\">\n<p>270 mW<\/p>\n<\/td>\n<\/tr>\n<tr>\n<td width=\"165\">\n<p><strong>Combi 150100<\/strong><\/p>\n<\/td>\n<td width=\"134\">\n<p>135 mW<\/p>\n<\/td>\n<td width=\"141\">\n<p>180 mW<\/p>\n<\/td>\n<td width=\"138\">\n<p>315 mW<\/p>\n<\/td>\n<\/tr>\n<\/tbody>\n<\/table>\n<h5><span style=\"color: #d50032;\">Who is it for?<\/span><\/h5>\n<ul>\n<li>dental treatments, pre- and post-operative treatments before and after oral surgery<\/li>\n<li>for dentists, complex service dentists, busy dental practices, private clinics<\/li>\n<li>for cosmetic applications<\/li>\n<\/ul>\n<h5><span style=\"color: #d50032;\">Examples of use<\/span><\/h5>\n<ul>\n<li><strong><span style=\"color: #d50032;\">Red diode:<\/span><\/strong> for the treatment of superficial tissues (e.g. wounds, scars, herpes, aphthae, etc.)<\/li>\n<li><strong><span style=\"color: #d50032;\">Combined red and infrared diode:<\/span><\/strong> dental applications (asialia, periodontitis, treatment of soft tissue injuries, pericoronitis, after implant placement, post-operative treatment after oral surgery)<\/li>\n<li><strong><span style=\"color: #d50032;\">Infra-red diode:<\/span><\/strong> treatment of deeper tissues, musculoskeletal problems, joints, muscles, tendons, fractures (arthrosis, arthritis, spurs, pulled muscles, bruises)<\/li>\n<\/ul>\n\t\t\t\t\t\t\t\t<\/div>\n\t\t\t\t<\/div>\n\t\t\t\t\t\t<\/div>\r\n\t\t\t\t<\/div>\r\n\t\t\t\t\t\t\t\t<\/div>\r\n\t\t\t<\/section>\r\n\t\t\t\t\t<section class=\" elementor-section elementor-top-section elementor-element elementor-element-a71a1f5 elementor-section-content-bottom elementor-section-boxed elementor-section-height-default elementor-section-height-default\" data-id=\"a71a1f5\" data-element_type=\"section\" data-e-type=\"section\">\r\n\t\t\t\t\t\t\t\t<div class=\"elementor-container elementor-column-gap-default\">\r\n\t\t\t\t\r\n\t\t\t\t\t\t\t\t<div class=\" elementor-column elementor-col-25 elementor-top-column elementor-element elementor-element-48dfefd \" data-id=\"48dfefd\" data-element_type=\"column\" data-e-type=\"column\">\r\n\r\n\t\t\t\t\r\n\t\t\t\t<div class=\"elementor-widget-wrap elementor-element-populated\">\r\n\t\t\t\t\t\t\t\t\t\t\r\n\t\t\t\t\t\t<div class=\"elementor-element elementor-element-5e87676 elementor-widget elementor-widget-image\" data-id=\"5e87676\" data-element_type=\"widget\" data-e-type=\"widget\" data-widget_type=\"image.default\">\n\t\t\t\t<div class=\"elementor-widget-container\">\n\t\t\t\t\t\t\t\t\t\t\t\t\t\t\t<img fetchpriority=\"high\" decoding=\"async\" width=\"274\" height=\"318\" src=\"https:\/\/gyogylezer.hu\/wp-content\/uploads\/2022\/07\/3b-lezergyartmany-ikon.jpg\" class=\"attachment-large size-large wp-image-926\" alt=\"\" \/>\t\t\t\t\t\t\t\t\t\t\t\t\t\t\t<\/div>\n\t\t\t\t<\/div>\n\t\t\t\t\t\t<\/div>\r\n\t\t\t\t<\/div>\r\n\t\t\t\t\t\t\t\t\t<div class=\" elementor-column elementor-col-25 elementor-top-column elementor-element elementor-element-ae86917 \" data-id=\"ae86917\" data-element_type=\"column\" data-e-type=\"column\">\r\n\r\n\t\t\t\t\r\n\t\t\t\t<div class=\"elementor-widget-wrap elementor-element-populated\">\r\n\t\t\t\t\t\t\t\t\t\t\r\n\t\t\t\t\t\t<div class=\"elementor-element elementor-element-810d20e elementor-widget elementor-widget-image\" data-id=\"810d20e\" data-element_type=\"widget\" data-e-type=\"widget\" data-widget_type=\"image.default\">\n\t\t\t\t<div class=\"elementor-widget-container\">\n\t\t\t\t\t\t\t\t\t\t\t\t\t\t\t<img decoding=\"async\" width=\"310\" height=\"291\" src=\"https:\/\/gyogylezer.hu\/wp-content\/uploads\/2022\/07\/elektrosztatikus-ikon.jpg\" class=\"attachment-large size-large wp-image-925\" alt=\"\" \/>\t\t\t\t\t\t\t\t\t\t\t\t\t\t\t<\/div>\n\t\t\t\t<\/div>\n\t\t\t\t\t\t<\/div>\r\n\t\t\t\t<\/div>\r\n\t\t\t\t\t\t\t\t\t<div class=\" elementor-column elementor-col-25 elementor-top-column elementor-element elementor-element-ca4363c \" data-id=\"ca4363c\" data-element_type=\"column\" data-e-type=\"column\">\r\n\r\n\t\t\t\t\r\n\t\t\t\t<div class=\"elementor-widget-wrap elementor-element-populated\">\r\n\t\t\t\t\t\t\t\t\t\t\r\n\t\t\t\t\t\t<div class=\"elementor-element elementor-element-1f798ea elementor-widget elementor-widget-image\" data-id=\"1f798ea\" data-element_type=\"widget\" data-e-type=\"widget\" data-widget_type=\"image.default\">\n\t\t\t\t<div class=\"elementor-widget-container\">\n\t\t\t\t\t\t\t\t\t\t\t\t\t\t\t<img decoding=\"async\" width=\"232\" height=\"285\" src=\"https:\/\/gyogylezer.hu\/wp-content\/uploads\/2022\/07\/homerseklethatar-ikon.jpg\" class=\"attachment-large size-large wp-image-924\" alt=\"\" \/>\t\t\t\t\t\t\t\t\t\t\t\t\t\t\t<\/div>\n\t\t\t\t<\/div>\n\t\t\t\t\t\t<\/div>\r\n\t\t\t\t<\/div>\r\n\t\t\t\t\t\t\t\t\t<div class=\" elementor-column elementor-col-25 elementor-top-column elementor-element elementor-element-3b8525d \" data-id=\"3b8525d\" data-element_type=\"column\" data-e-type=\"column\">\r\n\r\n\t\t\t\t\r\n\t\t\t\t<div class=\"elementor-widget-wrap elementor-element-populated\">\r\n\t\t\t\t\t\t\t\t\t\t\r\n\t\t\t\t\t\t<div class=\"elementor-element elementor-element-567a16e elementor-widget elementor-widget-image\" data-id=\"567a16e\" data-element_type=\"widget\" data-e-type=\"widget\" data-widget_type=\"image.default\">\n\t\t\t\t<div class=\"elementor-widget-container\">\n\t\t\t\t\t\t\t\t\t\t\t\t\t\t\t<img loading=\"lazy\" decoding=\"async\" width=\"188\" height=\"257\" src=\"https:\/\/gyogylezer.hu\/wp-content\/uploads\/2022\/07\/veszelyes-hulladek-ikon.jpg\" class=\"attachment-large size-large wp-image-923\" alt=\"\" \/>\t\t\t\t\t\t\t\t\t\t\t\t\t\t\t<\/div>\n\t\t\t\t<\/div>\n\t\t\t\t\t\t<\/div>\r\n\t\t\t\t<\/div>\r\n\t\t\t\t\t\t\t\t<\/div>\r\n\t\t\t<\/section>\r\n\t\t\t\t\t<\/div>\n\t\t","protected":false},"excerpt":{"rendered":"<p><strong>Combined handheld laser<\/strong><\/p>\n<p>Professional combined soft laser with red and infrared diodes. The big advantage is that they can be operated separately or simultaneously. <\/p>\n","protected":false},"featured_media":1096,"template":"","meta":{"_acf_changed":false},"product_brand":[],"product_cat":[114],"product_tag":[],"class_list":{"0":"post-1313","1":"product","2":"type-product","3":"status-publish","4":"has-post-thumbnail","6":"product_cat-uncategorized-en","8":"first","9":"instock","10":"shipping-taxable","11":"product-type-simple"},"acf":[],"yoast_head":"<!-- This site is optimized with the Yoast SEO Premium plugin v27.3 (Yoast SEO v27.3) - https:\/\/yoast.com\/product\/yoast-seo-premium-wordpress\/ -->\n<title>Optikop Combi two-diode professional manual laser - Gy\u00f3gyl\u00e9zer Csal\u00e1d - Optikop gy\u00f3gyl\u00e9zer<\/title>\n<meta name=\"robots\" content=\"index, follow, max-snippet:-1, max-image-preview:large, max-video-preview:-1\" \/>\n<link rel=\"canonical\" href=\"https:\/\/gyogylezer.hu\/product\/optikop-combi-ketdiodas-professzionalis-kezi-lezer\/\" \/>\n<meta property=\"og:locale\" content=\"en_US\" \/>\n<meta property=\"og:type\" content=\"article\" \/>\n<meta property=\"og:title\" content=\"Optikop Combi two-diode professional manual laser\" \/>\n<meta property=\"og:description\" content=\"Combined handheld laser Professional combined soft laser with red and infrared diodes. The big advantage is that they can be operated separately or simultaneously.\" \/>\n<meta property=\"og:url\" content=\"https:\/\/gyogylezer.hu\/product\/optikop-combi-ketdiodas-professzionalis-kezi-lezer\/\" \/>\n<meta property=\"og:site_name\" content=\"Gy\u00f3gyl\u00e9zer Csal\u00e1d - Optikop gy\u00f3gyl\u00e9zer\" \/>\n<meta property=\"article:publisher\" content=\"https:\/\/www.facebook.com\/Gyogylezer\" \/>\n<meta property=\"article:modified_time\" content=\"2025-01-13T06:11:49+00:00\" \/>\n<meta property=\"og:image\" content=\"https:\/\/gyogylezer.hu\/wp-content\/uploads\/2024\/02\/OPTIKOP-Combi_termek.jpg\" \/>\n\t<meta property=\"og:image:width\" content=\"1000\" \/>\n\t<meta property=\"og:image:height\" content=\"1000\" \/>\n\t<meta property=\"og:image:type\" content=\"image\/jpeg\" \/>\n<meta name=\"twitter:card\" content=\"summary_large_image\" \/>\n<meta name=\"twitter:label1\" content=\"Est. reading time\" \/>\n\t<meta name=\"twitter:data1\" content=\"1 minute\" \/>\n<script type=\"application\/ld+json\" class=\"yoast-schema-graph\">{\"@context\":\"https:\\\/\\\/schema.org\",\"@graph\":[{\"@type\":\"WebPage\",\"@id\":\"https:\\\/\\\/gyogylezer.hu\\\/product\\\/optikop-combi-ketdiodas-professzionalis-kezi-lezer\\\/\",\"url\":\"https:\\\/\\\/gyogylezer.hu\\\/product\\\/optikop-combi-ketdiodas-professzionalis-kezi-lezer\\\/\",\"name\":\"Optikop Combi two-diode professional manual laser - Gy\u00f3gyl\u00e9zer Csal\u00e1d - Optikop gy\u00f3gyl\u00e9zer\",\"isPartOf\":{\"@id\":\"https:\\\/\\\/gyogylezer.hu\\\/#website\"},\"primaryImageOfPage\":{\"@id\":\"https:\\\/\\\/gyogylezer.hu\\\/product\\\/optikop-combi-ketdiodas-professzionalis-kezi-lezer\\\/#primaryimage\"},\"image\":{\"@id\":\"https:\\\/\\\/gyogylezer.hu\\\/product\\\/optikop-combi-ketdiodas-professzionalis-kezi-lezer\\\/#primaryimage\"},\"thumbnailUrl\":\"https:\\\/\\\/gyogylezer.hu\\\/wp-content\\\/uploads\\\/2024\\\/02\\\/OPTIKOP-Combi_termek.jpg\",\"datePublished\":\"2024-02-20T16:50:25+00:00\",\"dateModified\":\"2025-01-13T06:11:49+00:00\",\"breadcrumb\":{\"@id\":\"https:\\\/\\\/gyogylezer.hu\\\/product\\\/optikop-combi-ketdiodas-professzionalis-kezi-lezer\\\/#breadcrumb\"},\"inLanguage\":\"en-US\",\"potentialAction\":[{\"@type\":\"ReadAction\",\"target\":[\"https:\\\/\\\/gyogylezer.hu\\\/product\\\/optikop-combi-ketdiodas-professzionalis-kezi-lezer\\\/\"]}]},{\"@type\":\"ImageObject\",\"inLanguage\":\"en-US\",\"@id\":\"https:\\\/\\\/gyogylezer.hu\\\/product\\\/optikop-combi-ketdiodas-professzionalis-kezi-lezer\\\/#primaryimage\",\"url\":\"https:\\\/\\\/gyogylezer.hu\\\/wp-content\\\/uploads\\\/2024\\\/02\\\/OPTIKOP-Combi_termek.jpg\",\"contentUrl\":\"https:\\\/\\\/gyogylezer.hu\\\/wp-content\\\/uploads\\\/2024\\\/02\\\/OPTIKOP-Combi_termek.jpg\",\"width\":1000,\"height\":1000},{\"@type\":\"BreadcrumbList\",\"@id\":\"https:\\\/\\\/gyogylezer.hu\\\/product\\\/optikop-combi-ketdiodas-professzionalis-kezi-lezer\\\/#breadcrumb\",\"itemListElement\":[{\"@type\":\"ListItem\",\"position\":1,\"name\":\"Home\",\"item\":\"https:\\\/\\\/gyogylezer.hu\\\/en\\\/\"},{\"@type\":\"ListItem\",\"position\":2,\"name\":\"Devices\",\"item\":\"https:\\\/\\\/gyogylezer.hu\\\/keszulekek\\\/\"},{\"@type\":\"ListItem\",\"position\":3,\"name\":\"Optikop Combi two-diode professional manual laser\"}]},{\"@type\":\"WebSite\",\"@id\":\"https:\\\/\\\/gyogylezer.hu\\\/#website\",\"url\":\"https:\\\/\\\/gyogylezer.hu\\\/\",\"name\":\"Gy\u00f3gyl\u00e9zer Csal\u00e1d - Optikop gy\u00f3gyl\u00e9zerek\",\"description\":\"L\u00e1gyl\u00e9zer a f\u00e1jdalommentes gy\u00f3gyul\u00e1s\u00e9rt\",\"publisher\":{\"@id\":\"https:\\\/\\\/gyogylezer.hu\\\/#organization\"},\"potentialAction\":[{\"@type\":\"SearchAction\",\"target\":{\"@type\":\"EntryPoint\",\"urlTemplate\":\"https:\\\/\\\/gyogylezer.hu\\\/?s={search_term_string}\"},\"query-input\":{\"@type\":\"PropertyValueSpecification\",\"valueRequired\":true,\"valueName\":\"search_term_string\"}}],\"inLanguage\":\"en-US\"},{\"@type\":\"Organization\",\"@id\":\"https:\\\/\\\/gyogylezer.hu\\\/#organization\",\"name\":\"Gy\u00f3gyl\u00e9zer Csal\u00e1d Kft.\",\"url\":\"https:\\\/\\\/gyogylezer.hu\\\/\",\"logo\":{\"@type\":\"ImageObject\",\"inLanguage\":\"en-US\",\"@id\":\"https:\\\/\\\/gyogylezer.hu\\\/#\\\/schema\\\/logo\\\/image\\\/\",\"url\":\"https:\\\/\\\/gyogylezer.hu\\\/wp-content\\\/uploads\\\/2022\\\/06\\\/optikop-logo-hu.png\",\"contentUrl\":\"https:\\\/\\\/gyogylezer.hu\\\/wp-content\\\/uploads\\\/2022\\\/06\\\/optikop-logo-hu.png\",\"width\":400,\"height\":127,\"caption\":\"Gy\u00f3gyl\u00e9zer Csal\u00e1d Kft.\"},\"image\":{\"@id\":\"https:\\\/\\\/gyogylezer.hu\\\/#\\\/schema\\\/logo\\\/image\\\/\"},\"sameAs\":[\"https:\\\/\\\/www.facebook.com\\\/Gyogylezer\",\"https:\\\/\\\/www.youtube.com\\\/channel\\\/UCuRZ8IpdGjhPiy5ZFBxiP8w\"]}]}<\/script>\n<!-- \/ Yoast SEO Premium plugin. -->","yoast_head_json":{"title":"Optikop Combi two-diode professional manual laser - Gy\u00f3gyl\u00e9zer Csal\u00e1d - Optikop gy\u00f3gyl\u00e9zer","robots":{"index":"index","follow":"follow","max-snippet":"max-snippet:-1","max-image-preview":"max-image-preview:large","max-video-preview":"max-video-preview:-1"},"canonical":"https:\/\/gyogylezer.hu\/product\/optikop-combi-ketdiodas-professzionalis-kezi-lezer\/","og_locale":"en_US","og_type":"article","og_title":"Optikop Combi two-diode professional manual laser","og_description":"Combined handheld laser Professional combined soft laser with red and infrared diodes. The big advantage is that they can be operated separately or simultaneously.","og_url":"https:\/\/gyogylezer.hu\/product\/optikop-combi-ketdiodas-professzionalis-kezi-lezer\/","og_site_name":"Gy\u00f3gyl\u00e9zer Csal\u00e1d - Optikop gy\u00f3gyl\u00e9zer","article_publisher":"https:\/\/www.facebook.com\/Gyogylezer","article_modified_time":"2025-01-13T06:11:49+00:00","og_image":[{"width":1000,"height":1000,"url":"https:\/\/gyogylezer.hu\/wp-content\/uploads\/2024\/02\/OPTIKOP-Combi_termek.jpg","type":"image\/jpeg"}],"twitter_card":"summary_large_image","twitter_misc":{"Est. reading time":"1 minute"},"schema":{"@context":"https:\/\/schema.org","@graph":[{"@type":"WebPage","@id":"https:\/\/gyogylezer.hu\/product\/optikop-combi-ketdiodas-professzionalis-kezi-lezer\/","url":"https:\/\/gyogylezer.hu\/product\/optikop-combi-ketdiodas-professzionalis-kezi-lezer\/","name":"Optikop Combi two-diode professional manual laser - Gy\u00f3gyl\u00e9zer Csal\u00e1d - Optikop gy\u00f3gyl\u00e9zer","isPartOf":{"@id":"https:\/\/gyogylezer.hu\/#website"},"primaryImageOfPage":{"@id":"https:\/\/gyogylezer.hu\/product\/optikop-combi-ketdiodas-professzionalis-kezi-lezer\/#primaryimage"},"image":{"@id":"https:\/\/gyogylezer.hu\/product\/optikop-combi-ketdiodas-professzionalis-kezi-lezer\/#primaryimage"},"thumbnailUrl":"https:\/\/gyogylezer.hu\/wp-content\/uploads\/2024\/02\/OPTIKOP-Combi_termek.jpg","datePublished":"2024-02-20T16:50:25+00:00","dateModified":"2025-01-13T06:11:49+00:00","breadcrumb":{"@id":"https:\/\/gyogylezer.hu\/product\/optikop-combi-ketdiodas-professzionalis-kezi-lezer\/#breadcrumb"},"inLanguage":"en-US","potentialAction":[{"@type":"ReadAction","target":["https:\/\/gyogylezer.hu\/product\/optikop-combi-ketdiodas-professzionalis-kezi-lezer\/"]}]},{"@type":"ImageObject","inLanguage":"en-US","@id":"https:\/\/gyogylezer.hu\/product\/optikop-combi-ketdiodas-professzionalis-kezi-lezer\/#primaryimage","url":"https:\/\/gyogylezer.hu\/wp-content\/uploads\/2024\/02\/OPTIKOP-Combi_termek.jpg","contentUrl":"https:\/\/gyogylezer.hu\/wp-content\/uploads\/2024\/02\/OPTIKOP-Combi_termek.jpg","width":1000,"height":1000},{"@type":"BreadcrumbList","@id":"https:\/\/gyogylezer.hu\/product\/optikop-combi-ketdiodas-professzionalis-kezi-lezer\/#breadcrumb","itemListElement":[{"@type":"ListItem","position":1,"name":"Home","item":"https:\/\/gyogylezer.hu\/en\/"},{"@type":"ListItem","position":2,"name":"Devices","item":"https:\/\/gyogylezer.hu\/keszulekek\/"},{"@type":"ListItem","position":3,"name":"Optikop Combi two-diode professional manual laser"}]},{"@type":"WebSite","@id":"https:\/\/gyogylezer.hu\/#website","url":"https:\/\/gyogylezer.hu\/","name":"Gy\u00f3gyl\u00e9zer Csal\u00e1d - Optikop gy\u00f3gyl\u00e9zerek","description":"L\u00e1gyl\u00e9zer a f\u00e1jdalommentes gy\u00f3gyul\u00e1s\u00e9rt","publisher":{"@id":"https:\/\/gyogylezer.hu\/#organization"},"potentialAction":[{"@type":"SearchAction","target":{"@type":"EntryPoint","urlTemplate":"https:\/\/gyogylezer.hu\/?s={search_term_string}"},"query-input":{"@type":"PropertyValueSpecification","valueRequired":true,"valueName":"search_term_string"}}],"inLanguage":"en-US"},{"@type":"Organization","@id":"https:\/\/gyogylezer.hu\/#organization","name":"Gy\u00f3gyl\u00e9zer Csal\u00e1d Kft.","url":"https:\/\/gyogylezer.hu\/","logo":{"@type":"ImageObject","inLanguage":"en-US","@id":"https:\/\/gyogylezer.hu\/#\/schema\/logo\/image\/","url":"https:\/\/gyogylezer.hu\/wp-content\/uploads\/2022\/06\/optikop-logo-hu.png","contentUrl":"https:\/\/gyogylezer.hu\/wp-content\/uploads\/2022\/06\/optikop-logo-hu.png","width":400,"height":127,"caption":"Gy\u00f3gyl\u00e9zer Csal\u00e1d Kft."},"image":{"@id":"https:\/\/gyogylezer.hu\/#\/schema\/logo\/image\/"},"sameAs":["https:\/\/www.facebook.com\/Gyogylezer","https:\/\/www.youtube.com\/channel\/UCuRZ8IpdGjhPiy5ZFBxiP8w"]}]}},"_links":{"self":[{"href":"https:\/\/gyogylezer.hu\/en\/wp-json\/wp\/v2\/product\/1313","targetHints":{"allow":["GET"]}}],"collection":[{"href":"https:\/\/gyogylezer.hu\/en\/wp-json\/wp\/v2\/product"}],"about":[{"href":"https:\/\/gyogylezer.hu\/en\/wp-json\/wp\/v2\/types\/product"}],"version-history":[{"count":0,"href":"https:\/\/gyogylezer.hu\/en\/wp-json\/wp\/v2\/product\/1313\/revisions"}],"wp:featuredmedia":[{"embeddable":true,"href":"https:\/\/gyogylezer.hu\/en\/wp-json\/wp\/v2\/media\/1096"}],"wp:attachment":[{"href":"https:\/\/gyogylezer.hu\/en\/wp-json\/wp\/v2\/media?parent=1313"}],"wp:term":[{"taxonomy":"product_brand","embeddable":true,"href":"https:\/\/gyogylezer.hu\/en\/wp-json\/wp\/v2\/product_brand?post=1313"},{"taxonomy":"product_cat","embeddable":true,"href":"https:\/\/gyogylezer.hu\/en\/wp-json\/wp\/v2\/product_cat?post=1313"},{"taxonomy":"product_tag","embeddable":true,"href":"https:\/\/gyogylezer.hu\/en\/wp-json\/wp\/v2\/product_tag?post=1313"}],"curies":[{"name":"wp","href":"https:\/\/api.w.org\/{rel}","templated":true}]}}